{"id":1010,"date":"2021-12-16T12:29:40","date_gmt":"2021-12-16T12:29:40","guid":{"rendered":"https:\/\/sti.hn\/wp2\/?post_type=product&#038;p=1010"},"modified":"2022-04-24T21:19:03","modified_gmt":"2022-04-24T21:19:03","slug":"envasadora-vertical-con-dosificador-de-tornillo-vfj-p420","status":"publish","type":"product","link":"https:\/\/sti.hn\/wp2\/producto\/envasadora-vertical-con-dosificador-de-tornillo-vfj-p420\/","title":{"rendered":"Envasadora vertical con dosificador de tornillo VFJ-P420"},"content":{"rendered":"<p><a href=\"https:\/\/sti.hn\/wp2\/wp-content\/uploads\/2021\/12\/vfj-420.jpg\"><img loading=\"lazy\" decoding=\"async\" class=\"aligncenter wp-image-1011 size-full\" src=\"https:\/\/sti.hn\/wp2\/wp-content\/uploads\/2021\/12\/vfj-420.jpg\" alt=\"\" width=\"787\" height=\"486\" srcset=\"https:\/\/sti.hn\/wp2\/wp-content\/uploads\/2021\/12\/vfj-420.jpg 787w, https:\/\/sti.hn\/wp2\/wp-content\/uploads\/2021\/12\/vfj-420-300x185.jpg 300w, https:\/\/sti.hn\/wp2\/wp-content\/uploads\/2021\/12\/vfj-420-768x474.jpg 768w, https:\/\/sti.hn\/wp2\/wp-content\/uploads\/2021\/12\/vfj-420-600x371.jpg 600w\" sizes=\"auto, (max-width: 787px) 100vw, 787px\" \/><\/a><\/p>\n","protected":false},"excerpt":{"rendered":"<p><strong>Aplicaci\u00f3n:<\/strong><br \/>\nHarina, chocolate, cacao, especias, condimentos, curry, pimienta, leche en polvo,<br \/>\npolvo de color, cosm\u00e9ticos&#8230;etc, para sectores alimenticios , industria y farmac\u00e9utico<\/p>\n<p><strong>Caracter\u00edstica:<\/strong><br \/>\n\u2022 Alimentaci\u00f3n, dosificaci\u00f3n y sellado autom\u00e1tico, sencillo y velocidad r\u00e1pida<br \/>\n\u2022 Utiliza accesorios el\u00e9ctricos de larga vida, como Siemens, Omron, Schneider..etc<br \/>\n\u2022 El sistema de contador de polvo utiliza de Servo Motor \u2022\\ Control de PLC,<br \/>\ndosificaci\u00f3n y parado autom\u00e1tico<br \/>\n\u2022 Puede hacer bolsa de fuelle(P460)<br \/>\nParte combinado:<br \/>\n\u2022 Envsadora vertical VFFS<br \/>\n\u2022 Dosificador de tornillo<br \/>\n\u2022 Elevador de tornillo<br \/>\n\u2022 Cinta de transportadora de bolsa acabada<br \/>\n\u2022 Chequeador de peso<br \/>\n\u2022 Detectador de metal<\/p>\n","protected":false},"featured_media":1013,"template":"","meta":{"neve_meta_sidebar":"","neve_meta_container":"","neve_meta_enable_content_width":"off","neve_meta_content_width":100,"neve_meta_title_alignment":"","neve_meta_author_avatar":"","neve_post_elements_order":"","neve_meta_disable_header":"","neve_meta_disable_footer":"","neve_meta_disable_title":""},"class_list":["post-1010","product","type-product","status-publish","has-post-thumbnail","hentry","product_cat-envasavfj"],"_links":{"self":[{"href":"https:\/\/sti.hn\/wp2\/wp-json\/wp\/v2\/product\/1010","targetHints":{"allow":["GET"]}}],"collection":[{"href":"https:\/\/sti.hn\/wp2\/wp-json\/wp\/v2\/product"}],"about":[{"href":"https:\/\/sti.hn\/wp2\/wp-json\/wp\/v2\/types\/product"}],"version-history":[{"count":2,"href":"https:\/\/sti.hn\/wp2\/wp-json\/wp\/v2\/product\/1010\/revisions"}],"predecessor-version":[{"id":1774,"href":"https:\/\/sti.hn\/wp2\/wp-json\/wp\/v2\/product\/1010\/revisions\/1774"}],"wp:featuredmedia":[{"embeddable":true,"href":"https:\/\/sti.hn\/wp2\/wp-json\/wp\/v2\/media\/1013"}],"wp:attachment":[{"href":"https:\/\/sti.hn\/wp2\/wp-json\/wp\/v2\/media?parent=1010"}],"curies":[{"name":"wp","href":"https:\/\/api.w.org\/{rel}","templated":true}]}}