{"id":1112,"date":"2022-03-06T17:15:18","date_gmt":"2022-03-06T17:15:18","guid":{"rendered":"https:\/\/sti.hn\/wp2\/?post_type=product&#038;p=1112"},"modified":"2022-04-24T21:31:58","modified_gmt":"2022-04-24T21:31:58","slug":"maquina-extrusora-de-alimentos-con-cabeza-rotatoria","status":"publish","type":"product","link":"https:\/\/sti.hn\/wp2\/producto\/maquina-extrusora-de-alimentos-con-cabeza-rotatoria\/","title":{"rendered":"MAQUINA EXTRUSORA DE ALIMENTOS CON CABEZA ROTATORIA"},"content":{"rendered":"<p>\u00bfPor que elegir nuestra maquina extrusora de alimentos con cabeza rotatoria?<br \/>\n1. La maquina extrusora de alimentos ha sido dise\u00f1ada basada en la tecnolog\u00eda \u00fanica de extrusi\u00f3n, que garantiza que el snack terminado sea crocante y crujiente.<br \/>\n2. Est\u00e9ticamente dise\u00f1ado, y equipado con un sistema de control de alta presi\u00f3n lo que hace que la operaci\u00f3n sea simple y conveniente.<br \/>\n3. El componente clave de la maquina extrusora de alimentos es hecho utilizando bronce, lo cual garantiza una buena Resistencia a la abrasi\u00f3n y una larga vida \u00fatil.<br \/>\n4. El alimentador vibratorio permite que la s\u00e9mola de ma\u00edz sea alimentada al barril de manera suave y uniforme.<\/p>\n<p><a href=\"https:\/\/sti.hn\/wp2\/wp-content\/uploads\/2022\/03\/churritos.png\"><img loading=\"lazy\" decoding=\"async\" class=\"aligncenter size-full wp-image-1113\" src=\"https:\/\/sti.hn\/wp2\/wp-content\/uploads\/2022\/03\/churritos.png\" alt=\"\" width=\"641\" height=\"357\" srcset=\"https:\/\/sti.hn\/wp2\/wp-content\/uploads\/2022\/03\/churritos.png 641w, https:\/\/sti.hn\/wp2\/wp-content\/uploads\/2022\/03\/churritos-300x167.png 300w, https:\/\/sti.hn\/wp2\/wp-content\/uploads\/2022\/03\/churritos-600x334.png 600w\" sizes=\"auto, (max-width: 641px) 100vw, 641px\" \/><\/a><\/p>\n<p>Ventajas:<br \/>\n1.Su transportador neum\u00e1tico hace que el proceso de descarga sea mas simple.<br \/>\n2. Su tolva cuenta con una ventana para poder observar la cantidad de materia prima que se est\u00e1 utilizando.<br \/>\n3. El motor vibratorio en la tolva garantiza la eficiencia de alimentaci\u00f3n de materiales.<br \/>\n4. Su inversor, interruptores y otros dispositivos electr\u00f3nicos son provistos por empresas de renombre, tales como FUJI, LG y DELTA.<br \/>\n5. Su motor principal es fabricado por Siemens, este garantiza que la m\u00e1quina tenga un excelente desempe\u00f1o.<\/p>\n<p><a href=\"https:\/\/sti.hn\/wp2\/wp-content\/uploads\/2022\/03\/esprotatoria.png\"><img loading=\"lazy\" decoding=\"async\" class=\"aligncenter size-full wp-image-1118\" src=\"https:\/\/sti.hn\/wp2\/wp-content\/uploads\/2022\/03\/esprotatoria.png\" alt=\"\" width=\"661\" height=\"219\" srcset=\"https:\/\/sti.hn\/wp2\/wp-content\/uploads\/2022\/03\/esprotatoria.png 661w, https:\/\/sti.hn\/wp2\/wp-content\/uploads\/2022\/03\/esprotatoria-300x99.png 300w, https:\/\/sti.hn\/wp2\/wp-content\/uploads\/2022\/03\/esprotatoria-600x199.png 600w\" sizes=\"auto, (max-width: 661px) 100vw, 661px\" \/><\/a><\/p>\n","protected":false},"excerpt":{"rendered":"<p>La extrusora con cabezal rotatorio se utiliza principalmente para la producci\u00f3n de alimentos fritos tales como: Kurkure, Cheetos y Niknaks hechos de s\u00e9mola u otros. Nuestra tecnolog\u00eda de extrusi\u00f3n hace posible la producci\u00f3n de alimentos de alta calidad en diversos di\u00e1metros y longitudes.<\/p>\n","protected":false},"featured_media":1114,"template":"","meta":{"neve_meta_sidebar":"","neve_meta_container":"","neve_meta_enable_content_width":"off","neve_meta_content_width":100,"neve_meta_title_alignment":"","neve_meta_author_avatar":"","neve_post_elements_order":"","neve_meta_disable_header":"","neve_meta_disable_footer":"","neve_meta_disable_title":""},"class_list":["post-1112","product","type-product","status-publish","has-post-thumbnail","hentry","product_cat-maquisnack"],"_links":{"self":[{"href":"https:\/\/sti.hn\/wp2\/wp-json\/wp\/v2\/product\/1112","targetHints":{"allow":["GET"]}}],"collection":[{"href":"https:\/\/sti.hn\/wp2\/wp-json\/wp\/v2\/product"}],"about":[{"href":"https:\/\/sti.hn\/wp2\/wp-json\/wp\/v2\/types\/product"}],"version-history":[{"count":7,"href":"https:\/\/sti.hn\/wp2\/wp-json\/wp\/v2\/product\/1112\/revisions"}],"predecessor-version":[{"id":1776,"href":"https:\/\/sti.hn\/wp2\/wp-json\/wp\/v2\/product\/1112\/revisions\/1776"}],"wp:featuredmedia":[{"embeddable":true,"href":"https:\/\/sti.hn\/wp2\/wp-json\/wp\/v2\/media\/1114"}],"wp:attachment":[{"href":"https:\/\/sti.hn\/wp2\/wp-json\/wp\/v2\/media?parent=1112"}],"curies":[{"name":"wp","href":"https:\/\/api.w.org\/{rel}","templated":true}]}}