{"id":1121,"date":"2022-03-06T17:44:25","date_gmt":"2022-03-06T17:44:25","guid":{"rendered":"https:\/\/sti.hn\/wp2\/?post_type=product&#038;p=1121"},"modified":"2022-04-24T21:37:23","modified_gmt":"2022-04-24T21:37:23","slug":"maquina-extrusora-de-tornillo-doble","status":"publish","type":"product","link":"https:\/\/sti.hn\/wp2\/producto\/maquina-extrusora-de-tornillo-doble\/","title":{"rendered":"MAQUINA EXTRUSORA DE TORNILLO DOBLE"},"content":{"rendered":"<p><a href=\"https:\/\/sti.hn\/wp2\/wp-content\/uploads\/2022\/03\/24-4-twin-screw-extruder-new-05b.jpg\"><img loading=\"lazy\" decoding=\"async\" class=\"aligncenter size-full wp-image-1125\" src=\"https:\/\/sti.hn\/wp2\/wp-content\/uploads\/2022\/03\/24-4-twin-screw-extruder-new-05b.jpg\" alt=\"\" width=\"500\" height=\"315\" srcset=\"https:\/\/sti.hn\/wp2\/wp-content\/uploads\/2022\/03\/24-4-twin-screw-extruder-new-05b.jpg 500w, https:\/\/sti.hn\/wp2\/wp-content\/uploads\/2022\/03\/24-4-twin-screw-extruder-new-05b-300x189.jpg 300w\" sizes=\"auto, (max-width: 500px) 100vw, 500px\" \/><\/a><\/p>\n<p>Ventajas:<br \/>\n1. Se utiliza t\u00e9cnica de control de frecuencia para el sistema de alimentaci\u00f3n de ingredientes, sistema de transmisi\u00f3n, y sistema de corte. Gracias a esto la fuerza motriz es mas potente, la producci\u00f3n es mucho mas estable y mayor eficiencia energ\u00e9tica.<br \/>\n2. Cuenta con lubricaci\u00f3n autom\u00e1tica y enfriamiento forzado para mayor seguridad y vida \u00fatil m\u00e1s prolongada.<br \/>\n3. El tornillo est\u00e1 hecho con aleaciones especialmente procesadas; por eso el tornillo es m\u00e1s resistente a desgaste y su vida \u00fatil es mucho mas larga.<br \/>\n4. El sistema de extrusi\u00f3n puede cumplir con diversos requerimientos, tan solo necesita cambiar su estructura de acuerdo con tus necesidades de producci\u00f3n.<br \/>\n<a href=\"https:\/\/sti.hn\/wp2\/wp-content\/uploads\/2022\/03\/parametross.png\"><img loading=\"lazy\" decoding=\"async\" class=\"aligncenter size-full wp-image-1122\" src=\"https:\/\/sti.hn\/wp2\/wp-content\/uploads\/2022\/03\/parametross.png\" alt=\"\" width=\"652\" height=\"625\" srcset=\"https:\/\/sti.hn\/wp2\/wp-content\/uploads\/2022\/03\/parametross.png 652w, https:\/\/sti.hn\/wp2\/wp-content\/uploads\/2022\/03\/parametross-300x288.png 300w, https:\/\/sti.hn\/wp2\/wp-content\/uploads\/2022\/03\/parametross-600x575.png 600w\" sizes=\"auto, (max-width: 652px) 100vw, 652px\" \/><\/a><\/p>\n<p><a href=\"https:\/\/sti.hn\/wp2\/wp-content\/uploads\/2022\/03\/inflados.png\"><img loading=\"lazy\" decoding=\"async\" class=\"aligncenter size-full wp-image-1127\" src=\"https:\/\/sti.hn\/wp2\/wp-content\/uploads\/2022\/03\/inflados.png\" alt=\"\" width=\"647\" height=\"457\" srcset=\"https:\/\/sti.hn\/wp2\/wp-content\/uploads\/2022\/03\/inflados.png 647w, https:\/\/sti.hn\/wp2\/wp-content\/uploads\/2022\/03\/inflados-300x212.png 300w, https:\/\/sti.hn\/wp2\/wp-content\/uploads\/2022\/03\/inflados-600x424.png 600w\" sizes=\"auto, (max-width: 647px) 100vw, 647px\" \/><\/a><\/p>\n","protected":false},"excerpt":{"rendered":"<p>La extrusora de tornillo doble es utilizada para extrusi\u00f3n de cereales como el ma\u00edz, trigo, arroz, etc. Gracias al proceso de extrusi\u00f3n y formado se pueden producir diversos tipos de alimentos extruidos y alimentos para mascotas.<\/p>\n","protected":false},"featured_media":1123,"template":"","meta":{"neve_meta_sidebar":"","neve_meta_container":"","neve_meta_enable_content_width":"off","neve_meta_content_width":100,"neve_meta_title_alignment":"","neve_meta_author_avatar":"","neve_post_elements_order":"","neve_meta_disable_header":"","neve_meta_disable_footer":"","neve_meta_disable_title":""},"class_list":["post-1121","product","type-product","status-publish","has-post-thumbnail","hentry","product_cat-maquisnack"],"_links":{"self":[{"href":"https:\/\/sti.hn\/wp2\/wp-json\/wp\/v2\/product\/1121","targetHints":{"allow":["GET"]}}],"collection":[{"href":"https:\/\/sti.hn\/wp2\/wp-json\/wp\/v2\/product"}],"about":[{"href":"https:\/\/sti.hn\/wp2\/wp-json\/wp\/v2\/types\/product"}],"version-history":[{"count":4,"href":"https:\/\/sti.hn\/wp2\/wp-json\/wp\/v2\/product\/1121\/revisions"}],"predecessor-version":[{"id":1380,"href":"https:\/\/sti.hn\/wp2\/wp-json\/wp\/v2\/product\/1121\/revisions\/1380"}],"wp:featuredmedia":[{"embeddable":true,"href":"https:\/\/sti.hn\/wp2\/wp-json\/wp\/v2\/media\/1123"}],"wp:attachment":[{"href":"https:\/\/sti.hn\/wp2\/wp-json\/wp\/v2\/media?parent=1121"}],"curies":[{"name":"wp","href":"https:\/\/api.w.org\/{rel}","templated":true}]}}