{"id":1129,"date":"2022-03-06T18:13:17","date_gmt":"2022-03-06T18:13:17","guid":{"rendered":"https:\/\/sti.hn\/wp2\/?post_type=product&#038;p=1129"},"modified":"2022-03-13T19:58:00","modified_gmt":"2022-03-13T19:58:00","slug":"sistema-saborizador-doble-tambor","status":"publish","type":"product","link":"https:\/\/sti.hn\/wp2\/producto\/sistema-saborizador-doble-tambor\/","title":{"rendered":"SAZONADORA DOBLE CILINDRO"},"content":{"rendered":"<p>1. Principales caracter\u00edsticas:<br \/>\n2. Con Sistema de alimentaci\u00f3n controlada por medio del transportar de producto tipo cinta. Tiene dos tambores para saborizar, el primero es para la pulverizaci\u00f3n de aceite y el segundo, que es mucho m\u00e1s largo que el primero, para la pulverizaci\u00f3n de sabor en polvo.<br \/>\n3. Alimentaci\u00f3n del polvo de condimento por tornillo dosificador, y un sistema de pulverizaci\u00f3n de sabor para garantizar un saborizado homog\u00e9neo.<br \/>\n4. Tambores rotativos con moldeo completo de una sola uni\u00f3n y \u00e1ngulos redondeados, no hay residuos y ser\u00e1n f\u00e1ciles de limpiar.<br \/>\n5. Sistema pulverizador de aceite ajustable para una proporci\u00f3n homog\u00e9nea.<br \/>\n6. Fabricado en acero inoxidable ANSI 304 y cinta PVC, cumple con BPM.<br \/>\n7. Capacidad de 100 a 300 Kg\/hora<br \/>\n8. Potencia: 3.1kw, 230V, 3 PH<br \/>\n9. Dimensiones: 5.0m x 1.0m x 1.90 m<\/p>\n","protected":false},"excerpt":{"rendered":"<p>Sistema de saborizar doble tambor que incluye cuatro partes: un transportador de alimentaci\u00f3n, dos tambores rotativos, un tanque de aceite y pulverizador, un dosificador de tornillo y pulverizador para condimento en polvo.<\/p>\n","protected":false},"featured_media":1131,"template":"","meta":{"neve_meta_sidebar":"","neve_meta_container":"","neve_meta_enable_content_width":"off","neve_meta_content_width":100,"neve_meta_title_alignment":"","neve_meta_author_avatar":"","neve_post_elements_order":"","neve_meta_disable_header":"","neve_meta_disable_footer":"","neve_meta_disable_title":""},"class_list":["post-1129","product","type-product","status-publish","has-post-thumbnail","hentry","product_cat-maquisnack"],"_links":{"self":[{"href":"https:\/\/sti.hn\/wp2\/wp-json\/wp\/v2\/product\/1129","targetHints":{"allow":["GET"]}}],"collection":[{"href":"https:\/\/sti.hn\/wp2\/wp-json\/wp\/v2\/product"}],"about":[{"href":"https:\/\/sti.hn\/wp2\/wp-json\/wp\/v2\/types\/product"}],"version-history":[{"count":3,"href":"https:\/\/sti.hn\/wp2\/wp-json\/wp\/v2\/product\/1129\/revisions"}],"predecessor-version":[{"id":1374,"href":"https:\/\/sti.hn\/wp2\/wp-json\/wp\/v2\/product\/1129\/revisions\/1374"}],"wp:featuredmedia":[{"embeddable":true,"href":"https:\/\/sti.hn\/wp2\/wp-json\/wp\/v2\/media\/1131"}],"wp:attachment":[{"href":"https:\/\/sti.hn\/wp2\/wp-json\/wp\/v2\/media?parent=1129"}],"curies":[{"name":"wp","href":"https:\/\/api.w.org\/{rel}","templated":true}]}}