{"id":1133,"date":"2022-03-06T18:28:50","date_gmt":"2022-03-06T18:28:50","guid":{"rendered":"https:\/\/sti.hn\/wp2\/?post_type=product&#038;p=1133"},"modified":"2022-03-13T20:00:24","modified_gmt":"2022-03-13T20:00:24","slug":"maquina-sazonadora-con-cilindro-sencillo","status":"publish","type":"product","link":"https:\/\/sti.hn\/wp2\/producto\/maquina-sazonadora-con-cilindro-sencillo\/","title":{"rendered":"SAZONADORA CON CILINDRO SENCILLO"},"content":{"rendered":"<p>Caracter\u00edsticas<br \/>\n1. La maquina sazonadora con cilindro sencillo es fabricada con un sistema alimentador y un transportador autom\u00e1tico elevado de materiales.<br \/>\n2. El sabor es alimentado por el tornillo, y un sistema \u00fanico de rociador de saz\u00f3n que roc\u00eda el sabor de forma uniforme.<br \/>\n3. Una pieza de cilindro rotatorio no proporciona \u00e1ngulos muertos.<br \/>\n4. La maquina sazonadora con cilindro sencillo es hecha usando acero inoxidable, lo que ofrece una alta Resistencia de corrosi\u00f3n.<\/p>\n<p><a href=\"https:\/\/sti.hn\/wp2\/wp-content\/uploads\/2022\/03\/tabla.png\"><img loading=\"lazy\" decoding=\"async\" class=\"aligncenter size-full wp-image-1134\" src=\"https:\/\/sti.hn\/wp2\/wp-content\/uploads\/2022\/03\/tabla.png\" alt=\"\" width=\"651\" height=\"231\" srcset=\"https:\/\/sti.hn\/wp2\/wp-content\/uploads\/2022\/03\/tabla.png 651w, https:\/\/sti.hn\/wp2\/wp-content\/uploads\/2022\/03\/tabla-300x106.png 300w, https:\/\/sti.hn\/wp2\/wp-content\/uploads\/2022\/03\/tabla-600x213.png 600w\" sizes=\"auto, (max-width: 651px) 100vw, 651px\" \/><\/a><\/p>\n","protected":false},"excerpt":{"rendered":"<p>Aplicaciones<\/p>\n<p>Esta maquina sazonadora con cilindro sencillo es conveniente para gr\u00e1nulos fritos y snack de chip. El sabor debe ser tipo polvo seco.<\/p>\n","protected":false},"featured_media":1376,"template":"","meta":{"neve_meta_sidebar":"","neve_meta_container":"","neve_meta_enable_content_width":"off","neve_meta_content_width":100,"neve_meta_title_alignment":"","neve_meta_author_avatar":"","neve_post_elements_order":"","neve_meta_disable_header":"","neve_meta_disable_footer":"","neve_meta_disable_title":""},"class_list":["post-1133","product","type-product","status-publish","has-post-thumbnail","hentry","product_cat-maquisnack"],"_links":{"self":[{"href":"https:\/\/sti.hn\/wp2\/wp-json\/wp\/v2\/product\/1133","targetHints":{"allow":["GET"]}}],"collection":[{"href":"https:\/\/sti.hn\/wp2\/wp-json\/wp\/v2\/product"}],"about":[{"href":"https:\/\/sti.hn\/wp2\/wp-json\/wp\/v2\/types\/product"}],"version-history":[{"count":3,"href":"https:\/\/sti.hn\/wp2\/wp-json\/wp\/v2\/product\/1133\/revisions"}],"predecessor-version":[{"id":1377,"href":"https:\/\/sti.hn\/wp2\/wp-json\/wp\/v2\/product\/1133\/revisions\/1377"}],"wp:featuredmedia":[{"embeddable":true,"href":"https:\/\/sti.hn\/wp2\/wp-json\/wp\/v2\/media\/1376"}],"wp:attachment":[{"href":"https:\/\/sti.hn\/wp2\/wp-json\/wp\/v2\/media?parent=1133"}],"curies":[{"name":"wp","href":"https:\/\/api.w.org\/{rel}","templated":true}]}}