{"id":1144,"date":"2022-03-06T20:34:48","date_gmt":"2022-03-06T20:34:48","guid":{"rendered":"https:\/\/sti.hn\/wp2\/?post_type=product&#038;p=1144"},"modified":"2024-09-30T20:45:44","modified_gmt":"2024-09-30T20:45:44","slug":"maquina-para-hornear","status":"publish","type":"product","link":"https:\/\/sti.hn\/wp2\/producto\/maquina-para-hornear\/","title":{"rendered":"M\u00c1QUINA PARA HORNEAR"},"content":{"rendered":"\t\t<div data-elementor-type=\"wp-post\" data-elementor-id=\"1144\" class=\"elementor elementor-1144\" data-elementor-settings=\"[]\">\n\t\t\t\t\t\t\t<div class=\"elementor-section-wrap\">\n\t\t\t\t\t\t\t<section class=\"elementor-section elementor-top-section elementor-element elementor-element-8afcf72 elementor-section-boxed elementor-section-height-default elementor-section-height-default\" data-id=\"8afcf72\" data-element_type=\"section\">\n\t\t\t\t\t\t<div class=\"elementor-container elementor-column-gap-default\">\n\t\t\t\t\t<div class=\"elementor-column elementor-col-100 elementor-top-column elementor-element elementor-element-620316d0\" data-id=\"620316d0\" data-element_type=\"column\">\n\t\t\t<div class=\"elementor-widget-wrap elementor-element-populated\">\n\t\t\t\t\t\t\t\t<div class=\"elementor-element elementor-element-693e8eab elementor-widget elementor-widget-text-editor\" data-id=\"693e8eab\" data-element_type=\"widget\" data-widget_type=\"text-editor.default\">\n\t\t\t\t<div class=\"elementor-widget-container\">\n\t\t\t\t\t<div class=\"elementor-text-editor elementor-clearfix\">Ventajas:\n\n1. Dise\u00f1o compacto; muy f\u00e1cil de operar.\n2. Su sistema de cadena de rodillos hace que la operaci\u00f3n sea mas fluida.\n3. El tiempo y temperatura del horno es configurable, de esta manera se mejora el rendimiento de horneado.\n4. Viene equipada con un sistema de combusti\u00f3n sumamente eficiente, que se caracteriza por su excelente distribuci\u00f3n de calor. Puede llevar a cabo producci\u00f3n en grandes cantidades y con poco consumo de energ\u00eda.\n\n<a href=\"https:\/\/sti.hn\/wp2\/wp-content\/uploads\/2022\/03\/tabla1.png\"><img loading=\"lazy\" decoding=\"async\" class=\"aligncenter size-full wp-image-1147\" src=\"https:\/\/sti.hn\/wp2\/wp-content\/uploads\/2022\/03\/tabla1.png\" alt=\"\" width=\"655\" height=\"1124\" srcset=\"https:\/\/sti.hn\/wp2\/wp-content\/uploads\/2022\/03\/tabla1.png 655w, https:\/\/sti.hn\/wp2\/wp-content\/uploads\/2022\/03\/tabla1-175x300.png 175w, https:\/\/sti.hn\/wp2\/wp-content\/uploads\/2022\/03\/tabla1-597x1024.png 597w, https:\/\/sti.hn\/wp2\/wp-content\/uploads\/2022\/03\/tabla1-600x1030.png 600w\" sizes=\"auto, (max-width: 655px) 100vw, 655px\" \/><\/a><\/div>\n\t\t\t\t<\/div>\n\t\t\t\t<\/div>\n\t\t\t\t\t<\/div>\n\t\t<\/div>\n\t\t\t\t\t\t\t<\/div>\n\t\t<\/section>\n\t\t\t\t\t\t<\/div>\n\t\t\t\t\t<\/div>\n\t\t","protected":false},"excerpt":{"rendered":"<p>Esta m\u00e1quina para hornear se utiliza para hornear los alimentos inflados, tales como tortillas o chips de ma\u00edz. Usted puede escoger una maquina para hornear seg\u00fan su Fuente de calor y longitud requerida.<\/p>\n","protected":false},"featured_media":1145,"template":"","meta":{"neve_meta_sidebar":"","neve_meta_container":"","neve_meta_enable_content_width":"off","neve_meta_content_width":100,"neve_meta_title_alignment":"","neve_meta_author_avatar":"","neve_post_elements_order":"","neve_meta_disable_header":"","neve_meta_disable_footer":"","neve_meta_disable_title":""},"class_list":["post-1144","product","type-product","status-publish","has-post-thumbnail","hentry","product_cat-maquisnack"],"_links":{"self":[{"href":"https:\/\/sti.hn\/wp2\/wp-json\/wp\/v2\/product\/1144","targetHints":{"allow":["GET"]}}],"collection":[{"href":"https:\/\/sti.hn\/wp2\/wp-json\/wp\/v2\/product"}],"about":[{"href":"https:\/\/sti.hn\/wp2\/wp-json\/wp\/v2\/types\/product"}],"version-history":[{"count":5,"href":"https:\/\/sti.hn\/wp2\/wp-json\/wp\/v2\/product\/1144\/revisions"}],"predecessor-version":[{"id":2251,"href":"https:\/\/sti.hn\/wp2\/wp-json\/wp\/v2\/product\/1144\/revisions\/2251"}],"wp:featuredmedia":[{"embeddable":true,"href":"https:\/\/sti.hn\/wp2\/wp-json\/wp\/v2\/media\/1145"}],"wp:attachment":[{"href":"https:\/\/sti.hn\/wp2\/wp-json\/wp\/v2\/media?parent=1144"}],"curies":[{"name":"wp","href":"https:\/\/api.w.org\/{rel}","templated":true}]}}