{"id":1150,"date":"2022-03-06T20:54:03","date_gmt":"2022-03-06T20:54:03","guid":{"rendered":"https:\/\/sti.hn\/wp2\/?post_type=product&#038;p=1150"},"modified":"2022-03-06T20:54:30","modified_gmt":"2022-03-06T20:54:30","slug":"mvs35-x","status":"publish","type":"product","link":"https:\/\/sti.hn\/wp2\/producto\/mvs35-x\/","title":{"rendered":"MVS35 X"},"content":{"rendered":"<p>Puntos de fuerza:<\/p>\n<p> Est\u00e9tica<br \/>\n Pantalla\/panel de mandos frontal.<br \/>\nLa colaboraci\u00f3n con importantes chefs durante la fase de realizaci\u00f3n y dise\u00f1o de la pantalla nos ha permitido enriquecer las funciones ofrecidas por el panel de mandos, teniendo en cuenta las exigencias espec\u00edficas de los usuarios profesionales.<\/p>\n<p>Est\u00e1 previsto adem\u00e1s, el kit para la introducci\u00f3n del gas inerte como opcional.<\/p>\n<p>El panel de mando permite configurar hasta 10 programas personalizados La pantalla visualiza, con un mensaje adecuado, la necesidad de cambiar el aceite.<\/p>\n<p>El teclado t\u00e1ctil (membran switch) es adhesivo y est\u00e1 pegado en la parte frontal de la carrocer\u00eda; esto impide la entrada de l\u00edquidos en la tarjeta.<\/p>\n<p>Un sensor electr\u00f3nico de \u00faltima generaci\u00f3n, que interpreta los datos directamente en la tarjeta, lee el grado de vac\u00edo realizado dentro de la c\u00e1mara; es posible, adem\u00e1s, ajustar la m\u00e1quina una vez que haya sido colocada en su posici\u00f3n final por el usuario, para corregir posibles variaciones de presi\u00f3n atmosf\u00e9rica, en base a las distintas alturas.<\/p>\n<p>CARACTER\u00cdSTICAS T\u00c9CNICAS<br \/>\nAlimentaci\u00f3n el\u00e9ctrica\t120V 60Hz 1Ph<br \/>\n230V 50\/60Hz 1Ph<br \/>\nPotencia m\u00e1x. instalada\t0,9 kW (120V)<br \/>\n0,82 kW (230V)<br \/>\nCorriente m\u00e1xima\t7,5 A (120V)<br \/>\n3,5 A (230V)<br \/>\nDimensiones barras soldadoras\t310 mm<br \/>\n(nr.1 frontal)<br \/>\nCiclo de envasado (Vac\u00edo 99,9%)\tVac\u00edo= 22 s<br \/>\nIntroducci\u00f3n aire= 7 s<br \/>\nBomba vac\u00edo\t10 mc<br \/>\nDimensiones m\u00e1quina (tapa abierta)\t390x617x634 mm<br \/>\nDimensiones m\u00e1quina (tapa cerrada)\t390x617x317 mm<br \/>\nPeso m\u00e1quina (Neto\/Bruto)\t45\/53 kg<br \/>\nDimensiones \u00fatiles c\u00e1mara<br \/>\n(Cuba+tapa)\t325&#215;243,5&#215;184 mm<\/p>\n","protected":false},"excerpt":{"rendered":"<p>ENVASADO AL VAC\u00cdO DE BANCO &#8211; BARRA SELLADORA 310 MM<br \/>\nM\u00c1QUINAS DE ENVASADO AL VAC\u00cdO DE MESA<\/p>\n","protected":false},"featured_media":1151,"template":"","meta":{"neve_meta_sidebar":"","neve_meta_container":"","neve_meta_enable_content_width":"off","neve_meta_content_width":100,"neve_meta_title_alignment":"","neve_meta_author_avatar":"","neve_post_elements_order":"","neve_meta_disable_header":"","neve_meta_disable_footer":"","neve_meta_disable_title":""},"class_list":["post-1150","product","type-product","status-publish","has-post-thumbnail","hentry","product_cat-vacio"],"_links":{"self":[{"href":"https:\/\/sti.hn\/wp2\/wp-json\/wp\/v2\/product\/1150","targetHints":{"allow":["GET"]}}],"collection":[{"href":"https:\/\/sti.hn\/wp2\/wp-json\/wp\/v2\/product"}],"about":[{"href":"https:\/\/sti.hn\/wp2\/wp-json\/wp\/v2\/types\/product"}],"version-history":[{"count":2,"href":"https:\/\/sti.hn\/wp2\/wp-json\/wp\/v2\/product\/1150\/revisions"}],"predecessor-version":[{"id":1153,"href":"https:\/\/sti.hn\/wp2\/wp-json\/wp\/v2\/product\/1150\/revisions\/1153"}],"wp:featuredmedia":[{"embeddable":true,"href":"https:\/\/sti.hn\/wp2\/wp-json\/wp\/v2\/media\/1151"}],"wp:attachment":[{"href":"https:\/\/sti.hn\/wp2\/wp-json\/wp\/v2\/media?parent=1150"}],"curies":[{"name":"wp","href":"https:\/\/api.w.org\/{rel}","templated":true}]}}