{"id":1154,"date":"2022-03-06T21:00:29","date_gmt":"2022-03-06T21:00:29","guid":{"rendered":"https:\/\/sti.hn\/wp2\/?post_type=product&#038;p=1154"},"modified":"2024-09-30T20:44:45","modified_gmt":"2024-09-30T20:44:45","slug":"mvs45l-x","status":"publish","type":"product","link":"https:\/\/sti.hn\/wp2\/producto\/mvs45l-x\/","title":{"rendered":"MVS45L X"},"content":{"rendered":"\t\t<div data-elementor-type=\"wp-post\" data-elementor-id=\"1154\" class=\"elementor elementor-1154\" data-elementor-settings=\"[]\">\n\t\t\t\t\t\t\t<div class=\"elementor-section-wrap\">\n\t\t\t\t\t\t\t<section class=\"elementor-section elementor-top-section elementor-element elementor-element-d67a496 elementor-section-boxed elementor-section-height-default elementor-section-height-default\" data-id=\"d67a496\" data-element_type=\"section\">\n\t\t\t\t\t\t<div class=\"elementor-container elementor-column-gap-default\">\n\t\t\t\t\t<div class=\"elementor-column elementor-col-100 elementor-top-column elementor-element elementor-element-12623a02\" data-id=\"12623a02\" data-element_type=\"column\">\n\t\t\t<div class=\"elementor-widget-wrap elementor-element-populated\">\n\t\t\t\t\t\t\t\t<div class=\"elementor-element elementor-element-38bcc233 elementor-widget elementor-widget-text-editor\" data-id=\"38bcc233\" data-element_type=\"widget\" data-widget_type=\"text-editor.default\">\n\t\t\t\t<div class=\"elementor-widget-container\">\n\t\t\t\t\t<div class=\"elementor-text-editor elementor-clearfix\">MVS45L X\nLa l\u00ednea MVS X posee contenidos tecnol\u00f3gicos y funcionales de alt\u00edsima calidad, pero conserva la m\u00e1xima simplicidad de uso. La colaboraci\u00f3n con importantes chefs durante la fase de realizaci\u00f3n y dise\u00f1o de la pantalla nos ha permitido enriquecer las funciones ofrecidas por el panel de mandos, teniendo en cuenta las exigencias espec\u00edficas de los usuarios profesionales.\n\nEl teclado t\u00e1ctil (membran switch) es adhesivo y est\u00e1 pegado en la parte frontal de la carrocer\u00eda; esto impide la entrada de l\u00edquidos en la tarjeta. El panel de mando permite configurar hasta 10 programas personalizados\n\nLa pantalla visualiza, con un mensaje adecuado, la necesidad de cambiar el aceite. El sensor electr\u00f3nico interpreta los datos directamente desde la tarjeta y lee el grado de vac\u00edo realizado dentro de la c\u00e1mara. Por \u00faltimo, es posible ajustar la m\u00e1quina para corregir posibles variaciones de presi\u00f3n atmosf\u00e9rica a distintas alturas.\n\nMVS45L X\nLa l\u00ednea MVS X posee contenidos tecnol\u00f3gicos y funcionales de alt\u00edsima calidad, pero conserva la m\u00e1xima simplicidad de uso. La colaboraci\u00f3n con importantes chefs durante la fase de realizaci\u00f3n y dise\u00f1o de la pantalla nos ha permitido enriquecer las funciones ofrecidas por el panel de mandos, teniendo en cuenta las exigencias espec\u00edficas de los usuarios profesionales.\n\nEl teclado t\u00e1ctil (membran switch) es adhesivo y est\u00e1 pegado en la parte frontal de la carrocer\u00eda; esto impide la entrada de l\u00edquidos en la tarjeta. El panel de mando permite configurar hasta 10 programas personalizados\n\nLa pantalla visualiza, con un mensaje adecuado, la necesidad de cambiar el aceite. El sensor electr\u00f3nico interpreta los datos directamente desde la tarjeta y lee el grado de vac\u00edo realizado dentro de la c\u00e1mara. Por \u00faltimo, es posible ajustar la m\u00e1quina para corregir posibles variaciones de presi\u00f3n atmosf\u00e9rica a distintas alturas.\n\nCARACTER\u00cdSTICAS T\u00c9CNICAS\nAcero inoxidable (AISI 304)\nCiclo al vac\u00edo con parada\nDispositivo corte de residuos de la bolsa\nBarra soldadora de aluminio con empalme r\u00e1pido\nTapa pl\u00e1stica transparente para uso alimentario\nSensor volum\u00e9trico para detecci\u00f3n vac\u00edo\nTablas de relleno de PE-HD\n10 programas personalizables\nAutoajuste\nSeguridad en sobrecarga de la barra soldadora\nTestigo se\u00f1alizaci\u00f3n de aceite y asistencia\nCertificaci\u00f3n CE &#8211; ETL \u2013 NSF.\n<h4 class=\"h4\">CARACTER\u00cdSTICAS T\u00c9CNICAS<\/h4>\n<div class=\"table-area\">\n<div class=\"table-holder exp3\">\n<table>\n<tbody>\n<tr>\n<td class=\"col1\"><\/td>\n<td class=\"col2\">MVS45L X\nBarra frontal<\/td>\n<td class=\"col2\">MVS45L X 2\nBarras Laterales<\/td>\n<\/tr>\n<tr class=\"even\">\n<td class=\"col1\">Alimentaci\u00f3n el\u00e9ctrica<\/td>\n<td class=\"col2\">120V 60Hz 1Ph\n230V 50\/60Hz 1Ph<\/td>\n<td class=\"col2\">120V 60Hz 1Ph\n230V 50\/60Hz 1Ph<\/td>\n<\/tr>\n<tr>\n<td class=\"col1\">Potencia m\u00e1x. instalada<\/td>\n<td class=\"col2\">1,4 kW (120V)\n1,1 kW (230V)<\/td>\n<td class=\"col2\">1,4 kW (120V)\n1,1 kW (230V)<\/td>\n<\/tr>\n<tr class=\"even\">\n<td class=\"col1\">Corriente m\u00e1xima<\/td>\n<td class=\"col2\">13 A (120V)\n6 A (230V)<\/td>\n<td class=\"col2\">13 A (120V)\n6 A (230V)<\/td>\n<\/tr>\n<tr>\n<td class=\"col1\">Dimensiones barras soldadoras<\/td>\n<td class=\"col2\">450 mm\n(nr.1 frontal)<\/td>\n<td class=\"col2\">450 mm\n(nr.2 laterales)<\/td>\n<\/tr>\n<tr class=\"even\">\n<td class=\"col1\">Ciclo de envasado\n(Vac\u00edo 99,9%)<\/td>\n<td class=\"col2\">Vac\u00edo= 24 s\nIntroducci\u00f3n aire= 8 s<\/td>\n<td class=\"col2\">Vac\u00edo= 24 s\nIntroducci\u00f3n aire= 8 s<\/td>\n<\/tr>\n<tr>\n<td class=\"col1\">Bomba vac\u00edo<\/td>\n<td class=\"col2\">20 mc<\/td>\n<td class=\"col2\">20 mc<\/td>\n<\/tr>\n<tr class=\"even\">\n<td class=\"col1\">Altura plano de trabajo<\/td>\n<td class=\"col2\">889 mm<\/td>\n<td class=\"col2\">889 mm<\/td>\n<\/tr>\n<tr>\n<td class=\"col1\">Dimensiones m\u00e1quina\n(tapa abierta)<\/td>\n<td class=\"col2\">546x676x1200 mm<\/td>\n<td class=\"col2\">546x676x1200 mm<\/td>\n<\/tr>\n<tr class=\"even\">\n<td class=\"col1\">Dimensiones m\u00e1quina\n(tapa cerrada)<\/td>\n<td class=\"col2\">546x676x1012 mm<\/td>\n<td class=\"col2\">546x676x1012 mm<\/td>\n<\/tr>\n<tr>\n<td class=\"col1\">Peso m\u00e1quina (Neto\/Bruto)<\/td>\n<td class=\"col2\">104\/129 kg<\/td>\n<td class=\"col2\">104\/129 kg<\/td>\n<\/tr>\n<tr class=\"even\">\n<td class=\"col1\">Dimensiones \u00fatiles c\u00e1mara\n(Cuba+tapa)<\/td>\n<td class=\"col2\">466&#215;405,5&#215;226 mm<\/td>\n<td class=\"col2\">351x466x226 mm<\/td>\n<\/tr>\n<\/tbody>\n<\/table>\n<\/div>\n<\/div><\/div>\n\t\t\t\t<\/div>\n\t\t\t\t<\/div>\n\t\t\t\t\t<\/div>\n\t\t<\/div>\n\t\t\t\t\t\t\t<\/div>\n\t\t<\/section>\n\t\t\t\t\t\t<\/div>\n\t\t\t\t\t<\/div>\n\t\t","protected":false},"excerpt":{"rendered":"<p>ENVASADO AL VAC\u00cdO SOBRE CARRO &#8211; BARRA SELLADORA 450 MM<br \/>\nM\u00c1QUINAS AL VAC\u00cdO SOBRE CARRO<\/p>\n","protected":false},"featured_media":1155,"template":"","meta":{"neve_meta_sidebar":"","neve_meta_container":"","neve_meta_enable_content_width":"off","neve_meta_content_width":100,"neve_meta_title_alignment":"","neve_meta_author_avatar":"","neve_post_elements_order":"","neve_meta_disable_header":"","neve_meta_disable_footer":"","neve_meta_disable_title":""},"class_list":["post-1154","product","type-product","status-publish","has-post-thumbnail","hentry","product_cat-vacio"],"_links":{"self":[{"href":"https:\/\/sti.hn\/wp2\/wp-json\/wp\/v2\/product\/1154","targetHints":{"allow":["GET"]}}],"collection":[{"href":"https:\/\/sti.hn\/wp2\/wp-json\/wp\/v2\/product"}],"about":[{"href":"https:\/\/sti.hn\/wp2\/wp-json\/wp\/v2\/types\/product"}],"version-history":[{"count":4,"href":"https:\/\/sti.hn\/wp2\/wp-json\/wp\/v2\/product\/1154\/revisions"}],"predecessor-version":[{"id":2247,"href":"https:\/\/sti.hn\/wp2\/wp-json\/wp\/v2\/product\/1154\/revisions\/2247"}],"wp:featuredmedia":[{"embeddable":true,"href":"https:\/\/sti.hn\/wp2\/wp-json\/wp\/v2\/media\/1155"}],"wp:attachment":[{"href":"https:\/\/sti.hn\/wp2\/wp-json\/wp\/v2\/media?parent=1154"}],"curies":[{"name":"wp","href":"https:\/\/api.w.org\/{rel}","templated":true}]}}