{"id":1158,"date":"2022-03-06T21:05:43","date_gmt":"2022-03-06T21:05:43","guid":{"rendered":"https:\/\/sti.hn\/wp2\/?post_type=product&#038;p=1158"},"modified":"2022-03-06T21:06:55","modified_gmt":"2022-03-06T21:06:55","slug":"mvs45l-xp","status":"publish","type":"product","link":"https:\/\/sti.hn\/wp2\/producto\/mvs45l-xp\/","title":{"rendered":"MVS45L XP"},"content":{"rendered":"<h3><strong>Una serie de ventajas excepcionales<\/strong><\/h3>\n<ul>\n<li><strong>PANTALLA DE CONTROL<\/strong>\u00a0de nueva concepci\u00f3n y de cristales l\u00edquidos: facilita informaci\u00f3n acerca del envasado y se caracteriza por la simplicidad y rapidez de gesti\u00f3n de las configuraciones operativas y por la posibilidad de programar las intervenciones t\u00e9cnicas y de asistencia en la m\u00e1quina en la sede del usuario.<\/li>\n<li><strong>DIAGN\u00d3STICO PRELIMINAR\u00a0<\/strong>de los problemas t\u00e9cnicos de la m\u00e1quina directamente desde la pantalla, a trav\u00e9s de las funciones de chequeo sin necesidad de abrir la m\u00e1quina<\/li>\n<li>Posibilidad de volver a seleccionar los tipos de producto a envasar, divididos por macrocategor\u00edas (carne, pescado, queso, verdura, etc.)<\/li>\n<li>Posibilidad de introducir el gas inerte (ej.: FOOD1-2-3) y configurar (dentro de un submen\u00fa) el porcentaje de gases que componen la mezcla (ej.: O2=10% N=70% CO2=20%), transfiriendo los datos configurados a la etiqueta. La funci\u00f3n alcanza un excelente nivel en presencia de mezcladores externos<\/li>\n<li>Posibilidad de selecci\u00f3n de las subcategor\u00edas (ej.: carne: ternera, buey, aves, cerdo&#8230;) para cada macrocategor\u00eda de producto.<\/li>\n<li>Programaci\u00f3n autom\u00e1tica de las operaciones de envasado con valores sugeridos o por defecto, despu\u00e9s de la selecci\u00f3n de las subcategor\u00edas; quedar\u00eda por programar, facultativamente, la fecha de caducidad<\/li>\n<li>Funci\u00f3n<strong>\u00a0EASY PULSE<\/strong>\u00a0para simplificar la programaci\u00f3n con la ventaja de que el operador puede recuperar las funciones y par\u00e1metros que ya han sido configurados<\/li>\n<li>Opci\u00f3n de impresi\u00f3n, a programar, para la emisi\u00f3n de la etiqueta de certificaci\u00f3n del vac\u00edo y la elecci\u00f3n del n\u00famero de copias a aplicar en cada envase realizado en cada ciclo<\/li>\n<li><strong>SOFT AIR<\/strong>\u00a0electr\u00f3nico, dise\u00f1ado con diferentes niveles de velocidad, para que el aire vuelva a entrar gradualmente dentro de la c\u00e1mara, sin movimientos bruscos del envase (ideal para productos con partes angulosas)<\/li>\n<li>Funci\u00f3n\u00a0<strong>CP-CONDITIONING PROGRAM<\/strong>\u00a0para encender la bomba; permite la eliminaci\u00f3n de emulsiones de aceite y l\u00edquidos que se depositan en el tanque de la bomba. Es aconsejable el uso despu\u00e9s de per\u00edodos prolongados de inactividad de la m\u00e1quina<\/li>\n<li>Opci\u00f3n\u00a0<strong>VAC\u00cdO EXTERNO<\/strong>\u00a0para la realizaci\u00f3n del vac\u00edo dentro de un contenedor externo a la m\u00e1quina y conectado con un tubo directamente al tanque<\/li>\n<li>Posibilidad de realizar el vac\u00edo con configuraci\u00f3n del tiempo, excluyendo la lectura del sensor de vac\u00edo.<\/li>\n<\/ul>\n<h4 class=\"h4\">CARACTER\u00cdSTICAS T\u00c9CNICAS<\/h4>\n<div class=\"table-area\">\n<div class=\"table-holder exp3\">\n<table>\n<tbody>\n<tr>\n<td class=\"col1\"><\/td>\n<td class=\"col2\">MVS45L XP<br \/>\nBarra frontal<\/td>\n<td class=\"col2\">MVS45L XP 2<br \/>\nBarras Laterales<\/td>\n<\/tr>\n<tr class=\"even\">\n<td class=\"col1\">Alimentaci\u00f3n el\u00e9ctrica<\/td>\n<td class=\"col2\">120V 60Hz 1Ph<br \/>\n230V 50\/60Hz 1Ph<\/td>\n<td class=\"col2\">120V 60Hz 1Ph<br \/>\n230V 50\/60Hz 1Ph<\/td>\n<\/tr>\n<tr>\n<td class=\"col1\">Potencia m\u00e1x. instalada<\/td>\n<td class=\"col2\">1,4 kW (120V)<br \/>\n1,1 kW (230V)<\/td>\n<td class=\"col2\">1,4 kW (120V)<br \/>\n1,1 kW (230V)<\/td>\n<\/tr>\n<tr class=\"even\">\n<td class=\"col1\">Corriente m\u00e1xima<\/td>\n<td class=\"col2\">13 A (120V)<br \/>\n6 A (230V)<\/td>\n<td class=\"col2\">13 A (120V)<br \/>\n6 A (230V)<\/td>\n<\/tr>\n<tr>\n<td class=\"col1\">Dimensiones barras soldadoras<\/td>\n<td class=\"col2\">450 mm<br \/>\n(nr.1 frontal)<\/td>\n<td class=\"col2\">450 mm<br \/>\n(nr.2 laterales)<\/td>\n<\/tr>\n<tr class=\"even\">\n<td class=\"col1\">Ciclo de envasado<br \/>\n(Vac\u00edo 99,9%)<\/td>\n<td class=\"col2\">Vac\u00edo= 24 s<br \/>\nIntroducci\u00f3n aire= 8 s<\/td>\n<td class=\"col2\">Vac\u00edo= 24 s<br \/>\nIntroducci\u00f3n aire= 8 s<\/td>\n<\/tr>\n<tr>\n<td class=\"col1\">Bomba vac\u00edo<\/td>\n<td class=\"col2\">20 mc<\/td>\n<td class=\"col2\">20 mc<\/td>\n<\/tr>\n<tr class=\"even\">\n<td class=\"col1\">Altura plano de trabajo<\/td>\n<td class=\"col2\">889 mm<\/td>\n<td class=\"col2\">889 mm<\/td>\n<\/tr>\n<tr>\n<td class=\"col1\">Dimensiones m\u00e1quina<br \/>\n(tapa abierta)<\/td>\n<td class=\"col2\">546x676x1200 mm<\/td>\n<td class=\"col2\">546x676x1200 mm<\/td>\n<\/tr>\n<tr class=\"even\">\n<td class=\"col1\">Dimensiones m\u00e1quina<br \/>\n(tapa cerrada)<\/td>\n<td class=\"col2\">546x676x1012 mm<\/td>\n<td class=\"col2\">546x676x1012 mm<\/td>\n<\/tr>\n<tr>\n<td class=\"col1\">Peso m\u00e1quina (Neto\/Bruto)<\/td>\n<td class=\"col2\">104\/129 kg<\/td>\n<td class=\"col2\">104\/129 kg<\/td>\n<\/tr>\n<tr class=\"even\">\n<td class=\"col1\">Dimensiones \u00fatiles c\u00e1mara<br \/>\n(Cuba+tapa)<\/td>\n<td class=\"col2\">466&#215;405,5&#215;226 mm<\/td>\n<td class=\"col2\">351x466x226 mm<\/td>\n<\/tr>\n<\/tbody>\n<\/table>\n<\/div>\n<\/div>\n","protected":false},"excerpt":{"rendered":"<h4 class=\"h5\">ENVASADO AL VAC\u00cdO SOBRE CARRO &#8211; BARRA SELLADORA 450 MM &#8211; SEGUIMIENTO DEL PROCESO Y ETIQUETADORA<\/h4>\n<p>M\u00c1QUINA DE ENVASADO AL VAC\u00cdO SOBRE CARRO<\/p>\n<h1 class=\"sotto-titolo\">MVS45L XP<\/h1>\n<div class=\"page-text\">\n<p>Con la nueva l\u00ednea\u00a0<strong>MVS XP<\/strong><strong>\u00a0<\/strong>el vac\u00edo dentro del envase puede ser rastreado: es un concepto nuevo y revolucionario para el envasado al vac\u00edo interno.<\/p>\n<p>De hecho, algunos modelos de la gama ofrecen la posibilidad de obtener para cada operaci\u00f3n de envasado una etiqueta en la que est\u00e9n impresas las informaciones esenciales de elaboraci\u00f3n.<\/p>\n<\/div>\n","protected":false},"featured_media":1159,"template":"","meta":{"neve_meta_sidebar":"","neve_meta_container":"","neve_meta_enable_content_width":"off","neve_meta_content_width":100,"neve_meta_title_alignment":"","neve_meta_author_avatar":"","neve_post_elements_order":"","neve_meta_disable_header":"","neve_meta_disable_footer":"","neve_meta_disable_title":""},"class_list":["post-1158","product","type-product","status-publish","has-post-thumbnail","hentry","product_cat-vacio"],"_links":{"self":[{"href":"https:\/\/sti.hn\/wp2\/wp-json\/wp\/v2\/product\/1158","targetHints":{"allow":["GET"]}}],"collection":[{"href":"https:\/\/sti.hn\/wp2\/wp-json\/wp\/v2\/product"}],"about":[{"href":"https:\/\/sti.hn\/wp2\/wp-json\/wp\/v2\/types\/product"}],"version-history":[{"count":3,"href":"https:\/\/sti.hn\/wp2\/wp-json\/wp\/v2\/product\/1158\/revisions"}],"predecessor-version":[{"id":1163,"href":"https:\/\/sti.hn\/wp2\/wp-json\/wp\/v2\/product\/1158\/revisions\/1163"}],"wp:featuredmedia":[{"embeddable":true,"href":"https:\/\/sti.hn\/wp2\/wp-json\/wp\/v2\/media\/1159"}],"wp:attachment":[{"href":"https:\/\/sti.hn\/wp2\/wp-json\/wp\/v2\/media?parent=1158"}],"curies":[{"name":"wp","href":"https:\/\/api.w.org\/{rel}","templated":true}]}}