{"id":1164,"date":"2022-03-06T21:09:54","date_gmt":"2022-03-06T21:09:54","guid":{"rendered":"https:\/\/sti.hn\/wp2\/?post_type=product&#038;p=1164"},"modified":"2024-09-30T20:42:31","modified_gmt":"2024-09-30T20:42:31","slug":"mvs52-x","status":"publish","type":"product","link":"https:\/\/sti.hn\/wp2\/producto\/mvs52-x\/","title":{"rendered":"MVS52 X"},"content":{"rendered":"\t\t<div data-elementor-type=\"wp-post\" data-elementor-id=\"1164\" class=\"elementor elementor-1164\" data-elementor-settings=\"[]\">\n\t\t\t\t\t\t\t<div class=\"elementor-section-wrap\">\n\t\t\t\t\t\t\t<section class=\"elementor-section elementor-top-section elementor-element elementor-element-6c772dd3 elementor-section-boxed elementor-section-height-default elementor-section-height-default\" data-id=\"6c772dd3\" data-element_type=\"section\">\n\t\t\t\t\t\t<div class=\"elementor-container elementor-column-gap-default\">\n\t\t\t\t\t<div class=\"elementor-column elementor-col-100 elementor-top-column elementor-element elementor-element-4d5d6a59\" data-id=\"4d5d6a59\" data-element_type=\"column\">\n\t\t\t<div class=\"elementor-widget-wrap elementor-element-populated\">\n\t\t\t\t\t\t\t\t<div class=\"elementor-element elementor-element-13be5ec elementor-widget elementor-widget-text-editor\" data-id=\"13be5ec\" data-element_type=\"widget\" data-widget_type=\"text-editor.default\">\n\t\t\t\t<div class=\"elementor-widget-container\">\n\t\t\t\t\t<div class=\"elementor-text-editor elementor-clearfix\"><div class=\"page-text\">\n\nLa l\u00ednea\u00a0<strong>MVS X<\/strong>\u00a0posee contenidos tecnol\u00f3gicos y funcionales de alt\u00edsima calidad, pero conserva la m\u00e1xima simplicidad de uso. La colaboraci\u00f3n con importantes chefs durante la fase de realizaci\u00f3n y dise\u00f1o de la pantalla nos ha permitido enriquecer las funciones ofrecidas por el panel de mandos, teniendo en cuenta las exigencias espec\u00edficas de los usuarios profesionales.\n\nEl teclado t\u00e1ctil (membran switch) es adhesivo y est\u00e1 pegado en la parte frontal de la carrocer\u00eda; esto impide la entrada de l\u00edquidos en la tarjeta. El panel de mando permite configurar hasta 10 programas personalizados\n\nLa pantalla visualiza, con un mensaje adecuado, la necesidad de cambiar el aceite. El sensor electr\u00f3nico interpreta los datos directamente desde la tarjeta y lee el grado de vac\u00edo realizado dentro de la c\u00e1mara. Por \u00faltimo, es posible ajustar la m\u00e1quina para corregir posibles variaciones de presi\u00f3n atmosf\u00e9rica a distintas alturas.\n<h4 class=\"h4\">CARACTER\u00cdSTICAS T\u00c9CNICAS<\/h4>\n<div class=\"table-area\">\n<div class=\"table-holder exp3\">\n<table>\n<tbody>\n<tr>\n<td class=\"col1\">Alimentaci\u00f3n el\u00e9ctrica<\/td>\n<td class=\"col2\">120V 60Hz 1Ph\n208V 60Hz 3Ph<\/td>\n<\/tr>\n<tr class=\"even\">\n<td class=\"col1\">Potencia m\u00e1x. instalada<\/td>\n<td class=\"col2\">2,0 kW (120V)<\/td>\n<\/tr>\n<tr>\n<td class=\"col1\">Corriente m\u00e1xima<\/td>\n<td class=\"col2\">17 A (120V)<\/td>\n<\/tr>\n<tr class=\"even\">\n<td class=\"col1\">Dimensiones barras soldadoras<\/td>\n<td class=\"col2\">530 mm (nr. 2 laterales)<\/td>\n<\/tr>\n<tr>\n<td class=\"col1\">Ciclo de envasado (Vac\u00edo 99,9%)<\/td>\n<td class=\"col2\">Vac\u00edo= 22 s\nIntroducci\u00f3n aire= 5 s<\/td>\n<\/tr>\n<tr class=\"even\">\n<td class=\"col1\">Bomba vac\u00edo<\/td>\n<td class=\"col2\">20 mc (1 Ph)\n40 mc (3 Ph)<\/td>\n<\/tr>\n<tr>\n<td class=\"col1\">Altura plano de trabajo<\/td>\n<td class=\"col2\">893 mm<\/td>\n<\/tr>\n<tr class=\"even\">\n<td class=\"col1\">Dimensiones m\u00e1quina (tapa abierta)<\/td>\n<td class=\"col2\">618x785x1277 mm<\/td>\n<\/tr>\n<tr>\n<td class=\"col1\">Dimensiones m\u00e1quina (tapa cerrada)<\/td>\n<td class=\"col2\">618x785x983 mm<\/td>\n<\/tr>\n<tr class=\"even\">\n<td class=\"col1\">Peso m\u00e1quina (Neto\/Bruto)<\/td>\n<td class=\"col2\">130\/155 kg (20m\u00b3)\n152\/177 kg (40m\u00b3)<\/td>\n<\/tr>\n<tr>\n<td class=\"col1\">Dimensiones \u00fatiles c\u00e1mara\n(Cuba+tapa)<\/td>\n<td class=\"col2\">399x519x200 mm<\/td>\n<\/tr>\n<\/tbody>\n<\/table>\n<\/div>\n<\/div>\n<\/div><\/div>\n\t\t\t\t<\/div>\n\t\t\t\t<\/div>\n\t\t\t\t\t<\/div>\n\t\t<\/div>\n\t\t\t\t\t\t\t<\/div>\n\t\t<\/section>\n\t\t\t\t\t\t<\/div>\n\t\t\t\t\t<\/div>\n\t\t","protected":false},"excerpt":{"rendered":"<h4 class=\"h5\">ENVASADO AL VAC\u00cdO SOBRE CARRO &#8211; BARRAS SELLADORAS 530 MM<\/h4>\n<h4>M\u00c1QUINA DE ENVASADO AL VAC\u00cdO SOBRE CARRO<\/h4>\n<p>&nbsp;<\/p>\n","protected":false},"featured_media":1165,"template":"","meta":{"neve_meta_sidebar":"","neve_meta_container":"","neve_meta_enable_content_width":"off","neve_meta_content_width":100,"neve_meta_title_alignment":"","neve_meta_author_avatar":"","neve_post_elements_order":"","neve_meta_disable_header":"","neve_meta_disable_footer":"","neve_meta_disable_title":""},"class_list":["post-1164","product","type-product","status-publish","has-post-thumbnail","hentry","product_cat-vacio"],"_links":{"self":[{"href":"https:\/\/sti.hn\/wp2\/wp-json\/wp\/v2\/product\/1164","targetHints":{"allow":["GET"]}}],"collection":[{"href":"https:\/\/sti.hn\/wp2\/wp-json\/wp\/v2\/product"}],"about":[{"href":"https:\/\/sti.hn\/wp2\/wp-json\/wp\/v2\/types\/product"}],"version-history":[{"count":4,"href":"https:\/\/sti.hn\/wp2\/wp-json\/wp\/v2\/product\/1164\/revisions"}],"predecessor-version":[{"id":2243,"href":"https:\/\/sti.hn\/wp2\/wp-json\/wp\/v2\/product\/1164\/revisions\/2243"}],"wp:featuredmedia":[{"embeddable":true,"href":"https:\/\/sti.hn\/wp2\/wp-json\/wp\/v2\/media\/1165"}],"wp:attachment":[{"href":"https:\/\/sti.hn\/wp2\/wp-json\/wp\/v2\/media?parent=1164"}],"curies":[{"name":"wp","href":"https:\/\/api.w.org\/{rel}","templated":true}]}}