{"id":1168,"date":"2022-03-06T21:15:34","date_gmt":"2022-03-06T21:15:34","guid":{"rendered":"https:\/\/sti.hn\/wp2\/?post_type=product&#038;p=1168"},"modified":"2022-03-06T21:15:34","modified_gmt":"2022-03-06T21:15:34","slug":"mvs52-xp","status":"publish","type":"product","link":"https:\/\/sti.hn\/wp2\/producto\/mvs52-xp\/","title":{"rendered":"MVS52 XP"},"content":{"rendered":"<div class=\"page-text\">\n<p>Con la nueva l\u00ednea MVS XP<strong>\u00a0<\/strong>el vac\u00edo dentro del envase puede ser rastreado: es un concepto nuevo y revolucionario para el envasado al vac\u00edo interno.<\/p>\n<p>De hecho, algunos modelos de la gama ofrecen la posibilidad de obtener para cada operaci\u00f3n de envasado una etiqueta en la que est\u00e9n impresas las informaciones esenciales de elaboraci\u00f3n.<\/p>\n<p>Tambi\u00e9n es de nueva concepci\u00f3n y rica de funciones la pantalla de control, instalada en estas m\u00e1quinas, a la vanguardia de la tecnolog\u00eda del sector alimentario. El panel de mando permite una r\u00e1pida configuraci\u00f3n de las operaciones gracias a su interactividad y facilidad de navegaci\u00f3n, y ayuda al usuario a programar las intervenciones t\u00e9cnicas y de asistencia.<\/p>\n<p>Toda la nueva l\u00ednea de envasado al vac\u00edo XP est\u00e1 certificada por CE\/ETL\/NSF.<\/p>\n<h4 class=\"h4\">CARACTER\u00cdSTICAS T\u00c9CNICAS<\/h4>\n<div class=\"table-area\">\n<div class=\"table-holder exp3\">\n<table>\n<tbody>\n<tr>\n<td class=\"col1\">Alimentaci\u00f3n el\u00e9ctrica<\/td>\n<td class=\"col2\">230V 50\/60Hz 1Ph<\/td>\n<\/tr>\n<tr class=\"even\">\n<td class=\"col1\">Potencia m\u00e1x. instalada<\/td>\n<td class=\"col2\">2 kW<\/td>\n<\/tr>\n<tr>\n<td class=\"col1\">Corriente m\u00e1xima<\/td>\n<td class=\"col2\">9 A<\/td>\n<\/tr>\n<tr class=\"even\">\n<td class=\"col1\">Dimensiones barras soldadoras<\/td>\n<td class=\"col2\">530 mm<br \/>\n(nr. 2 laterales)<\/td>\n<\/tr>\n<tr>\n<td class=\"col1\">Ciclo de envasado (Vac\u00edo 99,9%)<\/td>\n<td class=\"col2\">Vac\u00edo= 22 s<br \/>\nIntroducci\u00f3n aire= 5 s<\/td>\n<\/tr>\n<tr class=\"even\">\n<td class=\"col1\">Bomba vac\u00edo<\/td>\n<td class=\"col2\">20 mc<\/td>\n<\/tr>\n<tr>\n<td class=\"col1\">Altura plano de trabajo<\/td>\n<td class=\"col2\">893 mm<\/td>\n<\/tr>\n<tr class=\"even\">\n<td class=\"col1\">Dimensiones m\u00e1quina (tapa abierta)<\/td>\n<td class=\"col2\">618x785x1277 mm<\/td>\n<\/tr>\n<tr>\n<td class=\"col1\">Dimensiones m\u00e1quina (tapa cerrada)<\/td>\n<td class=\"col2\">618x785x983 mm<\/td>\n<\/tr>\n<tr class=\"even\">\n<td class=\"col1\">Peso m\u00e1quina (Neto\/Bruto)<\/td>\n<td class=\"col2\">130\/155 kg<\/td>\n<\/tr>\n<tr>\n<td class=\"col1\">Dimensiones \u00fatiles c\u00e1mara<br \/>\n(Cuba+tapa)<\/td>\n<td class=\"col2\">399x540x155 mm<\/td>\n<\/tr>\n<\/tbody>\n<\/table>\n<\/div>\n<\/div>\n<\/div>\n","protected":false},"excerpt":{"rendered":"<h4 class=\"h5\">ENVASADO AL VAC\u00cdO SOBRE CARRO &#8211; BARRAS SELLADORAS 530 MM &#8211; SEGUIMIENTO DEL PROCESO Y ETIQUETADORA<\/h4>\n<p>M\u00c1QUINA DE ENVASADO AL VAC\u00cdO SOBRE CARRO<\/p>\n","protected":false},"featured_media":1169,"template":"","meta":{"neve_meta_sidebar":"","neve_meta_container":"","neve_meta_enable_content_width":"off","neve_meta_content_width":100,"neve_meta_title_alignment":"","neve_meta_author_avatar":"","neve_post_elements_order":"","neve_meta_disable_header":"","neve_meta_disable_footer":"","neve_meta_disable_title":""},"class_list":["post-1168","product","type-product","status-publish","has-post-thumbnail","hentry","product_cat-vacio"],"_links":{"self":[{"href":"https:\/\/sti.hn\/wp2\/wp-json\/wp\/v2\/product\/1168","targetHints":{"allow":["GET"]}}],"collection":[{"href":"https:\/\/sti.hn\/wp2\/wp-json\/wp\/v2\/product"}],"about":[{"href":"https:\/\/sti.hn\/wp2\/wp-json\/wp\/v2\/types\/product"}],"version-history":[{"count":1,"href":"https:\/\/sti.hn\/wp2\/wp-json\/wp\/v2\/product\/1168\/revisions"}],"predecessor-version":[{"id":1171,"href":"https:\/\/sti.hn\/wp2\/wp-json\/wp\/v2\/product\/1168\/revisions\/1171"}],"wp:featuredmedia":[{"embeddable":true,"href":"https:\/\/sti.hn\/wp2\/wp-json\/wp\/v2\/media\/1169"}],"wp:attachment":[{"href":"https:\/\/sti.hn\/wp2\/wp-json\/wp\/v2\/media?parent=1168"}],"curies":[{"name":"wp","href":"https:\/\/api.w.org\/{rel}","templated":true}]}}