{"id":1172,"date":"2022-03-06T21:18:23","date_gmt":"2022-03-06T21:18:23","guid":{"rendered":"https:\/\/sti.hn\/wp2\/?post_type=product&#038;p=1172"},"modified":"2022-03-06T21:19:19","modified_gmt":"2022-03-06T21:19:19","slug":"mvs52-dv-x","status":"publish","type":"product","link":"https:\/\/sti.hn\/wp2\/producto\/mvs52-dv-x\/","title":{"rendered":"MVS52 DV X"},"content":{"rendered":"<div class=\"page-text\">\n<p>La l\u00ednea\u00a0<strong>MVS X<\/strong>\u00a0posee contenidos tecnol\u00f3gicos y funcionales de alt\u00edsima calidad, pero conserva la m\u00e1xima simplicidad de uso. La colaboraci\u00f3n con importantes chefs durante la fase de realizaci\u00f3n y dise\u00f1o de la pantalla nos ha permitido enriquecer las funciones ofrecidas por el panel de mandos, teniendo en cuenta las exigencias espec\u00edficas de los usuarios profesionales.<\/p>\n<p>El teclado t\u00e1ctil (membran switch) es adhesivo y est\u00e1 pegado en la parte frontal de la carrocer\u00eda; esto impide la entrada de l\u00edquidos en la tarjeta. El panel de mando permite configurar hasta 10 programas personalizados<\/p>\n<p>La pantalla visualiza, con un mensaje adecuado, la necesidad de cambiar el aceite. El sensor electr\u00f3nico interpreta los datos directamente desde la tarjeta y lee el grado de vac\u00edo realizado dentro de la c\u00e1mara. Por \u00faltimo, es posible ajustar la m\u00e1quina para corregir posibles variaciones de presi\u00f3n atmosf\u00e9rica a distintas alturas.<\/p>\n<h4 class=\"h4\">CARACTER\u00cdSTICAS T\u00c9CNICAS<\/h4>\n<div class=\"table-area\">\n<div class=\"table-holder exp3\">\n<table>\n<tbody>\n<tr>\n<td class=\"col1\">Alimentaci\u00f3n el\u00e9ctrica<\/td>\n<td class=\"col2\">208V 60Hz 3Ph<\/td>\n<\/tr>\n<tr class=\"even\">\n<td class=\"col1\">Potencia m\u00e1x. instalada<\/td>\n<td class=\"col2\">3,6 kW (208V 60Hz)<\/td>\n<\/tr>\n<tr>\n<td class=\"col1\">Corriente m\u00e1xima<\/td>\n<td class=\"col2\">13 A (208V 60Hz)<\/td>\n<\/tr>\n<tr class=\"even\">\n<td class=\"col1\">Dimensiones barras soldadoras<\/td>\n<td class=\"col2\">530 mm<br \/>\n(nr. 2 laterales por cuba &#8211; Tot.4)<\/td>\n<\/tr>\n<tr>\n<td class=\"col1\">Ciclo de envasado<br \/>\n(Vac\u00edo 99,9%)<\/td>\n<td class=\"col2\">Vac\u00edo= 22 s<br \/>\nIntroducci\u00f3n aire= 5 s<\/td>\n<\/tr>\n<tr class=\"even\">\n<td class=\"col1\">Bomba vac\u00edo<\/td>\n<td class=\"col2\">40 mc\/h<\/td>\n<\/tr>\n<tr>\n<td class=\"col1\">Altura plano de trabajo<\/td>\n<td class=\"col2\">893 mm<\/td>\n<\/tr>\n<tr class=\"even\">\n<td class=\"col1\">Dimensiones m\u00e1quina<br \/>\n(tapa abierta)<\/td>\n<td class=\"col2\">1278x784x1344 mm<\/td>\n<\/tr>\n<tr>\n<td class=\"col1\">Dimensiones m\u00e1quina<br \/>\n(tapa cerrada)<\/td>\n<td class=\"col2\">1278x784x985 mm<\/td>\n<\/tr>\n<tr class=\"even\">\n<td class=\"col1\">Peso m\u00e1quina<br \/>\n(Neto\/Bruto)<\/td>\n<td class=\"col2\">268\/300 kg<\/td>\n<\/tr>\n<tr>\n<td class=\"col1\">Dimensiones \u00fatiles c\u00e1mara<br \/>\n(Cuba+tapa)<\/td>\n<td class=\"col2\">399x519x200 mm<br \/>\n(2 cubas)<\/td>\n<\/tr>\n<\/tbody>\n<\/table>\n<\/div>\n<\/div>\n<\/div>\n","protected":false},"excerpt":{"rendered":"<h4 class=\"h5\">ENVASADO AL VAC\u00cdO SOBRE CARRO CON CUBA DOBLE &#8211; BARRAS SELLADORAS 530 MM<\/h4>\n<h4>M\u00c1QUINA DE ENVASADO AL VAC\u00cdO SOBRE CARRO<\/h4>\n<p>&nbsp;<\/p>\n","protected":false},"featured_media":1173,"template":"","meta":{"neve_meta_sidebar":"","neve_meta_container":"","neve_meta_enable_content_width":"off","neve_meta_content_width":100,"neve_meta_title_alignment":"","neve_meta_author_avatar":"","neve_post_elements_order":"","neve_meta_disable_header":"","neve_meta_disable_footer":"","neve_meta_disable_title":""},"class_list":["post-1172","product","type-product","status-publish","has-post-thumbnail","hentry","product_cat-vacio"],"_links":{"self":[{"href":"https:\/\/sti.hn\/wp2\/wp-json\/wp\/v2\/product\/1172","targetHints":{"allow":["GET"]}}],"collection":[{"href":"https:\/\/sti.hn\/wp2\/wp-json\/wp\/v2\/product"}],"about":[{"href":"https:\/\/sti.hn\/wp2\/wp-json\/wp\/v2\/types\/product"}],"version-history":[{"count":2,"href":"https:\/\/sti.hn\/wp2\/wp-json\/wp\/v2\/product\/1172\/revisions"}],"predecessor-version":[{"id":1176,"href":"https:\/\/sti.hn\/wp2\/wp-json\/wp\/v2\/product\/1172\/revisions\/1176"}],"wp:featuredmedia":[{"embeddable":true,"href":"https:\/\/sti.hn\/wp2\/wp-json\/wp\/v2\/media\/1173"}],"wp:attachment":[{"href":"https:\/\/sti.hn\/wp2\/wp-json\/wp\/v2\/media?parent=1172"}],"curies":[{"name":"wp","href":"https:\/\/api.w.org\/{rel}","templated":true}]}}