{"id":1182,"date":"2022-03-06T21:46:06","date_gmt":"2022-03-06T21:46:06","guid":{"rendered":"https:\/\/sti.hn\/wp2\/?post_type=product&#038;p=1182"},"modified":"2022-03-06T21:52:08","modified_gmt":"2022-03-06T21:52:08","slug":"embutidora-hidraulica-de-piston","status":"publish","type":"product","link":"https:\/\/sti.hn\/wp2\/producto\/embutidora-hidraulica-de-piston\/","title":{"rendered":"Embutidora Hidr\u00e1ulica de Pist\u00f3n"},"content":{"rendered":"<h2 class=\"product_title entry-title show-product-nav\">SS-65 Embutidora de pist\u00f3n<\/h2>\n<p>Caracter\u00edsticas est\u00e1ndar:<\/p>\n<p>Operaci\u00f3n manos libres mediante el uso de una palanca de rodilla convenientemente ubicada para controlar la acci\u00f3n de relleno<br \/>\nVelocidad y presi\u00f3n ajustables<br \/>\nEl surtido de tres bocinas rectas en tama\u00f1os de 10 mm, 17 mm y 48 mm proporciona versatilidad al producto<br \/>\nJuntas de pist\u00f3n y tapa f\u00e1cilmente extra\u00edbles para una limpieza r\u00e1pida y f\u00e1cil<br \/>\nOrificio de drenaje en la parte inferior del cilindro para facilitar el lavado<br \/>\nDise\u00f1o que facilita los cambios de aceite, adem\u00e1s de filtros de aceite reemplazables.<\/p>\n<p><a href=\"https:\/\/sti.hn\/wp2\/wp-content\/uploads\/2022\/03\/SS-65-PISTON-STUFFER-1-600x706-1.jpg\"><img loading=\"lazy\" decoding=\"async\" class=\"size-medium wp-image-1183 aligncenter\" src=\"https:\/\/sti.hn\/wp2\/wp-content\/uploads\/2022\/03\/SS-65-PISTON-STUFFER-1-600x706-1-255x300.jpg\" alt=\"\" width=\"255\" height=\"300\" srcset=\"https:\/\/sti.hn\/wp2\/wp-content\/uploads\/2022\/03\/SS-65-PISTON-STUFFER-1-600x706-1-255x300.jpg 255w, https:\/\/sti.hn\/wp2\/wp-content\/uploads\/2022\/03\/SS-65-PISTON-STUFFER-1-600x706-1.jpg 600w\" sizes=\"auto, (max-width: 255px) 100vw, 255px\" \/><\/a><\/p>\n<h2 class=\"product_title entry-title show-product-nav\">SS-100 Embutidora de pist\u00f3n<\/h2>\n<p><span style=\"color: #000000;\">Caracter\u00edsticas est\u00e1ndar:<\/span><br \/>\n<span style=\"color: #000000;\">Operaci\u00f3n manos libres mediante el uso de una palanca de rodilla convenientemente ubicada para controlar la acci\u00f3n de relleno<\/span><br \/>\n<span style=\"color: #000000;\">Velocidad y presi\u00f3n ajustables<\/span><br \/>\n<span style=\"color: #000000;\">Surtido de tres bocinas rectas en tama\u00f1os de 10 mm, 17 mm y 27 mm para versatilidad del producto<\/span><br \/>\n<span style=\"color: #000000;\">Juntas de pist\u00f3n y tapa f\u00e1cilmente extra\u00edbles para una limpieza r\u00e1pida y f\u00e1cil<\/span><br \/>\n<span style=\"color: #000000;\">Orificio de drenaje en la parte inferior del cilindro para facilitar el lavado<\/span><br \/>\n<span style=\"color: #000000;\">Dise\u00f1o que facilita los cambios de aceite, adem\u00e1s de filtros de aceite reemplazables<\/span><\/p>\n<p><a href=\"https:\/\/sti.hn\/wp2\/wp-content\/uploads\/2022\/03\/SS-100-PISTON-STUFFER-1-600x618-1.jpg\"><img loading=\"lazy\" decoding=\"async\" class=\"size-medium wp-image-1184 aligncenter\" src=\"https:\/\/sti.hn\/wp2\/wp-content\/uploads\/2022\/03\/SS-100-PISTON-STUFFER-1-600x618-1-291x300.jpg\" alt=\"\" width=\"291\" height=\"300\" srcset=\"https:\/\/sti.hn\/wp2\/wp-content\/uploads\/2022\/03\/SS-100-PISTON-STUFFER-1-600x618-1-291x300.jpg 291w, https:\/\/sti.hn\/wp2\/wp-content\/uploads\/2022\/03\/SS-100-PISTON-STUFFER-1-600x618-1.jpg 600w\" sizes=\"auto, (max-width: 291px) 100vw, 291px\" \/><\/a><\/p>\n<h2 class=\"product_title entry-title show-product-nav\">SS-50 Embutidora de pist\u00f3n<\/h2>\n<p>Caracter\u00edsticas est\u00e1ndar:<\/p>\n<p>Operaci\u00f3n manos libres mediante el uso de una palanca de rodilla convenientemente ubicada para controlar la acci\u00f3n de relleno<br \/>\nVelocidad y presi\u00f3n ajustables<br \/>\nSurtido de tres bocinas rectas en tama\u00f1os de 10 mm, 17 mm y 48 mm para la versatilidad del producto<br \/>\nJuntas de pist\u00f3n y tapa f\u00e1cilmente extra\u00edbles para una limpieza r\u00e1pida y f\u00e1cil<br \/>\nOrificio de drenaje en la parte inferior del cilindro para facilitar el lavado<br \/>\nDise\u00f1o que facilita los cambios de aceite, adem\u00e1s de filtros de aceite reemplazables<\/p>\n<p><a href=\"https:\/\/sti.hn\/wp2\/wp-content\/uploads\/2022\/03\/SS-50-PISTON-STUFFER-1-600x710-1.jpg\"><img loading=\"lazy\" decoding=\"async\" class=\"size-medium wp-image-1185 aligncenter\" src=\"https:\/\/sti.hn\/wp2\/wp-content\/uploads\/2022\/03\/SS-50-PISTON-STUFFER-1-600x710-1-254x300.jpg\" alt=\"\" width=\"254\" height=\"300\" srcset=\"https:\/\/sti.hn\/wp2\/wp-content\/uploads\/2022\/03\/SS-50-PISTON-STUFFER-1-600x710-1-254x300.jpg 254w, https:\/\/sti.hn\/wp2\/wp-content\/uploads\/2022\/03\/SS-50-PISTON-STUFFER-1-600x710-1.jpg 600w\" sizes=\"auto, (max-width: 254px) 100vw, 254px\" \/><\/a><\/p>\n","protected":false},"excerpt":{"rendered":"<p>Este rellenador de pist\u00f3n port\u00e1til de acero inoxidable, accionado hidr\u00e1ulicamente y con capacidad de 65 lb,, cuenta con operaci\u00f3n manos libres, pist\u00f3n de velocidad variable y f\u00e1cil carga, relleno y limpieza.<\/p>\n","protected":false},"featured_media":1183,"template":"","meta":{"neve_meta_sidebar":"","neve_meta_container":"","neve_meta_enable_content_width":"off","neve_meta_content_width":100,"neve_meta_title_alignment":"","neve_meta_author_avatar":"","neve_post_elements_order":"","neve_meta_disable_header":"","neve_meta_disable_footer":"","neve_meta_disable_title":""},"class_list":["post-1182","product","type-product","status-publish","has-post-thumbnail","hentry","product_cat-embutidora"],"_links":{"self":[{"href":"https:\/\/sti.hn\/wp2\/wp-json\/wp\/v2\/product\/1182","targetHints":{"allow":["GET"]}}],"collection":[{"href":"https:\/\/sti.hn\/wp2\/wp-json\/wp\/v2\/product"}],"about":[{"href":"https:\/\/sti.hn\/wp2\/wp-json\/wp\/v2\/types\/product"}],"version-history":[{"count":7,"href":"https:\/\/sti.hn\/wp2\/wp-json\/wp\/v2\/product\/1182\/revisions"}],"predecessor-version":[{"id":1192,"href":"https:\/\/sti.hn\/wp2\/wp-json\/wp\/v2\/product\/1182\/revisions\/1192"}],"wp:featuredmedia":[{"embeddable":true,"href":"https:\/\/sti.hn\/wp2\/wp-json\/wp\/v2\/media\/1183"}],"wp:attachment":[{"href":"https:\/\/sti.hn\/wp2\/wp-json\/wp\/v2\/media?parent=1182"}],"curies":[{"name":"wp","href":"https:\/\/api.w.org\/{rel}","templated":true}]}}