{"id":1249,"date":"2022-03-12T12:25:30","date_gmt":"2022-03-12T12:25:30","guid":{"rendered":"https:\/\/sti.hn\/wp2\/?post_type=product&#038;p=1249"},"modified":"2024-09-29T17:00:09","modified_gmt":"2024-09-29T17:00:09","slug":"ls99","status":"publish","type":"product","link":"https:\/\/sti.hn\/wp2\/producto\/ls99\/","title":{"rendered":"LS99"},"content":{"rendered":"\t\t<div data-elementor-type=\"wp-post\" data-elementor-id=\"1249\" class=\"elementor elementor-1249\" data-elementor-settings=\"[]\">\n\t\t\t\t\t\t\t<div class=\"elementor-section-wrap\">\n\t\t\t\t\t\t\t<section class=\"elementor-section elementor-top-section elementor-element elementor-element-1e7e0737 elementor-section-boxed elementor-section-height-default elementor-section-height-default\" data-id=\"1e7e0737\" data-element_type=\"section\">\n\t\t\t\t\t\t<div class=\"elementor-container elementor-column-gap-default\">\n\t\t\t\t\t<div class=\"elementor-column elementor-col-100 elementor-top-column elementor-element elementor-element-27585334\" data-id=\"27585334\" data-element_type=\"column\">\n\t\t\t<div class=\"elementor-widget-wrap elementor-element-populated\">\n\t\t\t\t\t\t\t\t<div class=\"elementor-element elementor-element-d2c1074 elementor-widget elementor-widget-text-editor\" data-id=\"d2c1074\" data-element_type=\"widget\" data-widget_type=\"text-editor.default\">\n\t\t\t\t<div class=\"elementor-widget-container\">\n\t\t\t\t\t<div class=\"elementor-text-editor elementor-clearfix\"><h2>INFORMACI\u00d3N T\u00c9CNICA<\/h2>\r\n<table style=\"height: 120px;\" width=\"420\" border=\"1\">\r\n<thead>\r\n<tr>\r\n<th bgcolor=\"#FFC184\">DATOS T\u00c9CNICOS<\/th>\r\n<th bgcolor=\"#F6F6F6\">UM<\/th>\r\n<th bgcolor=\"#F6F6F6\"><\/th>\r\n<\/tr>\r\n<\/thead>\r\n<tbody>\r\n<tr>\r\n<td bgcolor=\"#FFC184\">Motor atador<\/td>\r\n<td bgcolor=\"#F6F6F6\">kW<\/td>\r\n<td bgcolor=\"#F6F6F6\">1,5<\/td>\r\n<\/tr>\r\n<tr>\r\n<td bgcolor=\"#FFC184\">Producci\u00f3n Max<\/td>\r\n<td bgcolor=\"#F6F6F6\">pcs\/min<\/td>\r\n<td bgcolor=\"#F6F6F6\">170<\/td>\r\n<\/tr>\r\n<tr>\r\n<td bgcolor=\"#FFC184\">Peso<\/td>\r\n<td bgcolor=\"#F6F6F6\">kg<\/td>\r\n<td bgcolor=\"#F6F6F6\">143<\/td>\r\n<\/tr>\r\n<\/tbody>\r\n<\/table><\/div>\n\t\t\t\t<\/div>\n\t\t\t\t<\/div>\n\t\t\t\t\t<\/div>\n\t\t<\/div>\n\t\t\t\t\t\t\t<\/div>\n\t\t<\/section>\n\t\t\t\t\t\t<\/div>\n\t\t\t\t\t<\/div>\n\t\t","protected":false},"excerpt":{"rendered":"<p>El modelo LS99, (electro-neum\u00e1tica), trabaja con arrastre manual de la tripa por parte del operario mientras el atado se realiza de modo autom\u00e1tico. Se puede regular el n\u00famero de las vueltas de atado y la presi\u00f3n de cierre de las pinzas, es por lo tanto posible tambi\u00e9n trabajar con tripas particularmente delicadas.<\/p>\n","protected":false},"featured_media":1250,"template":"","meta":{"neve_meta_sidebar":"","neve_meta_container":"","neve_meta_enable_content_width":"off","neve_meta_content_width":100,"neve_meta_title_alignment":"","neve_meta_author_avatar":"","neve_post_elements_order":"","neve_meta_disable_header":"","neve_meta_disable_footer":"","neve_meta_disable_title":""},"class_list":["post-1249","product","type-product","status-publish","has-post-thumbnail","hentry","product_cat-atadoras"],"_links":{"self":[{"href":"https:\/\/sti.hn\/wp2\/wp-json\/wp\/v2\/product\/1249","targetHints":{"allow":["GET"]}}],"collection":[{"href":"https:\/\/sti.hn\/wp2\/wp-json\/wp\/v2\/product"}],"about":[{"href":"https:\/\/sti.hn\/wp2\/wp-json\/wp\/v2\/types\/product"}],"version-history":[{"count":5,"href":"https:\/\/sti.hn\/wp2\/wp-json\/wp\/v2\/product\/1249\/revisions"}],"predecessor-version":[{"id":1282,"href":"https:\/\/sti.hn\/wp2\/wp-json\/wp\/v2\/product\/1249\/revisions\/1282"}],"wp:featuredmedia":[{"embeddable":true,"href":"https:\/\/sti.hn\/wp2\/wp-json\/wp\/v2\/media\/1250"}],"wp:attachment":[{"href":"https:\/\/sti.hn\/wp2\/wp-json\/wp\/v2\/media?parent=1249"}],"curies":[{"name":"wp","href":"https:\/\/api.w.org\/{rel}","templated":true}]}}