{"id":1257,"date":"2022-03-12T12:47:01","date_gmt":"2022-03-12T12:47:01","guid":{"rendered":"https:\/\/sti.hn\/wp2\/?post_type=product&#038;p=1257"},"modified":"2024-09-29T16:59:50","modified_gmt":"2024-09-29T16:59:50","slug":"ls99-es99","status":"publish","type":"product","link":"https:\/\/sti.hn\/wp2\/producto\/ls99-es99\/","title":{"rendered":"LS99 + ES99"},"content":{"rendered":"\t\t<div data-elementor-type=\"wp-post\" data-elementor-id=\"1257\" class=\"elementor elementor-1257\" data-elementor-settings=\"[]\">\n\t\t\t\t\t\t\t<div class=\"elementor-section-wrap\">\n\t\t\t\t\t\t\t<section class=\"elementor-section elementor-top-section elementor-element elementor-element-663f1fb4 elementor-section-boxed elementor-section-height-default elementor-section-height-default\" data-id=\"663f1fb4\" data-element_type=\"section\">\n\t\t\t\t\t\t<div class=\"elementor-container elementor-column-gap-default\">\n\t\t\t\t\t<div class=\"elementor-column elementor-col-100 elementor-top-column elementor-element elementor-element-7ceca7d5\" data-id=\"7ceca7d5\" data-element_type=\"column\">\n\t\t\t<div class=\"elementor-widget-wrap elementor-element-populated\">\n\t\t\t\t\t\t\t\t<div class=\"elementor-element elementor-element-12d2d3d1 elementor-widget elementor-widget-text-editor\" data-id=\"12d2d3d1\" data-element_type=\"widget\" data-widget_type=\"text-editor.default\">\n\t\t\t\t<div class=\"elementor-widget-container\">\n\t\t\t\t\t<div class=\"elementor-text-editor elementor-clearfix\"><h2>INFORMACI\u00d3N T\u00c9CNICA<\/h2>\r\n<table style=\"height: 148px;\" border=\"1\" width=\"431\">\r\n<thead>\r\n<tr>\r\n<th bgcolor=\"#FF7B1A\">DATOS TECNICOS<\/th>\r\n<th bgcolor=\"#FF7B1A\">UM<\/th>\r\n<th bgcolor=\"#FF7B1A\"><\/th>\r\n<\/tr>\r\n<\/thead>\r\n<tbody>\r\n<tr>\r\n<td>Motor atador<\/td>\r\n<td>kW<\/td>\r\n<td>1,5<\/td>\r\n<\/tr>\r\n<tr>\r\n<td>Motor extractor<\/td>\r\n<td>kW<\/td>\r\n<td>1<\/td>\r\n<\/tr>\r\n<tr>\r\n<td>Producci\u00f3n Max<\/td>\r\n<td>pcs\/min<\/td>\r\n<td>170<\/td>\r\n<\/tr>\r\n<tr>\r\n<td>Peso<\/td>\r\n<td>kg<\/td>\r\n<td>218<\/td>\r\n<\/tr>\r\n<\/tbody>\r\n<\/table><\/div>\n\t\t\t\t<\/div>\n\t\t\t\t<\/div>\n\t\t\t\t\t<\/div>\n\t\t<\/div>\n\t\t\t\t\t\t\t<\/div>\n\t\t<\/section>\n\t\t\t\t<section class=\"elementor-section elementor-top-section elementor-element elementor-element-0e9ff72 elementor-section-boxed elementor-section-height-default elementor-section-height-default\" data-id=\"0e9ff72\" data-element_type=\"section\">\n\t\t\t\t\t\t<div class=\"elementor-container elementor-column-gap-default\">\n\t\t\t\t\t<div class=\"elementor-column elementor-col-100 elementor-top-column elementor-element elementor-element-fdf249c\" data-id=\"fdf249c\" data-element_type=\"column\">\n\t\t\t<div class=\"elementor-widget-wrap elementor-element-populated\">\n\t\t\t\t\t\t\t\t<div class=\"elementor-element elementor-element-76ad350 elementor-aspect-ratio-169 elementor-widget elementor-widget-video\" data-id=\"76ad350\" data-element_type=\"widget\" data-settings=\"{&quot;youtube_url&quot;:&quot;https:\\\/\\\/www.youtube.com\\\/watch?v=Lt1DbXykl2w&quot;,&quot;video_type&quot;:&quot;youtube&quot;,&quot;controls&quot;:&quot;yes&quot;,&quot;aspect_ratio&quot;:&quot;169&quot;}\" data-widget_type=\"video.default\">\n\t\t\t\t<div class=\"elementor-widget-container\">\n\t\t\t\t\t<div class=\"elementor-wrapper elementor-fit-aspect-ratio elementor-open-inline\">\n\t\t\t<div class=\"elementor-video\"><\/div>\t\t<\/div>\n\t\t\t\t<\/div>\n\t\t\t\t<\/div>\n\t\t\t\t\t<\/div>\n\t\t<\/div>\n\t\t\t\t\t\t\t<\/div>\n\t\t<\/section>\n\t\t\t\t\t\t<\/div>\n\t\t\t\t\t<\/div>\n\t\t","protected":false},"excerpt":{"rendered":"<p>El modelo LS99+ES99, (electro-neumatica), est\u00e1 dotado de un dispositivo para el avance autom\u00e1tico de la tripa a trav\u00e9s de dos cintas de arrastre y pueden trabajar en l\u00ednea con la m\u00e1quina embutidora. Est\u00e1 provista de serie con un pedal por control remoto Start\/Stop, que le permite al operario comenzar y parar la m\u00e1quina directamente de la embutidora. Un panel de mando de simple uso permite la elecci\u00f3n del largo, de 10 a 1000 mm., la velocidad (independiente del largo hasta a un m\u00e1ximo de 160 atados al minuto), el n\u00famero de vueltas del hilo, el n\u00famero de atados, de la alternancia de embutidos de diferentes longitudes, del espacio entre dos salchichas.<\/p>\n","protected":false},"featured_media":1258,"template":"","meta":{"neve_meta_sidebar":"","neve_meta_container":"","neve_meta_enable_content_width":"off","neve_meta_content_width":100,"neve_meta_title_alignment":"","neve_meta_author_avatar":"","neve_post_elements_order":"","neve_meta_disable_header":"","neve_meta_disable_footer":"","neve_meta_disable_title":""},"class_list":["post-1257","product","type-product","status-publish","has-post-thumbnail","hentry","product_cat-atadoras"],"_links":{"self":[{"href":"https:\/\/sti.hn\/wp2\/wp-json\/wp\/v2\/product\/1257","targetHints":{"allow":["GET"]}}],"collection":[{"href":"https:\/\/sti.hn\/wp2\/wp-json\/wp\/v2\/product"}],"about":[{"href":"https:\/\/sti.hn\/wp2\/wp-json\/wp\/v2\/types\/product"}],"version-history":[{"count":4,"href":"https:\/\/sti.hn\/wp2\/wp-json\/wp\/v2\/product\/1257\/revisions"}],"predecessor-version":[{"id":1393,"href":"https:\/\/sti.hn\/wp2\/wp-json\/wp\/v2\/product\/1257\/revisions\/1393"}],"wp:featuredmedia":[{"embeddable":true,"href":"https:\/\/sti.hn\/wp2\/wp-json\/wp\/v2\/media\/1258"}],"wp:attachment":[{"href":"https:\/\/sti.hn\/wp2\/wp-json\/wp\/v2\/media?parent=1257"}],"curies":[{"name":"wp","href":"https:\/\/api.w.org\/{rel}","templated":true}]}}