{"id":1301,"date":"2022-03-13T17:47:21","date_gmt":"2022-03-13T17:47:21","guid":{"rendered":"https:\/\/sti.hn\/wp2\/?post_type=product&#038;p=1301"},"modified":"2022-03-13T17:47:22","modified_gmt":"2022-03-13T17:47:22","slug":"nsh-150","status":"publish","type":"product","link":"https:\/\/sti.hn\/wp2\/producto\/nsh-150\/","title":{"rendered":"NSH 150"},"content":{"rendered":"<div id=\"anchor_dd78e1dc_caracter--sticas-y-gama-de-uso\" class=\"elementHeadline elementHeadline_var0\">\n<h4>CARACTER\u00cdSTICAS Y GAMA DE USO<\/h4>\n<\/div>\n<div class=\"elementStandard elementContent elementTable\">\n<table class=\"default\">\n<colgroup>\n<col \/>\n<col \/><\/colgroup>\n<tbody>\n<tr>\n<td class=\"highlighted\">Temperatura del hielo:<\/td>\n<td>approx. -8\u00b0C<\/td>\n<\/tr>\n<tr>\n<td class=\"highlighted\">Espesor de las escamas:<\/td>\n<td>approx. 2 mm<\/td>\n<\/tr>\n<tr>\n<td class=\"highlighted\">Particularidades:<\/td>\n<td>M\u00e1quina completa con condensador y agregado frigor\u00edfico<\/td>\n<\/tr>\n<tr>\n<td class=\"highlighted\">Gamas de uso:<\/td>\n<td>Generadora de hielo en escamas con un rendimiento diario de\u00a0<strong>approx. 130 kg de hielo en escamas dentro de 24 horas<\/strong><\/td>\n<\/tr>\n<\/tbody>\n<\/table>\n<\/div>\n<div id=\"anchor_3510e1d3_equipamiento-est--ndar\" class=\"elementHeadline elementHeadline_var0\">\n<h4>EQUIPAMIENTO EST\u00c1NDAR<\/h4>\n<\/div>\n<div class=\"elementText elementText_var0 elementTextListStyle_var0\">\n<ul>\n<li>M\u00e1quina completa con agregado frigor\u00edfico integrado, refrigerado de aire<\/li>\n<li>Principio de la NOCK NSH con plato de generaci\u00f3n de hielo fijo (plato de evaporaci\u00f3n)<\/li>\n<li><strong>NUEVO: agente frigor\u00edfico R449A<\/strong><\/li>\n<li>Desactivaci\u00f3n autom\u00e1tica cuando est\u00e1 lleno el contenedor de hielo<\/li>\n<li>Carcasa de acero inoxidable con pr\u00e1ctica claqueta delantera y asas laterales<\/li>\n<\/ul>\n<\/div>\n<div id=\"anchor_8586710a_Opciones\" class=\"elementHeadline elementHeadline_var0\">\n<h4>OPCIONES<\/h4>\n<\/div>\n<div class=\"elementText elementText_var0 elementTextListStyle_var0\">\n<ul>\n<li><strong>Contenedor de hielo NEV 100<\/strong>, volumen aprox. 100 kg de hielo en escamas, acero inoxidable, aislado, cubierta grande para sacar el hielo, fondo soldado impermeablemente con apertura para la salida de agua de\u00a0 \u00be\u201c<\/li>\n<\/ul>\n<\/div>\n<div id=\"anchor_e61e63f4_datos-t--cnicos\" class=\"elementHeadline elementHeadline_var0\">\n<h4>DATOS T\u00c9CNICOS<\/h4>\n<\/div>\n<div class=\"elementStandard elementContent elementTable\">\n<table class=\"default\">\n<colgroup>\n<col \/>\n<col \/><\/colgroup>\n<thead>\n<tr>\n<th class=\"highlighted\"><\/th>\n<th>NSH 150<\/th>\n<\/tr>\n<\/thead>\n<tbody>\n<tr>\n<td class=\"highlighted\">Rendimiento de hielo<\/td>\n<td>Aprox. 130 kg de hielo en escamas \/ 24 horas<br \/>\n(a + 20\u00b0C temperatura ambiental y +15\u00b0C temperatura de agua)<\/td>\n<\/tr>\n<tr>\n<td class=\"highlighted\">Agente frigor\u00edfico<\/td>\n<td>R449A<\/td>\n<\/tr>\n<tr>\n<td class=\"highlighted\">Temperaturas ambientales permisibles<\/td>\n<td>+5\u00b0C &lt; t &lt; +25\u00b0C<\/td>\n<\/tr>\n<tr>\n<td class=\"highlighted\">Dimensiones totales Ancho x Alt. x Profund.<br \/>\nsin contenedor de hielo<br \/>\ncon contenedor de hielo NEV 100<\/td>\n<td>\n530 x 800 x 560 mm<br \/>\n530 x 1800 x 1000 mm<\/td>\n<\/tr>\n<tr>\n<td class=\"highlighted\">Peso<br \/>\nsin contenedor de hielo<\/p>\n<p>con contenedor de hielo NEV 100<\/td>\n<td>\n90 kg<br \/>\n160 kg<\/td>\n<\/tr>\n<tr>\n<td class=\"highlighted\">Conexi\u00f3n de agua<\/td>\n<td>\u00be\u201c rosca exterior<\/td>\n<\/tr>\n<tr>\n<td class=\"highlighted\">Conexi\u00f3n el\u00e9ctrica<\/td>\n<td>1 PN &#8211; 230 V &#8211; 50 Hz<br \/>\nEnchufe: CEE 7\/4 (TYP F)<\/td>\n<\/tr>\n<tr>\n<td class=\"highlighted\">Potencia del motor<\/td>\n<td>0,6 kW<\/td>\n<\/tr>\n<\/tbody>\n<\/table>\n<\/div>\n","protected":false},"excerpt":{"rendered":"<p>Generadora de hielo en escamas con un rendimiento diario de approx.\u00a0 130 kg de hielo en escamas por 24 horas<\/p>\n","protected":false},"featured_media":1305,"template":"","meta":{"neve_meta_sidebar":"","neve_meta_container":"","neve_meta_enable_content_width":"off","neve_meta_content_width":100,"neve_meta_title_alignment":"","neve_meta_author_avatar":"","neve_post_elements_order":"","neve_meta_disable_header":"","neve_meta_disable_footer":"","neve_meta_disable_title":""},"class_list":["post-1301","product","type-product","status-publish","has-post-thumbnail","hentry","product_cat-maquinadehielo"],"_links":{"self":[{"href":"https:\/\/sti.hn\/wp2\/wp-json\/wp\/v2\/product\/1301","targetHints":{"allow":["GET"]}}],"collection":[{"href":"https:\/\/sti.hn\/wp2\/wp-json\/wp\/v2\/product"}],"about":[{"href":"https:\/\/sti.hn\/wp2\/wp-json\/wp\/v2\/types\/product"}],"version-history":[{"count":1,"href":"https:\/\/sti.hn\/wp2\/wp-json\/wp\/v2\/product\/1301\/revisions"}],"predecessor-version":[{"id":1306,"href":"https:\/\/sti.hn\/wp2\/wp-json\/wp\/v2\/product\/1301\/revisions\/1306"}],"wp:featuredmedia":[{"embeddable":true,"href":"https:\/\/sti.hn\/wp2\/wp-json\/wp\/v2\/media\/1305"}],"wp:attachment":[{"href":"https:\/\/sti.hn\/wp2\/wp-json\/wp\/v2\/media?parent=1301"}],"curies":[{"name":"wp","href":"https:\/\/api.w.org\/{rel}","templated":true}]}}