{"id":1307,"date":"2022-03-13T17:57:52","date_gmt":"2022-03-13T17:57:52","guid":{"rendered":"https:\/\/sti.hn\/wp2\/?post_type=product&#038;p=1307"},"modified":"2024-09-30T20:32:24","modified_gmt":"2024-09-30T20:32:24","slug":"nsh-400","status":"publish","type":"product","link":"https:\/\/sti.hn\/wp2\/producto\/nsh-400\/","title":{"rendered":"NSH 400"},"content":{"rendered":"\t\t<div data-elementor-type=\"wp-post\" data-elementor-id=\"1307\" class=\"elementor elementor-1307\" data-elementor-settings=\"[]\">\n\t\t\t\t\t\t\t<div class=\"elementor-section-wrap\">\n\t\t\t\t\t\t\t<section class=\"elementor-section elementor-top-section elementor-element elementor-element-6335e8ae elementor-section-boxed elementor-section-height-default elementor-section-height-default\" data-id=\"6335e8ae\" data-element_type=\"section\">\n\t\t\t\t\t\t<div class=\"elementor-container elementor-column-gap-default\">\n\t\t\t\t\t<div class=\"elementor-column elementor-col-100 elementor-top-column elementor-element elementor-element-69b17b2f\" data-id=\"69b17b2f\" data-element_type=\"column\">\n\t\t\t<div class=\"elementor-widget-wrap elementor-element-populated\">\n\t\t\t\t\t\t\t\t<div class=\"elementor-element elementor-element-4e6c3eba elementor-widget elementor-widget-text-editor\" data-id=\"4e6c3eba\" data-element_type=\"widget\" data-widget_type=\"text-editor.default\">\n\t\t\t\t<div class=\"elementor-widget-container\">\n\t\t\t\t\t<div class=\"elementor-text-editor elementor-clearfix\"><div id=\"anchor_dd78e1dc_caracter--sticas-y-gama-de-uso\" class=\"elementHeadline elementHeadline_var0\">\n<h4>CARACTER\u00cdSTICAS Y GAMA DE USO<\/h4>\n<\/div>\n<div class=\"elementStandard elementContent elementTable\">\n<table class=\"default\"><colgroup><col \/><col \/><\/colgroup>\n<tbody>\n<tr>\n<td class=\"highlighted\">Temperatura del hielo:<\/td>\n<td>aprox. -8\u00b0C<\/td>\n<\/tr>\n<tr>\n<td class=\"highlighted\">Espesor de escamas:<\/td>\n<td>aprox. 2 mm<\/td>\n<\/tr>\n<tr>\n<td class=\"highlighted\">Particularidades:<\/td>\n<td>M\u00e1quina completa con evaporador y agregado frigor\u00edfico<\/td>\n<\/tr>\n<tr>\n<td class=\"highlighted\">Gamas de uso:<\/td>\n<td>Generadora de hielo en escamas con un rendimiento diario de\u00a0<strong>aprox. 400 kg hielo dentro de 24 horas<\/strong><\/td>\n<\/tr>\n<\/tbody>\n<\/table>\n<\/div>\n<div id=\"anchor_3510e1d3_equipamiento-est--ndar\" class=\"elementHeadline elementHeadline_var0\">\n<h4>EQUIPAMIENTO EST\u00c1NDAR<\/h4>\n<\/div>\n<div class=\"elementText elementText_var0 elementTextListStyle_var0\">\n<ul>\n \t<li>M\u00e1quina completa con agregado frigor\u00edfico integrado, refrigerado por aire<\/li>\n \t<li>Principio de las NOCK NSH con plancha generadora de hielo fija (plancha de evaporaci\u00f3n)<\/li>\n \t<li>NUEVO: agente frigor\u00edfico R449A<\/li>\n \t<li>Desactivaci\u00f3n autom\u00e1tica cuando est\u00e1 lleno el contenedor de almacenamiento<\/li>\n \t<li>Carcasa de acero inoxidable<\/li>\n<\/ul>\n<\/div>\n<div id=\"anchor_8586710a_Opciones\" class=\"elementHeadline elementHeadline_var0\">\n<h4>OPCIONES<\/h4>\n<\/div>\n<div class=\"elementText elementText_var0 elementTextListStyle_var0\">\n<ul>\n \t<li><strong>Contenedor de almacenamiento NEV 210<\/strong>, volumen aprox. 210 kg, acero inoxidable, aislado, Edelstahl, isoliert, claqueta grande para sacar el hielo, fondo soldado\u00a0 impermeablemente con abertura para la salida del agua de \u00be\u201c<\/li>\n<\/ul>\n<\/div>\n<div id=\"anchor_e61e63f4_datos-t--cnicos\" class=\"elementHeadline elementHeadline_var0\">\n<h4>DATOS T\u00c9CNICOS<\/h4>\n<\/div>\n<div class=\"elementStandard elementContent elementTable\">\n<table class=\"default\"><colgroup><col \/><col \/><\/colgroup>\n<thead>\n<tr>\n<th class=\"highlighted\"><\/th>\n<th>NSH 400<\/th>\n<\/tr>\n<\/thead>\n<tbody>\n<tr>\n<td class=\"highlighted\">Rendimiento de hielo<\/td>\n<td>approx. 400 kg hielo en escamas \/ 24 horas\n(con+ 20\u00b0C temperatura ambiental y +15\u00b0C temperatura del agua)<\/td>\n<\/tr>\n<tr>\n<td class=\"highlighted\">Agente frigor\u00edfico<\/td>\n<td>R449A<\/td>\n<\/tr>\n<tr>\n<td class=\"highlighted\">Temperaturas ambientales permisibles<\/td>\n<td>+5\u00b0C &lt; t &lt; +25\u00b0C<\/td>\n<\/tr>\n<tr>\n<td class=\"highlighted\">Dimensiones totales Ancho x Alt. x Profund.\nsin contenedor de almacenamiento NEV 210\ncon contenedor de almacenamiento NEV 210<\/td>\n<td>\n750 x 1000 x 800 mm\n750 x 2000 x 1000 mm<\/td>\n<\/tr>\n<tr>\n<td class=\"highlighted\">Peso\nsin contenedor de almacenamiento NEV 210\ncon contenedor de almacenamiento NEV 210<\/td>\n<td>\n170 kg\n250 kg<\/td>\n<\/tr>\n<tr>\n<td class=\"highlighted\">Conexi\u00f3n de agua<\/td>\n<td>\u00be\u201c rosca exterior<\/td>\n<\/tr>\n<tr>\n<td class=\"highlighted\">Conexi\u00f3n el\u00e9ctrica<\/td>\n<td>3 PN &#8211; 400 V &#8211; 50 Hz\nenchufe: IEC 60309 16A 6h<\/td>\n<\/tr>\n<tr>\n<td class=\"highlighted\">Potencia del motor<\/td>\n<td>1,5 kW<\/td>\n<\/tr>\n<\/tbody>\n<\/table>\n<\/div><\/div>\n\t\t\t\t<\/div>\n\t\t\t\t<\/div>\n\t\t\t\t\t<\/div>\n\t\t<\/div>\n\t\t\t\t\t\t\t<\/div>\n\t\t<\/section>\n\t\t\t\t\t\t<\/div>\n\t\t\t\t\t<\/div>\n\t\t","protected":false},"excerpt":{"rendered":"<p>Generadora de hielo en escamas con un rendimiento diario de aprox. 400 kg hielo dentro de 24 horas<\/p>\n","protected":false},"featured_media":1308,"template":"","meta":{"neve_meta_sidebar":"","neve_meta_container":"","neve_meta_enable_content_width":"off","neve_meta_content_width":100,"neve_meta_title_alignment":"","neve_meta_author_avatar":"","neve_post_elements_order":"","neve_meta_disable_header":"","neve_meta_disable_footer":"","neve_meta_disable_title":""},"class_list":["post-1307","product","type-product","status-publish","has-post-thumbnail","hentry","product_cat-maquinadehielo"],"_links":{"self":[{"href":"https:\/\/sti.hn\/wp2\/wp-json\/wp\/v2\/product\/1307","targetHints":{"allow":["GET"]}}],"collection":[{"href":"https:\/\/sti.hn\/wp2\/wp-json\/wp\/v2\/product"}],"about":[{"href":"https:\/\/sti.hn\/wp2\/wp-json\/wp\/v2\/types\/product"}],"version-history":[{"count":4,"href":"https:\/\/sti.hn\/wp2\/wp-json\/wp\/v2\/product\/1307\/revisions"}],"predecessor-version":[{"id":2239,"href":"https:\/\/sti.hn\/wp2\/wp-json\/wp\/v2\/product\/1307\/revisions\/2239"}],"wp:featuredmedia":[{"embeddable":true,"href":"https:\/\/sti.hn\/wp2\/wp-json\/wp\/v2\/media\/1308"}],"wp:attachment":[{"href":"https:\/\/sti.hn\/wp2\/wp-json\/wp\/v2\/media?parent=1307"}],"curies":[{"name":"wp","href":"https:\/\/api.w.org\/{rel}","templated":true}]}}