{"id":1319,"date":"2022-03-13T18:22:18","date_gmt":"2022-03-13T18:22:18","guid":{"rendered":"https:\/\/sti.hn\/wp2\/?post_type=product&#038;p=1319"},"modified":"2024-09-29T16:59:21","modified_gmt":"2024-09-29T16:59:21","slug":"nre-2800","status":"publish","type":"product","link":"https:\/\/sti.hn\/wp2\/producto\/nre-2800\/","title":{"rendered":"NRE 2800"},"content":{"rendered":"\t\t<div data-elementor-type=\"wp-post\" data-elementor-id=\"1319\" class=\"elementor elementor-1319\" data-elementor-settings=\"[]\">\n\t\t\t\t\t\t\t<div class=\"elementor-section-wrap\">\n\t\t\t\t\t\t\t<section class=\"elementor-section elementor-top-section elementor-element elementor-element-6e59db7e elementor-section-boxed elementor-section-height-default elementor-section-height-default\" data-id=\"6e59db7e\" data-element_type=\"section\">\n\t\t\t\t\t\t<div class=\"elementor-container elementor-column-gap-default\">\n\t\t\t\t\t<div class=\"elementor-column elementor-col-100 elementor-top-column elementor-element elementor-element-21c2decb\" data-id=\"21c2decb\" data-element_type=\"column\">\n\t\t\t<div class=\"elementor-widget-wrap elementor-element-populated\">\n\t\t\t\t\t\t\t\t<div class=\"elementor-element elementor-element-66d2b8d8 elementor-widget elementor-widget-text-editor\" data-id=\"66d2b8d8\" data-element_type=\"widget\" data-widget_type=\"text-editor.default\">\n\t\t\t\t<div class=\"elementor-widget-container\">\n\t\t\t\t\t<div class=\"elementor-text-editor elementor-clearfix\"><div id=\"anchor_dd78e1dc_caracter--sticas-y-gama-de-uso\" class=\"elementHeadline elementHeadline_var0\">\r\n<h4>CARACTER\u00cdSTICAS Y GAMA DE USO<\/h4>\r\n<\/div>\r\n<div class=\"elementStandard elementContent elementTable\">\r\n<table class=\"default\"><colgroup><col \/><col \/><\/colgroup>\r\n<tbody>\r\n<tr>\r\n<td class=\"highlighted\">Temperatura de hielo:<\/td>\r\n<td>aprox. -8\u00b0C<\/td>\r\n<\/tr>\r\n<tr>\r\n<td class=\"highlighted\">Espesor de escamas:<\/td>\r\n<td>aprox. 2 mm<\/td>\r\n<\/tr>\r\n<tr>\r\n<td class=\"highlighted\">Particularidades:<\/td>\r\n<td>\r\n<ul>\r\n \t<li><\/li>\r\n \t<li>M\u00e1quina completa con evaporador y agregado frigor\u00edfico\r\n<ul>\r\n \t<li>Evaporador rotativo horizontal<\/li>\r\n<\/ul>\r\n<\/li>\r\n \t<li style=\"list-style-type: none;\">\r\n<ul>\r\n \t<li><strong>Separaci\u00f3n constructiva del agregado del evaporador y la ba\u00f1era<\/strong><\/li>\r\n<\/ul>\r\n<\/li>\r\n \t<li style=\"list-style-type: none;\">\r\n<ul>\r\n \t<li><strong>Ba\u00f1era fija de acero inoxidable con distancia grande el cilindro evaporador y abertura grande para la salida del agua<\/strong><\/li>\r\n<\/ul>\r\n<\/li>\r\n \t<li style=\"list-style-type: none;\">\r\n<ul>\r\n \t<li><strong>Gracias a esto, limpieza diaria y desinfecci\u00f3n muy f\u00e1cil con alta presi\u00f3n y espuma como con otras m\u00e1quinas de procesamiento de alimentos, no es necesario desmontar la ba\u00f1era de acero inoxidable<\/strong><\/li>\r\n<\/ul>\r\n<\/li>\r\n \t<li style=\"list-style-type: none;\">\r\n<ul>\r\n \t<li>Carcasa de acero inoxidable<\/li>\r\n<\/ul>\r\n<\/li>\r\n<\/ul>\r\n<\/td>\r\n<\/tr>\r\n<tr>\r\n<td class=\"highlighted\">Gamas de uso:<\/td>\r\n<td>Generadora de hielo con un rendimiento diario de\u00a0<strong>aprox. 2.800 kg de hielo dentro de 24 horas<\/strong><\/td>\r\n<\/tr>\r\n<\/tbody>\r\n<\/table>\r\n<\/div>\r\n<div id=\"anchor_3510e1d3_equipamiento-est--ndar\" class=\"elementHeadline elementHeadline_var0\">\r\n<h4>EQUIPAMIENTO EST\u00c1NDAR<\/h4>\r\n<\/div>\r\n<div class=\"elementText elementText_var0 elementTextListStyle_var0\">\r\n<ul>\r\n \t<li>M\u00e1quina completa con agregado frigor\u00edfico integrado (Bitzer), refrigerado de aire<\/li>\r\n \t<li><strong>NUEVO: agente frigor\u00edfico R449A de poco potencial invernadero y alta eficacia energ\u00e9tica<\/strong><\/li>\r\n \t<li>Carcasa de acero inoxidable<\/li>\r\n<\/ul>\r\n<\/div>\r\n<div id=\"anchor_8586710a_Opciones\" class=\"elementHeadline elementHeadline_var0\">\r\n<h4>OPCIONES<\/h4>\r\n<\/div>\r\n<div class=\"elementText elementText_var0 elementTextListStyle_var0\">\r\n<ul>\r\n \t<li>Versi\u00f3n sin agregado frigor\u00edfico (modelo NRE \/ SK)<\/li>\r\n<\/ul>\r\n<\/div>\r\n<div id=\"anchor_e61e63f4_datos-t--cnicos\" class=\"elementHeadline elementHeadline_var0\">\r\n<h4>DATOS T\u00c9CNICOS<\/h4>\r\n<\/div>\r\n<div class=\"elementStandard elementContent elementTable\">\r\n<table class=\"default\"><colgroup><col \/><col \/><\/colgroup>\r\n<thead>\r\n<tr>\r\n<th class=\"highlighted\"><\/th>\r\n<th>NRE 2800<\/th>\r\n<\/tr>\r\n<\/thead>\r\n<tbody>\r\n<tr>\r\n<td class=\"highlighted\">Rendimiento de hielo<\/td>\r\n<td>aprox. 2.800 kg de hielo en escamas \/ 24 horas\r\n(con+ 25\u00b0C temperatura ambiental y +15\u00b0C temperatura del agua)<\/td>\r\n<\/tr>\r\n<tr>\r\n<td class=\"highlighted\">Refrigeraci\u00f3n<\/td>\r\n<td>aire<\/td>\r\n<\/tr>\r\n<tr>\r\n<td class=\"highlighted\">Agente frigor\u00edfico<\/td>\r\n<td>R449A<\/td>\r\n<\/tr>\r\n<tr>\r\n<td class=\"highlighted\">Temperaturas ambientales permisibles<\/td>\r\n<td>+6\u00b0C &lt; t &lt; +38\u00b0C<\/td>\r\n<\/tr>\r\n<tr>\r\n<td class=\"highlighted\">Dimensiones totales Ancho x Alt. x Profund. (sin bastidor inferior opcional)<\/td>\r\n<td>1800 x 1700 x 1200 mm<\/td>\r\n<\/tr>\r\n<tr>\r\n<td class=\"highlighted\">Peso<\/td>\r\n<td>650 kg<\/td>\r\n<\/tr>\r\n<tr>\r\n<td class=\"highlighted\">Conexi\u00f3n de agua<\/td>\r\n<td>\u00be\u201c rosca exterior; min. 0,5 bar<\/td>\r\n<\/tr>\r\n<tr>\r\n<td class=\"highlighted\">Conexi\u00f3n el\u00e9ctrica<\/td>\r\n<td>3 AC &#8211; 400 V &#8211; 50 Hz\r\nOtros voltajes bajo pedido<\/td>\r\n<\/tr>\r\n<tr>\r\n<td class=\"highlighted\">Potencia del motor<\/td>\r\n<td>10,0 kW<\/td>\r\n<\/tr>\r\n<\/tbody>\r\n<\/table>\r\n<\/div><\/div>\n\t\t\t\t<\/div>\n\t\t\t\t<\/div>\n\t\t\t\t\t<\/div>\n\t\t<\/div>\n\t\t\t\t\t\t\t<\/div>\n\t\t<\/section>\n\t\t\t\t<section class=\"elementor-section elementor-top-section elementor-element elementor-element-2dff3d9 elementor-section-boxed elementor-section-height-default elementor-section-height-default\" data-id=\"2dff3d9\" data-element_type=\"section\">\n\t\t\t\t\t\t<div class=\"elementor-container elementor-column-gap-default\">\n\t\t\t\t\t<div class=\"elementor-column elementor-col-100 elementor-top-column elementor-element elementor-element-371f85b\" data-id=\"371f85b\" data-element_type=\"column\">\n\t\t\t<div class=\"elementor-widget-wrap elementor-element-populated\">\n\t\t\t\t\t\t\t\t<div class=\"elementor-element elementor-element-fbe039c elementor-aspect-ratio-169 elementor-widget elementor-widget-video\" data-id=\"fbe039c\" data-element_type=\"widget\" data-settings=\"{&quot;youtube_url&quot;:&quot;https:\\\/\\\/www.youtube.com\\\/watch?v=N0-F9RPh-G8&quot;,&quot;video_type&quot;:&quot;youtube&quot;,&quot;controls&quot;:&quot;yes&quot;,&quot;aspect_ratio&quot;:&quot;169&quot;}\" data-widget_type=\"video.default\">\n\t\t\t\t<div class=\"elementor-widget-container\">\n\t\t\t\t\t<div class=\"elementor-wrapper elementor-fit-aspect-ratio elementor-open-inline\">\n\t\t\t<div class=\"elementor-video\"><\/div>\t\t<\/div>\n\t\t\t\t<\/div>\n\t\t\t\t<\/div>\n\t\t\t\t\t<\/div>\n\t\t<\/div>\n\t\t\t\t\t\t\t<\/div>\n\t\t<\/section>\n\t\t\t\t\t\t<\/div>\n\t\t\t\t\t<\/div>\n\t\t","protected":false},"excerpt":{"rendered":"<p>Generadora de hielo en escamas con un rendimiento diario de aprox. 2.800 kg de hielo dentro de 24 horas<\/p>\n","protected":false},"featured_media":1320,"template":"","meta":{"neve_meta_sidebar":"","neve_meta_container":"","neve_meta_enable_content_width":"off","neve_meta_content_width":100,"neve_meta_title_alignment":"","neve_meta_author_avatar":"","neve_post_elements_order":"","neve_meta_disable_header":"","neve_meta_disable_footer":"","neve_meta_disable_title":""},"class_list":["post-1319","product","type-product","status-publish","has-post-thumbnail","hentry","product_cat-maquinadehielo"],"_links":{"self":[{"href":"https:\/\/sti.hn\/wp2\/wp-json\/wp\/v2\/product\/1319","targetHints":{"allow":["GET"]}}],"collection":[{"href":"https:\/\/sti.hn\/wp2\/wp-json\/wp\/v2\/product"}],"about":[{"href":"https:\/\/sti.hn\/wp2\/wp-json\/wp\/v2\/types\/product"}],"version-history":[{"count":4,"href":"https:\/\/sti.hn\/wp2\/wp-json\/wp\/v2\/product\/1319\/revisions"}],"predecessor-version":[{"id":1822,"href":"https:\/\/sti.hn\/wp2\/wp-json\/wp\/v2\/product\/1319\/revisions\/1822"}],"wp:featuredmedia":[{"embeddable":true,"href":"https:\/\/sti.hn\/wp2\/wp-json\/wp\/v2\/media\/1320"}],"wp:attachment":[{"href":"https:\/\/sti.hn\/wp2\/wp-json\/wp\/v2\/media?parent=1319"}],"curies":[{"name":"wp","href":"https:\/\/api.w.org\/{rel}","templated":true}]}}