{"id":1327,"date":"2022-03-13T18:50:07","date_gmt":"2022-03-13T18:50:07","guid":{"rendered":"https:\/\/sti.hn\/wp2\/?post_type=product&#038;p=1327"},"modified":"2024-09-29T16:59:03","modified_gmt":"2024-09-29T16:59:03","slug":"afh14","status":"publish","type":"product","link":"https:\/\/sti.hn\/wp2\/producto\/afh14\/","title":{"rendered":"AFH14"},"content":{"rendered":"\t\t<div data-elementor-type=\"wp-post\" data-elementor-id=\"1327\" class=\"elementor elementor-1327\" data-elementor-settings=\"[]\">\n\t\t\t\t\t\t\t<div class=\"elementor-section-wrap\">\n\t\t\t\t\t\t\t<section class=\"elementor-section elementor-top-section elementor-element elementor-element-88d7ea1 elementor-section-boxed elementor-section-height-default elementor-section-height-default\" data-id=\"88d7ea1\" data-element_type=\"section\">\n\t\t\t\t\t\t<div class=\"elementor-container elementor-column-gap-default\">\n\t\t\t\t\t<div class=\"elementor-column elementor-col-100 elementor-top-column elementor-element elementor-element-a6a4dba\" data-id=\"a6a4dba\" data-element_type=\"column\">\n\t\t\t<div class=\"elementor-widget-wrap elementor-element-populated\">\n\t\t\t\t\t\t\t\t<div class=\"elementor-element elementor-element-aca4b70 elementor-aspect-ratio-169 elementor-widget elementor-widget-video\" data-id=\"aca4b70\" data-element_type=\"widget\" data-settings=\"{&quot;youtube_url&quot;:&quot;https:\\\/\\\/www.youtube.com\\\/watch?v=K5gDOS-EPXo&quot;,&quot;video_type&quot;:&quot;youtube&quot;,&quot;controls&quot;:&quot;yes&quot;,&quot;aspect_ratio&quot;:&quot;169&quot;}\" data-widget_type=\"video.default\">\n\t\t\t\t<div class=\"elementor-widget-container\">\n\t\t\t\t\t<div class=\"elementor-wrapper elementor-fit-aspect-ratio elementor-open-inline\">\n\t\t\t<div class=\"elementor-video\"><\/div>\t\t<\/div>\n\t\t\t\t<\/div>\n\t\t\t\t<\/div>\n\t\t\t\t\t<\/div>\n\t\t<\/div>\n\t\t\t\t\t\t\t<\/div>\n\t\t<\/section>\n\t\t\t\t\t\t<\/div>\n\t\t\t\t\t<\/div>\n\t\t","protected":false},"excerpt":{"rendered":"<p>FORMADORA DE HAMBURGUEZA AUTOM\u00c1TICA AFH14<\/p>\n<p>Dispositivo para formar hamburguesas de rodillo giratorio. Se puede conectar a cualquier m\u00e1quina embutidora equipada con un dosificador. Una amplia selecci\u00f3n de rodillos de formaci\u00f3n permite la producci\u00f3n de varios tipos de hamburguesas. Di\u00e1metro de 60 a 120 mm. Grosor m\u00e1ximo 30 mm. Marco m\u00f3vil ajustable en altura. Producci\u00f3n max. 60 porciones \/ minuto. Fuente de alimentaci\u00f3n: 200 V, 50\/60 Hz, monof\u00e1sica<\/p>\n","protected":false},"featured_media":1329,"template":"","meta":{"neve_meta_sidebar":"","neve_meta_container":"","neve_meta_enable_content_width":"off","neve_meta_content_width":100,"neve_meta_title_alignment":"","neve_meta_author_avatar":"","neve_post_elements_order":"","neve_meta_disable_header":"","neve_meta_disable_footer":"","neve_meta_disable_title":""},"class_list":["post-1327","product","type-product","status-publish","has-post-thumbnail","hentry","product_cat-hamburguesas"],"_links":{"self":[{"href":"https:\/\/sti.hn\/wp2\/wp-json\/wp\/v2\/product\/1327","targetHints":{"allow":["GET"]}}],"collection":[{"href":"https:\/\/sti.hn\/wp2\/wp-json\/wp\/v2\/product"}],"about":[{"href":"https:\/\/sti.hn\/wp2\/wp-json\/wp\/v2\/types\/product"}],"version-history":[{"count":8,"href":"https:\/\/sti.hn\/wp2\/wp-json\/wp\/v2\/product\/1327\/revisions"}],"predecessor-version":[{"id":1342,"href":"https:\/\/sti.hn\/wp2\/wp-json\/wp\/v2\/product\/1327\/revisions\/1342"}],"wp:featuredmedia":[{"embeddable":true,"href":"https:\/\/sti.hn\/wp2\/wp-json\/wp\/v2\/media\/1329"}],"wp:attachment":[{"href":"https:\/\/sti.hn\/wp2\/wp-json\/wp\/v2\/media?parent=1327"}],"curies":[{"name":"wp","href":"https:\/\/api.w.org\/{rel}","templated":true}]}}