{"id":1343,"date":"2022-03-13T19:29:54","date_gmt":"2022-03-13T19:29:54","guid":{"rendered":"https:\/\/sti.hn\/wp2\/?post_type=product&#038;p=1343"},"modified":"2024-09-29T16:58:54","modified_gmt":"2024-09-29T16:58:54","slug":"formadora-de-hamburguesas-semi-automatica-mod-s-1100","status":"publish","type":"product","link":"https:\/\/sti.hn\/wp2\/producto\/formadora-de-hamburguesas-semi-automatica-mod-s-1100\/","title":{"rendered":"FORMADORA DE HAMBURGUESAS SEMI-AUTOM\u00c1TICA MOD. S-1100"},"content":{"rendered":"\t\t<div data-elementor-type=\"wp-post\" data-elementor-id=\"1343\" class=\"elementor elementor-1343\" data-elementor-settings=\"[]\">\n\t\t\t\t\t\t\t<div class=\"elementor-section-wrap\">\n\t\t\t\t\t\t\t<section class=\"elementor-section elementor-top-section elementor-element elementor-element-30e1dc45 elementor-section-boxed elementor-section-height-default elementor-section-height-default\" data-id=\"30e1dc45\" data-element_type=\"section\">\n\t\t\t\t\t\t<div class=\"elementor-container elementor-column-gap-default\">\n\t\t\t\t\t<div class=\"elementor-column elementor-col-100 elementor-top-column elementor-element elementor-element-74ac75e7\" data-id=\"74ac75e7\" data-element_type=\"column\">\n\t\t\t<div class=\"elementor-widget-wrap elementor-element-populated\">\n\t\t\t\t\t\t\t\t<div class=\"elementor-element elementor-element-57462b2b elementor-widget elementor-widget-text-editor\" data-id=\"57462b2b\" data-element_type=\"widget\" data-widget_type=\"text-editor.default\">\n\t\t\t\t<div class=\"elementor-widget-container\">\n\t\t\t\t\t<div class=\"elementor-text-editor elementor-clearfix\"><strong class=\"title mainTitle\">CARACTER\u00cdSTICAS T\u00c9CNICAS<\/strong>\n<ul>\n \t<li>Se acopla a cualquier embutidora (salida de 30 mm. de di\u00e1metro exterior).<\/li>\n \t<li>Coloca papel celof\u00e1n por las dos caras autom\u00e1ticamente, y lo corta de la misma forma que la hamburguesa.<\/li>\n \t<li>Produce hamburguesas redondas de 108 mm. u ovaladas de 122 x 90 mm. seg\u00fan pedido.<\/li>\n \t<li>Montada sobre su mesa-soporte o sobremesa normal seg\u00fan pedido.<\/li>\n \t<li>Producci\u00f3n de 20 a 40 hamburguesas \/ minuto (seg\u00fan velocidad de la embutidora y la habilidad en su manejo).<\/li>\n \t<li>Peso de las hamburguesas de 60 a 130 gramos (espesor regulable moviendo un tornillo).<\/li>\n \t<li>Consume bobinas de papel celof\u00e1n.<\/li>\n \t<li>No necesita corriente el\u00e9ctrica.<\/li>\n \t<li>F\u00e1cil de limpiar.<\/li>\n \t<li>Medidas 600 x 200 x 450 mm.<\/li>\n \t<li>Peso de 18 Kg.<\/li>\n \t<li>Construida en Acero Inoxidable.<\/li>\n<\/ul>\n<strong class=\"title mainTitle\">CONSUMIBLES<\/strong>\n<table class=\"tableSupplies\" border=\"0\" cellspacing=\"0\" cellpadding=\"0\">\n<tbody>\n<tr>\n<th colspan=\"2\">Bobinas para hamburguesas ovaladas S-1100, S-1200, R-2000<\/th>\n<\/tr>\n<tr>\n<td class=\"tableCode\">PL91S<\/td>\n<td>Bobina de celof\u00e1n 91 m\/m est\u00e1ndar<\/td>\n<\/tr>\n<tr>\n<td class=\"tableCode\">PL91I<\/td>\n<td>Bobina de celof\u00e1n 91 m\/m impreso<\/td>\n<\/tr>\n<tr>\n<td class=\"tableCode\">PL91IP<\/td>\n<td>Bobina de celof\u00e1n 91 m\/m impresa perejil<\/td>\n<\/tr>\n<tr>\n<td class=\"tableCode\">PP91I-200<\/td>\n<td>Bobina de celof\u00e1n 91 m\/m impresa personalizada (200 bobinas)<\/td>\n<\/tr>\n<tr>\n<td class=\"tableCode\">PP91I-400<\/td>\n<td>Bobina de celof\u00e1n 91 m\/m impresa personalizada (400 bobinas)<\/td>\n<\/tr>\n<tr>\n<td class=\"tableCode\">PP91S-200<\/td>\n<td>Bobina de celof\u00e1n 91 m\/m personalizado en continuo (200 bobinas)<\/td>\n<\/tr>\n<\/tbody>\n<\/table>\n<table class=\"tableSupplies\" border=\"0\" cellspacing=\"0\" cellpadding=\"0\">\n<tbody>\n<tr>\n<th colspan=\"2\">Bobinas para hamburguesas redondas S-1100, S-1200, R-2000<\/th>\n<\/tr>\n<tr>\n<td class=\"tableCode\">PL105S<\/td>\n<td>Bobina de celof\u00e1n 105 m\/m est\u00e1ndar<\/td>\n<\/tr>\n<tr>\n<td class=\"tableCode\">PL105I<\/td>\n<td>Bobina de celof\u00e1n 105 m\/m impresa<\/td>\n<\/tr>\n<tr>\n<td class=\"tableCode\">PL105IP<\/td>\n<td>Bobina de celof\u00e1n 105 m\/m impresa perejil<\/td>\n<\/tr>\n<tr>\n<td class=\"tableCode\">PP105I-200<\/td>\n<td>Bobina de celof\u00e1n 105 m\/m impresa personalizada (200 bobinas)<\/td>\n<\/tr>\n<tr>\n<td class=\"tableCode\">PP105I-400<\/td>\n<td>Bobina de celof\u00e1n 105 m\/m impresa personalizada (400 bobinas)<\/td>\n<\/tr>\n<tr>\n<td class=\"tableCode\">PP105S-200<\/td>\n<td>Bobina de celof\u00e1n 105 m\/m personalizada en continuo (200 bobinas)<\/td>\n<\/tr>\n<tr>\n<td class=\"tableCode\"><\/td>\n<td><\/td>\n<\/tr>\n<\/tbody>\n<\/table>\n&nbsp;<\/div>\n\t\t\t\t<\/div>\n\t\t\t\t<\/div>\n\t\t\t\t\t<\/div>\n\t\t<\/div>\n\t\t\t\t\t\t\t<\/div>\n\t\t<\/section>\n\t\t\t\t<section class=\"elementor-section elementor-top-section elementor-element elementor-element-89771d6 elementor-section-boxed elementor-section-height-default elementor-section-height-default\" data-id=\"89771d6\" data-element_type=\"section\">\n\t\t\t\t\t\t<div class=\"elementor-container elementor-column-gap-default\">\n\t\t\t\t\t<div class=\"elementor-column elementor-col-100 elementor-top-column elementor-element elementor-element-118d70a\" data-id=\"118d70a\" data-element_type=\"column\">\n\t\t\t<div class=\"elementor-widget-wrap elementor-element-populated\">\n\t\t\t\t\t\t\t\t<div class=\"elementor-element elementor-element-2a099d6 elementor-aspect-ratio-169 elementor-widget elementor-widget-video\" data-id=\"2a099d6\" data-element_type=\"widget\" data-settings=\"{&quot;youtube_url&quot;:&quot;https:\\\/\\\/www.youtube.com\\\/watch?v=6P0qVXOSBq0&quot;,&quot;video_type&quot;:&quot;youtube&quot;,&quot;controls&quot;:&quot;yes&quot;,&quot;aspect_ratio&quot;:&quot;169&quot;}\" data-widget_type=\"video.default\">\n\t\t\t\t<div class=\"elementor-widget-container\">\n\t\t\t\t\t<div class=\"elementor-wrapper elementor-fit-aspect-ratio elementor-open-inline\">\n\t\t\t<div class=\"elementor-video\"><\/div>\t\t<\/div>\n\t\t\t\t<\/div>\n\t\t\t\t<\/div>\n\t\t\t\t\t<\/div>\n\t\t<\/div>\n\t\t\t\t\t\t\t<\/div>\n\t\t<\/section>\n\t\t\t\t\t\t<\/div>\n\t\t\t\t\t<\/div>\n\t\t","protected":false},"excerpt":{"rendered":"<p>CARACTER\u00cdSTICAS T\u00c9CNICAS Se acopla a cualquier embutidora (salida de 30 mm. de di\u00e1metro exterior). Coloca papel celof\u00e1n por las dos caras autom\u00e1ticamente, y lo corta de la misma forma que la hamburguesa. Produce hamburguesas redondas de 108 mm. u ovaladas de 122 x 90 mm. seg\u00fan pedido. Montada sobre su mesa-soporte o sobremesa normal seg\u00fan&hellip;&nbsp;<a href=\"https:\/\/sti.hn\/wp2\/producto\/formadora-de-hamburguesas-semi-automatica-mod-s-1100\/\" class=\"\" rel=\"bookmark\">Leer m\u00e1s &raquo;<span class=\"screen-reader-text\">FORMADORA DE HAMBURGUESAS SEMI-AUTOM\u00c1TICA MOD. S-1100<\/span><\/a><\/p>\n","protected":false},"featured_media":1347,"template":"","meta":{"neve_meta_sidebar":"","neve_meta_container":"","neve_meta_enable_content_width":"off","neve_meta_content_width":100,"neve_meta_title_alignment":"","neve_meta_author_avatar":"","neve_post_elements_order":"","neve_meta_disable_header":"","neve_meta_disable_footer":"","neve_meta_disable_title":""},"class_list":["post-1343","product","type-product","status-publish","has-post-thumbnail","hentry","product_cat-hamburguesas"],"_links":{"self":[{"href":"https:\/\/sti.hn\/wp2\/wp-json\/wp\/v2\/product\/1343","targetHints":{"allow":["GET"]}}],"collection":[{"href":"https:\/\/sti.hn\/wp2\/wp-json\/wp\/v2\/product"}],"about":[{"href":"https:\/\/sti.hn\/wp2\/wp-json\/wp\/v2\/types\/product"}],"version-history":[{"count":4,"href":"https:\/\/sti.hn\/wp2\/wp-json\/wp\/v2\/product\/1343\/revisions"}],"predecessor-version":[{"id":1354,"href":"https:\/\/sti.hn\/wp2\/wp-json\/wp\/v2\/product\/1343\/revisions\/1354"}],"wp:featuredmedia":[{"embeddable":true,"href":"https:\/\/sti.hn\/wp2\/wp-json\/wp\/v2\/media\/1347"}],"wp:attachment":[{"href":"https:\/\/sti.hn\/wp2\/wp-json\/wp\/v2\/media?parent=1343"}],"curies":[{"name":"wp","href":"https:\/\/api.w.org\/{rel}","templated":true}]}}