{"id":1427,"date":"2022-03-27T16:56:18","date_gmt":"2022-03-27T16:56:18","guid":{"rendered":"https:\/\/sti.hn\/wp2\/?post_type=product&#038;p=1427"},"modified":"2022-03-27T18:17:51","modified_gmt":"2022-03-27T18:17:51","slug":"cutter-al-vacio","status":"publish","type":"product","link":"https:\/\/sti.hn\/wp2\/producto\/cutter-al-vacio\/","title":{"rendered":"CUTTER TBS"},"content":{"rendered":"<div class=\"n module-type-header diyfeLiveArea \">\n<h4><span class=\"diyfeDecoration\">30 LTR. CUTTER AL VAC\u00cdO<\/span><\/h4>\n<\/div>\n<div class=\"n module-type-text diyfeLiveArea \">\n<p><a href=\"https:\/\/sti.hn\/wp2\/wp-content\/uploads\/2022\/03\/cache_14243065-1.png\"><img loading=\"lazy\" decoding=\"async\" class=\"size-medium wp-image-1429 alignleft\" src=\"https:\/\/sti.hn\/wp2\/wp-content\/uploads\/2022\/03\/cache_14243065-1-225x300.png\" alt=\"\" width=\"225\" height=\"300\" srcset=\"https:\/\/sti.hn\/wp2\/wp-content\/uploads\/2022\/03\/cache_14243065-1-225x300.png 225w, https:\/\/sti.hn\/wp2\/wp-content\/uploads\/2022\/03\/cache_14243065-1.png 470w\" sizes=\"auto, (max-width: 225px) 100vw, 225px\" \/><\/a><\/p>\n<\/div>\n<p>&nbsp;<\/p>\n<p>&nbsp;<\/p>\n<p>&nbsp;<\/p>\n<p>&nbsp;<\/p>\n<p>&nbsp;<\/p>\n<p>&nbsp;<\/p>\n<p>&nbsp;<\/p>\n<h4><\/h4>\n<h4 class=\"n module-type-header diyfeLiveArea \"><span class=\"diyfeDecoration\">130 LTR. <\/span><span class=\"diyfeDecoration\">CUTTER AL VAC\u00cdO<\/span><\/h4>\n<p>&nbsp;<\/p>\n<div class=\"n module-type-hr diyfeLiveArea \"><img loading=\"lazy\" decoding=\"async\" class=\"size-medium wp-image-1430 alignleft\" src=\"https:\/\/sti.hn\/wp2\/wp-content\/uploads\/2022\/03\/cache_14243170-300x225.png\" alt=\"\" width=\"300\" height=\"225\" srcset=\"https:\/\/sti.hn\/wp2\/wp-content\/uploads\/2022\/03\/cache_14243170-300x225.png 300w, https:\/\/sti.hn\/wp2\/wp-content\/uploads\/2022\/03\/cache_14243170-600x450.png 600w, https:\/\/sti.hn\/wp2\/wp-content\/uploads\/2022\/03\/cache_14243170.png 603w\" sizes=\"auto, (max-width: 300px) 100vw, 300px\" \/><\/div>\n<div>\n<h4><\/h4>\n<\/div>\n<p>&nbsp;<\/p>\n<p>&nbsp;<\/p>\n<p>&nbsp;<\/p>\n<p>&nbsp;<\/p>\n<p>&nbsp;<\/p>\n<h4>330 LTR. (VACUUM) BOWL CUTTER<\/h4>\n<p><a href=\"https:\/\/sti.hn\/wp2\/wp-content\/uploads\/2022\/03\/cache_14247617-1.png\"><img loading=\"lazy\" decoding=\"async\" class=\"size-medium wp-image-1450 alignleft\" src=\"https:\/\/sti.hn\/wp2\/wp-content\/uploads\/2022\/03\/cache_14247617-1-300x225.png\" alt=\"\" width=\"300\" height=\"225\" srcset=\"https:\/\/sti.hn\/wp2\/wp-content\/uploads\/2022\/03\/cache_14247617-1-300x225.png 300w, https:\/\/sti.hn\/wp2\/wp-content\/uploads\/2022\/03\/cache_14247617-1-768x575.png 768w, https:\/\/sti.hn\/wp2\/wp-content\/uploads\/2022\/03\/cache_14247617-1-600x449.png 600w, https:\/\/sti.hn\/wp2\/wp-content\/uploads\/2022\/03\/cache_14247617-1.png 900w\" sizes=\"auto, (max-width: 300px) 100vw, 300px\" \/><\/a><\/p>\n<p>&nbsp;<\/p>\n<p>&nbsp;<\/p>\n<p>&nbsp;<\/p>\n<p>&nbsp;<\/p>\n<p>&nbsp;<\/p>\n<p>&nbsp;<\/p>\n<p>&nbsp;<\/p>\n<h4><span class=\"diyfeDecoration\">525 LTR. <\/span><span class=\"diyfeDecoration\">CUTTER AL VAC\u00cdO<\/span><\/h4>\n<h4><a href=\"https:\/\/sti.hn\/wp2\/wp-content\/uploads\/2022\/03\/cache_14243180.png\"><img loading=\"lazy\" decoding=\"async\" class=\"size-medium wp-image-1432 alignleft\" src=\"https:\/\/sti.hn\/wp2\/wp-content\/uploads\/2022\/03\/cache_14243180-300x225.png\" alt=\"\" width=\"300\" height=\"225\" srcset=\"https:\/\/sti.hn\/wp2\/wp-content\/uploads\/2022\/03\/cache_14243180-300x225.png 300w, https:\/\/sti.hn\/wp2\/wp-content\/uploads\/2022\/03\/cache_14243180-768x575.png 768w, https:\/\/sti.hn\/wp2\/wp-content\/uploads\/2022\/03\/cache_14243180-600x449.png 600w, https:\/\/sti.hn\/wp2\/wp-content\/uploads\/2022\/03\/cache_14243180.png 900w\" sizes=\"auto, (max-width: 300px) 100vw, 300px\" \/><\/a><\/h4>\n<h4><\/h4>\n<p>&nbsp;<\/p>\n<p>&nbsp;<\/p>\n<p>&nbsp;<\/p>\n<p>&nbsp;<\/p>\n<p>&nbsp;<\/p>\n<p>&nbsp;<\/p>\n<div>\n<h4><span class=\"diyfeDecoration\">750 LTR. <\/span><span class=\"diyfeDecoration\">CUTTER AL VAC\u00cdO<\/span><\/h4>\n<p><a href=\"https:\/\/sti.hn\/wp2\/wp-content\/uploads\/2022\/03\/cache_14243192.png\"><img loading=\"lazy\" decoding=\"async\" class=\"size-medium wp-image-1433 alignleft\" src=\"https:\/\/sti.hn\/wp2\/wp-content\/uploads\/2022\/03\/cache_14243192-300x225.png\" alt=\"\" width=\"300\" height=\"225\" srcset=\"https:\/\/sti.hn\/wp2\/wp-content\/uploads\/2022\/03\/cache_14243192-300x225.png 300w, https:\/\/sti.hn\/wp2\/wp-content\/uploads\/2022\/03\/cache_14243192-768x576.png 768w, https:\/\/sti.hn\/wp2\/wp-content\/uploads\/2022\/03\/cache_14243192-600x450.png 600w, https:\/\/sti.hn\/wp2\/wp-content\/uploads\/2022\/03\/cache_14243192.png 900w\" sizes=\"auto, (max-width: 300px) 100vw, 300px\" \/><\/a><\/p>\n<\/div>\n","protected":false},"excerpt":{"rendered":"<p>La \u201cSerie BEST\u201d es la tecnolog\u00eda inteligente mas desarrollada de las Maquinas de Carne en un dise\u00f1o higi\u00e9nico excepcional<a href=\"https:\/\/sti.hn\/wp2\/wp-content\/uploads\/2022\/03\/madeingermany.png\"><img loading=\"lazy\" decoding=\"async\" class=\" wp-image-1458 alignright\" src=\"https:\/\/sti.hn\/wp2\/wp-content\/uploads\/2022\/03\/madeingermany.png\" alt=\"\" width=\"129\" height=\"129\" srcset=\"https:\/\/sti.hn\/wp2\/wp-content\/uploads\/2022\/03\/madeingermany.png 500w, https:\/\/sti.hn\/wp2\/wp-content\/uploads\/2022\/03\/madeingermany-300x300.png 300w, https:\/\/sti.hn\/wp2\/wp-content\/uploads\/2022\/03\/madeingermany-150x150.png 150w, https:\/\/sti.hn\/wp2\/wp-content\/uploads\/2022\/03\/madeingermany-100x100.png 100w\" sizes=\"auto, (max-width: 129px) 100vw, 129px\" \/><\/a> para aumentar la calidad y la facilidad de uso de un. Con mas de 85 anos de experiencia en el desarrollo y la fabricaci\u00f3n de maquinas alimentarias, \u201cTHE BEST SERIES\u201d ofrece un rendimiento l\u00edder mundial y un gran numero de opciones disponibles.<\/p>\n<p>&nbsp;<\/p>\n[video width=\"640\" height=\"360\" mp4=\"https:\/\/sti.hn\/wp2\/wp-content\/uploads\/2022\/03\/Kilia-New-Generation-Bowl-Cutter-200ltr.mp4\"][\/video]\n","protected":false},"featured_media":1431,"template":"","meta":{"neve_meta_sidebar":"","neve_meta_container":"","neve_meta_enable_content_width":"off","neve_meta_content_width":100,"neve_meta_title_alignment":"","neve_meta_author_avatar":"","neve_post_elements_order":"","neve_meta_disable_header":"","neve_meta_disable_footer":"","neve_meta_disable_title":""},"class_list":["post-1427","product","type-product","status-publish","has-post-thumbnail","hentry","product_cat-cutter"],"_links":{"self":[{"href":"https:\/\/sti.hn\/wp2\/wp-json\/wp\/v2\/product\/1427","targetHints":{"allow":["GET"]}}],"collection":[{"href":"https:\/\/sti.hn\/wp2\/wp-json\/wp\/v2\/product"}],"about":[{"href":"https:\/\/sti.hn\/wp2\/wp-json\/wp\/v2\/types\/product"}],"version-history":[{"count":20,"href":"https:\/\/sti.hn\/wp2\/wp-json\/wp\/v2\/product\/1427\/revisions"}],"predecessor-version":[{"id":1464,"href":"https:\/\/sti.hn\/wp2\/wp-json\/wp\/v2\/product\/1427\/revisions\/1464"}],"wp:featuredmedia":[{"embeddable":true,"href":"https:\/\/sti.hn\/wp2\/wp-json\/wp\/v2\/media\/1431"}],"wp:attachment":[{"href":"https:\/\/sti.hn\/wp2\/wp-json\/wp\/v2\/media?parent=1427"}],"curies":[{"name":"wp","href":"https:\/\/api.w.org\/{rel}","templated":true}]}}