{"id":1488,"date":"2022-03-27T20:52:24","date_gmt":"2022-03-27T20:52:24","guid":{"rendered":"https:\/\/sti.hn\/wp2\/?post_type=product&#038;p=1488"},"modified":"2022-03-27T20:53:06","modified_gmt":"2022-03-27T20:53:06","slug":"breaker-kb-4000-and-8000-the-best-series","status":"publish","type":"product","link":"https:\/\/sti.hn\/wp2\/producto\/breaker-kb-4000-and-8000-the-best-series\/","title":{"rendered":"Breaker KB 4000 and 8000 \u201cTHE BEST SERIES\u201c"},"content":{"rendered":"<p><a href=\"https:\/\/sti.hn\/wp2\/wp-content\/uploads\/2022\/03\/tbs-1.png\"><img loading=\"lazy\" decoding=\"async\" class=\"aligncenter size-full wp-image-1490\" src=\"https:\/\/sti.hn\/wp2\/wp-content\/uploads\/2022\/03\/tbs-1.png\" alt=\"\" width=\"1338\" height=\"674\" srcset=\"https:\/\/sti.hn\/wp2\/wp-content\/uploads\/2022\/03\/tbs-1.png 1338w, https:\/\/sti.hn\/wp2\/wp-content\/uploads\/2022\/03\/tbs-1-300x151.png 300w, https:\/\/sti.hn\/wp2\/wp-content\/uploads\/2022\/03\/tbs-1-1024x516.png 1024w, https:\/\/sti.hn\/wp2\/wp-content\/uploads\/2022\/03\/tbs-1-768x387.png 768w, https:\/\/sti.hn\/wp2\/wp-content\/uploads\/2022\/03\/tbs-1-600x302.png 600w\" sizes=\"auto, (max-width: 1338px) 100vw, 1338px\" \/><\/a><\/p>\n","protected":false},"excerpt":{"rendered":"<h3><strong>\u00a1La Trituradora m\u00e1s duradera!<\/strong><\/h3>\n<p>Con su est\u00e1ndar de 6 de 70 dientes el Breaker no corta la carne a trav\u00e9s de las fibras, sino que rompe suavemente piezas de tama\u00f1o de pu\u00f1o doble de aprox. mm. de acuerdo con las fibras. De esta manera se evita un porcentaje muy alto de trozos demasiado peque\u00f1os. Adem\u00e1s, los costes de las piezas de recambio necesarias durante el tiempo de funcionamiento de la m\u00e1quina se mantienen en un m\u00ednimo absoluto, ya que los dientes no necesitan ser reemplazados.<br \/>\nSe ha demostrado que duran \u00abpara siempre\u00bb<\/p>\n[video width=\"384\" height=\"288\" mp4=\"https:\/\/sti.hn\/wp2\/wp-content\/uploads\/2022\/03\/WhatsApp-Video-2022-03-27-at-2.45.46-PM.mp4\"][\/video]\n","protected":false},"featured_media":1489,"template":"","meta":{"neve_meta_sidebar":"","neve_meta_container":"","neve_meta_enable_content_width":"off","neve_meta_content_width":100,"neve_meta_title_alignment":"","neve_meta_author_avatar":"","neve_post_elements_order":"","neve_meta_disable_header":"","neve_meta_disable_footer":"","neve_meta_disable_title":""},"class_list":["post-1488","product","type-product","status-publish","has-post-thumbnail","hentry","product_cat-tritu"],"_links":{"self":[{"href":"https:\/\/sti.hn\/wp2\/wp-json\/wp\/v2\/product\/1488","targetHints":{"allow":["GET"]}}],"collection":[{"href":"https:\/\/sti.hn\/wp2\/wp-json\/wp\/v2\/product"}],"about":[{"href":"https:\/\/sti.hn\/wp2\/wp-json\/wp\/v2\/types\/product"}],"version-history":[{"count":2,"href":"https:\/\/sti.hn\/wp2\/wp-json\/wp\/v2\/product\/1488\/revisions"}],"predecessor-version":[{"id":1493,"href":"https:\/\/sti.hn\/wp2\/wp-json\/wp\/v2\/product\/1488\/revisions\/1493"}],"wp:featuredmedia":[{"embeddable":true,"href":"https:\/\/sti.hn\/wp2\/wp-json\/wp\/v2\/media\/1489"}],"wp:attachment":[{"href":"https:\/\/sti.hn\/wp2\/wp-json\/wp\/v2\/media?parent=1488"}],"curies":[{"name":"wp","href":"https:\/\/api.w.org\/{rel}","templated":true}]}}