{"id":1497,"date":"2022-03-27T21:46:03","date_gmt":"2022-03-27T21:46:03","guid":{"rendered":"https:\/\/sti.hn\/wp2\/?post_type=product&#038;p=1497"},"modified":"2022-03-27T21:56:27","modified_gmt":"2022-03-27T21:56:27","slug":"camara-de-coccion-y-ahumado-k-smoke","status":"publish","type":"product","link":"https:\/\/sti.hn\/wp2\/producto\/camara-de-coccion-y-ahumado-k-smoke\/","title":{"rendered":"C\u00c1MARA DE COCCI\u00d3N Y AHUMADO K SMOKE"},"content":{"rendered":"<p><a href=\"https:\/\/sti.hn\/wp2\/wp-content\/uploads\/2022\/03\/humadora-1.png\"><img loading=\"lazy\" decoding=\"async\" class=\"aligncenter size-full wp-image-1501\" src=\"https:\/\/sti.hn\/wp2\/wp-content\/uploads\/2022\/03\/humadora-1.png\" alt=\"\" width=\"1018\" height=\"3262\" srcset=\"https:\/\/sti.hn\/wp2\/wp-content\/uploads\/2022\/03\/humadora-1.png 1018w, https:\/\/sti.hn\/wp2\/wp-content\/uploads\/2022\/03\/humadora-1-94x300.png 94w, https:\/\/sti.hn\/wp2\/wp-content\/uploads\/2022\/03\/humadora-1-320x1024.png 320w, https:\/\/sti.hn\/wp2\/wp-content\/uploads\/2022\/03\/humadora-1-768x2461.png 768w, https:\/\/sti.hn\/wp2\/wp-content\/uploads\/2022\/03\/humadora-1-479x1536.png 479w, https:\/\/sti.hn\/wp2\/wp-content\/uploads\/2022\/03\/humadora-1-639x2048.png 639w, https:\/\/sti.hn\/wp2\/wp-content\/uploads\/2022\/03\/humadora-1-600x1923.png 600w\" sizes=\"auto, (max-width: 1018px) 100vw, 1018px\" \/><\/a><\/p>\n","protected":false},"excerpt":{"rendered":"<p>El interior y el exterior de acero inoxidable est\u00e1n dise\u00f1ados espec\u00edficamente para facilitar la limpieza y cumplir con todos los requisitos de higiene y, por supuesto, de seguridad. El m\u00e1s moderno aislamiento de PU reduce el consumo de energ\u00eda.<\/p>\n<p>El K- Smoke tiene un sistema de cocci\u00f3n, horneado, ahumado y limpieza.<\/p>\n<p>Todos los K- Smoke est\u00e1n completamente controlados por ordenador y equipados con una gran pantalla t\u00e1ctil. Aqu\u00ed encontrar\u00e1 toda la informaci\u00f3n relevante del proceso al mismo tiempo.<\/p>\n","protected":false},"featured_media":1500,"template":"","meta":{"neve_meta_sidebar":"","neve_meta_container":"","neve_meta_enable_content_width":"off","neve_meta_content_width":100,"neve_meta_title_alignment":"","neve_meta_author_avatar":"","neve_post_elements_order":"","neve_meta_disable_header":"","neve_meta_disable_footer":"","neve_meta_disable_title":""},"class_list":["post-1497","product","type-product","status-publish","has-post-thumbnail","hentry","product_cat-coccionahumado"],"_links":{"self":[{"href":"https:\/\/sti.hn\/wp2\/wp-json\/wp\/v2\/product\/1497","targetHints":{"allow":["GET"]}}],"collection":[{"href":"https:\/\/sti.hn\/wp2\/wp-json\/wp\/v2\/product"}],"about":[{"href":"https:\/\/sti.hn\/wp2\/wp-json\/wp\/v2\/types\/product"}],"version-history":[{"count":2,"href":"https:\/\/sti.hn\/wp2\/wp-json\/wp\/v2\/product\/1497\/revisions"}],"predecessor-version":[{"id":1502,"href":"https:\/\/sti.hn\/wp2\/wp-json\/wp\/v2\/product\/1497\/revisions\/1502"}],"wp:featuredmedia":[{"embeddable":true,"href":"https:\/\/sti.hn\/wp2\/wp-json\/wp\/v2\/media\/1500"}],"wp:attachment":[{"href":"https:\/\/sti.hn\/wp2\/wp-json\/wp\/v2\/media?parent=1497"}],"curies":[{"name":"wp","href":"https:\/\/api.w.org\/{rel}","templated":true}]}}