{"id":1553,"date":"2022-04-17T15:42:44","date_gmt":"2022-04-17T15:42:44","guid":{"rendered":"https:\/\/sti.hn\/wp2\/?post_type=product&#038;p=1553"},"modified":"2024-09-29T16:58:17","modified_gmt":"2024-09-29T16:58:17","slug":"x-bag-evo","status":"publish","type":"product","link":"https:\/\/sti.hn\/wp2\/producto\/x-bag-evo\/","title":{"rendered":"X-BAG EVO"},"content":{"rendered":"\t\t<div data-elementor-type=\"wp-post\" data-elementor-id=\"1553\" class=\"elementor elementor-1553\" data-elementor-settings=\"[]\">\n\t\t\t\t\t\t\t<div class=\"elementor-section-wrap\">\n\t\t\t\t\t\t\t<section class=\"elementor-section elementor-top-section elementor-element elementor-element-25f1381b elementor-section-boxed elementor-section-height-default elementor-section-height-default\" data-id=\"25f1381b\" data-element_type=\"section\">\n\t\t\t\t\t\t<div class=\"elementor-container elementor-column-gap-default\">\n\t\t\t\t\t<div class=\"elementor-column elementor-col-100 elementor-top-column elementor-element elementor-element-765d694b\" data-id=\"765d694b\" data-element_type=\"column\">\n\t\t\t<div class=\"elementor-widget-wrap elementor-element-populated\">\n\t\t\t\t\t\t\t\t<div class=\"elementor-element elementor-element-5b51549 elementor-widget elementor-widget-text-editor\" data-id=\"5b51549\" data-element_type=\"widget\" data-widget_type=\"text-editor.default\">\n\t\t\t\t<div class=\"elementor-widget-container\">\n\t\t\t\t\t<div class=\"elementor-text-editor elementor-clearfix\"><h4 class=\"h4\">CARACTER\u00cdSTICAS T\u00c9CNICAS<\/h4>\n<div class=\"table-area\">\n<div class=\"table-holder exp3\">\n<table>\n<tbody>\n<tr>\n<td class=\"col1\">Alimentaci\u00f3n el\u00e9ctrica<\/td>\n<td class=\"col2\">V<\/td>\n<td class=\"col2\">220\/240<\/td>\n<\/tr>\n<tr class=\"even\">\n<td class=\"col1\">Potencia M\u00c1X instalada<\/td>\n<td class=\"col2\">kW<\/td>\n<td class=\"col2\">0.5<\/td>\n<\/tr>\n<tr>\n<td class=\"col1\">Alimentaci\u00f3n neum\u00e1tica<\/td>\n<td class=\"col2\">bar<\/td>\n<td class=\"col2\">40lt\/m hasta 6 bar<\/td>\n<\/tr>\n<tr class=\"even\">\n<td class=\"col1\">Producci\u00f3n horaria<\/td>\n<td class=\"col2\">p\/h (pph)<\/td>\n<td class=\"col2\">0-1000<\/td>\n<\/tr>\n<tr>\n<td class=\"col1\">Dimensiones M\u00c1X Bobina (di\u00e1metro)<\/td>\n<td class=\"col2\">mm<\/td>\n<td class=\"col2\">250<\/td>\n<\/tr>\n<tr class=\"even\">\n<td class=\"col1\">Dimensiones M\u00c1X Banda Bobina (ancho)<\/td>\n<td class=\"col2\">mm<\/td>\n<td class=\"col2\">360\/410\/520<\/td>\n<\/tr>\n<tr>\n<td class=\"col1\">Espesor pel\u00edcula<\/td>\n<td class=\"col2\">micrones<\/td>\n<td class=\"col2\">15\/50<\/td>\n<\/tr>\n<tr class=\"even\">\n<td class=\"col1\">Longitud bolsa<\/td>\n<td class=\"col2\">mm<\/td>\n<td class=\"col2\">50\/330 (mm 580 con cinta)<\/td>\n<\/tr>\n<tr>\n<td class=\"col1\">Ancho bolsa<\/td>\n<td class=\"col2\">mm<\/td>\n<td class=\"col2\">170\/185\/235 (seg\u00f9n el cuello)<\/td>\n<\/tr>\n<tr class=\"even\">\n<td class=\"col1\">Pel\u00edcula que se utiliza en m\u00e1quina<\/td>\n<td class=\"col2\">tipo<\/td>\n<td class=\"col2\">Polietilene, poliolefina, macroperforado,acoplados, film biodegradable, polietileno de alta densidad, peliculas impresas)<\/td>\n<\/tr>\n<tr>\n<td class=\"col1\">Soldadura horizontal<\/td>\n<td class=\"col2\">tipo<\/td>\n<td class=\"col2\">con doble alambre plano e hilo de corte<\/td>\n<\/tr>\n<tr class=\"even\">\n<td class=\"col1\">Dimensiones m\u00e1quina<\/td>\n<td class=\"col2\">mm<\/td>\n<td class=\"col2\">800x850x1500<\/td>\n<\/tr>\n<tr>\n<td class=\"col1\">Peso m\u00e1quina (Neto\/Bruto)<\/td>\n<td class=\"col2\">kg<\/td>\n<td class=\"col2\">130\/165(MF99MB75)\n135\/170(MF99MB76)<\/td>\n<\/tr>\n<\/tbody>\n<\/table>\n<\/div>\n<\/div><\/div>\n\t\t\t\t<\/div>\n\t\t\t\t<\/div>\n\t\t\t\t\t<\/div>\n\t\t<\/div>\n\t\t\t\t\t\t\t<\/div>\n\t\t<\/section>\n\t\t\t\t<section class=\"elementor-section elementor-top-section elementor-element elementor-element-2b93930 elementor-section-boxed elementor-section-height-default elementor-section-height-default\" data-id=\"2b93930\" data-element_type=\"section\">\n\t\t\t\t\t\t<div class=\"elementor-container elementor-column-gap-default\">\n\t\t\t\t\t<div class=\"elementor-column elementor-col-100 elementor-top-column elementor-element elementor-element-726691b\" data-id=\"726691b\" data-element_type=\"column\">\n\t\t\t<div class=\"elementor-widget-wrap elementor-element-populated\">\n\t\t\t\t\t\t\t\t<div class=\"elementor-element elementor-element-7b67ba4 elementor-aspect-ratio-169 elementor-widget elementor-widget-video\" data-id=\"7b67ba4\" data-element_type=\"widget\" data-settings=\"{&quot;youtube_url&quot;:&quot;https:\\\/\\\/www.youtube.com\\\/watch?v=-4OqZ1unfDo&quot;,&quot;video_type&quot;:&quot;youtube&quot;,&quot;controls&quot;:&quot;yes&quot;,&quot;aspect_ratio&quot;:&quot;169&quot;}\" data-widget_type=\"video.default\">\n\t\t\t\t<div class=\"elementor-widget-container\">\n\t\t\t\t\t<div class=\"elementor-wrapper elementor-fit-aspect-ratio elementor-open-inline\">\n\t\t\t<div class=\"elementor-video\"><\/div>\t\t<\/div>\n\t\t\t\t<\/div>\n\t\t\t\t<\/div>\n\t\t\t\t\t<\/div>\n\t\t<\/div>\n\t\t\t\t\t\t\t<\/div>\n\t\t<\/section>\n\t\t\t\t\t\t<\/div>\n\t\t\t\t\t<\/div>\n\t\t","protected":false},"excerpt":{"rendered":"<h4 class=\"sotto-titolo\"><strong>X-BAG EVO: LA VERTICAL DE \u00daLTIMA GENERACI\u00d3N<\/strong><\/h4>\n<div class=\"page-text\">\n<p>F\u00e1cil de utilizar. F\u00e1cil de mantener. F\u00e1cil de colocar.<\/p>\n<p>X-BAG evo es la soluci\u00f3n ideal para quienes necesitan embolsar r\u00e1pidamente peque\u00f1as cantidades de material (alimentos frescos,peque\u00f1as piezas met\u00e1licas, piezas de recambio, manuales de instrucciones, componentes industriales de tama\u00f1o reducido, etc.) en envases herm\u00e9ticos de diferentes formatos y con diferentes tipos de pel\u00edcula.<\/p>\n<p>X-BAG evo facilita las operaciones de empaquetado: por eso, representa una alternativa v\u00e1lida al embolsado manual, que es m\u00e1s gravoso en t\u00e9rminos<br \/>\nde tiempo, y tambi\u00e9n al envasado autom\u00e1tico realizado con m\u00e1quinas m\u00e1s grandes y complejas, que a menudo no se adecuan a las exigencias reales<br \/>\nde empaquetado y suponen un mayor coste de funcionamiento y mantenimiento.<\/p>\n<\/div>\n","protected":false},"featured_media":1558,"template":"","meta":{"neve_meta_sidebar":"","neve_meta_container":"","neve_meta_enable_content_width":"off","neve_meta_content_width":100,"neve_meta_title_alignment":"","neve_meta_author_avatar":"","neve_post_elements_order":"","neve_meta_disable_header":"","neve_meta_disable_footer":"","neve_meta_disable_title":""},"class_list":["post-1553","product","type-product","status-publish","has-post-thumbnail","hentry","product_cat-panificacion"],"_links":{"self":[{"href":"https:\/\/sti.hn\/wp2\/wp-json\/wp\/v2\/product\/1553","targetHints":{"allow":["GET"]}}],"collection":[{"href":"https:\/\/sti.hn\/wp2\/wp-json\/wp\/v2\/product"}],"about":[{"href":"https:\/\/sti.hn\/wp2\/wp-json\/wp\/v2\/types\/product"}],"version-history":[{"count":5,"href":"https:\/\/sti.hn\/wp2\/wp-json\/wp\/v2\/product\/1553\/revisions"}],"predecessor-version":[{"id":1560,"href":"https:\/\/sti.hn\/wp2\/wp-json\/wp\/v2\/product\/1553\/revisions\/1560"}],"wp:featuredmedia":[{"embeddable":true,"href":"https:\/\/sti.hn\/wp2\/wp-json\/wp\/v2\/media\/1558"}],"wp:attachment":[{"href":"https:\/\/sti.hn\/wp2\/wp-json\/wp\/v2\/media?parent=1553"}],"curies":[{"name":"wp","href":"https:\/\/api.w.org\/{rel}","templated":true}]}}