{"id":1587,"date":"2022-04-17T17:07:44","date_gmt":"2022-04-17T17:07:44","guid":{"rendered":"https:\/\/sti.hn\/wp2\/?post_type=product&#038;p=1587"},"modified":"2022-04-17T17:37:54","modified_gmt":"2022-04-17T17:37:54","slug":"aceites-y-lubricantes-originales-de-busch","status":"publish","type":"product","link":"https:\/\/sti.hn\/wp2\/producto\/aceites-y-lubricantes-originales-de-busch\/","title":{"rendered":"ACEITES Y LUBRICANTES ORIGINALES DE BUSCH"},"content":{"rendered":"","protected":false},"excerpt":{"rendered":"<div class=\"technology-stage__headline\">\n<p class=\"text--5 text--bold\">Conf\u00ede en los aceites y lubricantes originales de Busch para sus bombas de vac\u00edo, soplantes y compresores.<\/p>\n<\/div>\n<div class=\"technology-stage__image\">El aceite es fundamental. Para la generaci\u00f3n de vac\u00edo en bombas de vac\u00edo de paletas rotativas lubricadas con aceite. El aceite desempe\u00f1a una doble funci\u00f3n: permite un ciclo de rotaci\u00f3n suave, permitiendo a las paletas deslizarse libremente. Y ofrece un sellado eficiente de la c\u00e1mara de compresi\u00f3n.<\/div>\n<div class=\"technology-stage__text\">\n<p>Sin embargo, durante el funcionamiento, el aceite de la bomba de vac\u00edo se ve expuesto a distintas fuentes de contaminaci\u00f3n. De este modo, con el tiempo va perdiendo viscosidad. Adem\u00e1s de todas sus caracter\u00edsticas beneficiosas.<\/p>\n<\/div>\n","protected":false},"featured_media":1589,"template":"","meta":{"neve_meta_sidebar":"","neve_meta_container":"","neve_meta_enable_content_width":"off","neve_meta_content_width":100,"neve_meta_title_alignment":"","neve_meta_author_avatar":"","neve_post_elements_order":"","neve_meta_disable_header":"","neve_meta_disable_footer":"","neve_meta_disable_title":""},"class_list":["post-1587","product","type-product","status-publish","has-post-thumbnail","hentry","product_cat-repuestos-y-accesorios-para-bomba-de-vacio"],"_links":{"self":[{"href":"https:\/\/sti.hn\/wp2\/wp-json\/wp\/v2\/product\/1587","targetHints":{"allow":["GET"]}}],"collection":[{"href":"https:\/\/sti.hn\/wp2\/wp-json\/wp\/v2\/product"}],"about":[{"href":"https:\/\/sti.hn\/wp2\/wp-json\/wp\/v2\/types\/product"}],"version-history":[{"count":2,"href":"https:\/\/sti.hn\/wp2\/wp-json\/wp\/v2\/product\/1587\/revisions"}],"predecessor-version":[{"id":1597,"href":"https:\/\/sti.hn\/wp2\/wp-json\/wp\/v2\/product\/1587\/revisions\/1597"}],"wp:featuredmedia":[{"embeddable":true,"href":"https:\/\/sti.hn\/wp2\/wp-json\/wp\/v2\/media\/1589"}],"wp:attachment":[{"href":"https:\/\/sti.hn\/wp2\/wp-json\/wp\/v2\/media?parent=1587"}],"curies":[{"name":"wp","href":"https:\/\/api.w.org\/{rel}","templated":true}]}}