{"id":1983,"date":"2022-06-06T18:37:01","date_gmt":"2022-06-06T18:37:01","guid":{"rendered":"https:\/\/sti.hn\/wp2\/?post_type=product&#038;p=1983"},"modified":"2024-09-29T16:56:35","modified_gmt":"2024-09-29T16:56:35","slug":"tfe-350-%c2%b7-tfe-550","status":"publish","type":"product","link":"https:\/\/sti.hn\/wp2\/producto\/tfe-350-%c2%b7-tfe-550\/","title":{"rendered":"TFE 350 \u00b7 TFE 550"},"content":{"rendered":"\t\t<div data-elementor-type=\"wp-post\" data-elementor-id=\"1983\" class=\"elementor elementor-1983\" data-elementor-settings=\"[]\">\n\t\t\t\t\t\t\t<div class=\"elementor-section-wrap\">\n\t\t\t\t\t\t\t<section class=\"elementor-section elementor-top-section elementor-element elementor-element-25262eef elementor-section-boxed elementor-section-height-default elementor-section-height-default\" data-id=\"25262eef\" data-element_type=\"section\">\n\t\t\t\t\t\t<div class=\"elementor-container elementor-column-gap-default\">\n\t\t\t\t\t<div class=\"elementor-column elementor-col-100 elementor-top-column elementor-element elementor-element-7cf8eb0\" data-id=\"7cf8eb0\" data-element_type=\"column\">\n\t\t\t<div class=\"elementor-widget-wrap elementor-element-populated\">\n\t\t\t\t\t\t\t\t<div class=\"elementor-element elementor-element-267e7367 elementor-widget elementor-widget-text-editor\" data-id=\"267e7367\" data-element_type=\"widget\" data-widget_type=\"text-editor.default\">\n\t\t\t\t<div class=\"elementor-widget-container\">\n\t\t\t\t\t<div class=\"elementor-text-editor elementor-clearfix\"><div id=\"anchor_8586710a_opciones\" class=\"elementHeadline elementHeadline_var0\">\n<h1>OPCIONES<\/h1>\n<\/div>\n<div class=\"elementText elementText_var0 elementTextListStyle_var0\">\n<ul>\n \t<li>Motor de 2 velocidades (10 \/ 17 m\/min)<\/li>\n \t<li>Conversor de frecuencia para velocidad ajustable cont\u00ednuamente<\/li>\n \t<li>Suministrable como versi\u00f3n separada (condensador del agregado frigor\u00edfico separado, para la versi\u00f3n refrigerada por aire)<\/li>\n<\/ul>\n<\/div>\n<div id=\"anchor_e61e63f4_datos-t--cnicos\" class=\"elementHeadline elementHeadline_var0\">\n<h1>DATOS T\u00c9CNICOS<\/h1>\n<\/div>\n<div class=\"elementStandard elementContent elementTable\">\n<table class=\"default\"><colgroup><col \/><col \/><\/colgroup>\n<thead>\n<tr>\n<th class=\"highlighted\"><\/th>\n<th>Freeze Drum Skinner TFE 350 A \u00b7 TFE 350 W<\/th>\n<\/tr>\n<\/thead>\n<tbody>\n<tr>\n<td class=\"highlighted\">Ancho de operaci\u00f3n<\/td>\n<td>370 mm<\/td>\n<\/tr>\n<tr>\n<td class=\"highlighted\">Ancho de cintas<\/td>\n<td>350 mm<\/td>\n<\/tr>\n<tr>\n<td class=\"highlighted\">Velocidad de cortar<\/td>\n<td>17 m\/min<\/td>\n<\/tr>\n<tr>\n<td class=\"highlighted\">Altura m\u00e1x. del producto<\/td>\n<td>40 mm<\/td>\n<\/tr>\n<tr>\n<td class=\"highlighted\">Profundidad del pelado<\/td>\n<td>0 &#8211; 10 mm cont\u00ednuo<\/td>\n<\/tr>\n<tr>\n<td class=\"highlighted\">Di\u00e1metro tambor frigor\u00edfico<\/td>\n<td>450 mm<\/td>\n<\/tr>\n<tr>\n<td class=\"highlighted\">Espacio para posicionar el producto en la cinta de entrada<\/td>\n<td>450 mm<\/td>\n<\/tr>\n<tr>\n<td class=\"highlighted\">Refrigerante<\/td>\n<td>R449A<\/td>\n<\/tr>\n<tr>\n<td class=\"highlighted\">Refrigeraci\u00f3n del agregade frigor\u00edfico (condensador)<\/td>\n<td>A:\u00a0 por aire\nW: por agua<\/td>\n<\/tr>\n<tr>\n<td class=\"highlighted\">Dimensiones totales Ancho x Alt. x Profund.<\/td>\n<td>1550 x 1500 x 2600 mm<\/td>\n<\/tr>\n<tr>\n<td class=\"highlighted\">Peso<\/td>\n<td>A: 680 kg\nW: 660 kg<\/td>\n<\/tr>\n<tr>\n<td class=\"highlighted\">Potencia el\u00e9ctrica absorbida<\/td>\n<td>5,5 kW<\/td>\n<\/tr>\n<tr>\n<td class=\"highlighted\">Conexi\u00f3n el\u00e9ctrica<\/td>\n<td>3 AC &#8211; 400 V &#8211; 50 Hz\nenchufe: CEE 32 A 5 terminales\n\nOtros voltajes bajo pedido<\/td>\n<\/tr>\n<tr>\n<td class=\"highlighted\">Convertidor de frecuencia<\/td>\n<td>s\u00ed<\/td>\n<\/tr>\n<tr>\n<td class=\"highlighted\">Conexi\u00f3n de agua<\/td>\n<td>G 3\/4 rosca exterior<\/td>\n<\/tr>\n<tr>\n<td class=\"highlighted\">Consumo de agua<\/td>\n<td>A: approx. 150 l\/h\nW: approx. 150 l\/h\u00a0 + 600 l\/h agua refrigerante<\/td>\n<\/tr>\n<tr>\n<td class=\"highlighted\">Conexi\u00f3n de aire comprimido<\/td>\n<td>no requerido<\/td>\n<\/tr>\n<tr>\n<td class=\"highlighted\">Temperatura ambiental<\/td>\n<td>+ 5\u00b0 a + 25\u00b0 C<\/td>\n<\/tr>\n<tr>\n<td class=\"highlighted\">Di\u00e1metro correas redondas<\/td>\n<td>4 mm<\/td>\n<\/tr>\n<\/tbody>\n<\/table>\n<\/div>\n<div class=\"elementClearer elementSpacer spacer1\"><\/div>\n<div class=\"elementStandard elementContent elementTable\">\n<table class=\"default\"><colgroup><col \/><col \/><\/colgroup>\n<thead>\n<tr>\n<th class=\"highlighted\"><\/th>\n<th>Freeze Drum Skinner TFE 550 W<\/th>\n<\/tr>\n<\/thead>\n<tbody>\n<tr>\n<td class=\"highlighted\">Ancho de operaci\u00f3n<\/td>\n<td>570 mm<\/td>\n<\/tr>\n<tr>\n<td class=\"highlighted\">Ancho de cintas<\/td>\n<td>550 mm<\/td>\n<\/tr>\n<tr>\n<td class=\"highlighted\">Velocidad de cortar<\/td>\n<td>8 &#8211; 20 m\/min<\/td>\n<\/tr>\n<tr>\n<td class=\"highlighted\">Altura m\u00e1x. del producto<\/td>\n<td>40 mm<\/td>\n<\/tr>\n<tr>\n<td class=\"highlighted\">Profundidad del pelado<\/td>\n<td>0 &#8211; 10 mm cont\u00ednuo<\/td>\n<\/tr>\n<tr>\n<td class=\"highlighted\">Di\u00e1metro tambor frigor\u00edfico<\/td>\n<td>450 mm<\/td>\n<\/tr>\n<tr>\n<td class=\"highlighted\">Espacio para posicionar el producto en la cinta de entrada<\/td>\n<td>450 mm<\/td>\n<\/tr>\n<tr>\n<td class=\"highlighted\">Refrigerante<\/td>\n<td>R449A<\/td>\n<\/tr>\n<tr>\n<td class=\"highlighted\">Refrigeraci\u00f3n del agregado frigor\u00edfico (condensador)<\/td>\n<td>W: por agua<\/td>\n<\/tr>\n<tr>\n<td class=\"highlighted\">Dimensiones totales Ancho x Alt. x Profund.<\/td>\n<td>1750 x 1500 x 2600 mm<\/td>\n<\/tr>\n<tr>\n<td class=\"highlighted\">Peso<\/td>\n<td>W: 820 kg<\/td>\n<\/tr>\n<tr>\n<td class=\"highlighted\">Potencia el\u00e9ctrica absorbida<\/td>\n<td>7,5 kW<\/td>\n<\/tr>\n<tr>\n<td class=\"highlighted\">Conexi\u00f3n el\u00e9ctrica<\/td>\n<td>3 AC &#8211; 400 V &#8211; 50 Hz\nenchufe: CEE 32 A 5 terminales\nOtros voltajes bajo pedido<\/td>\n<\/tr>\n<tr>\n<td class=\"highlighted\">Convertidor de frecuencia<\/td>\n<td>s\u00ed<\/td>\n<\/tr>\n<tr>\n<td class=\"highlighted\">Conexi\u00f3n de agua<\/td>\n<td>G 3\/4 rosca exterior<\/td>\n<\/tr>\n<tr>\n<td class=\"highlighted\">Consumo de agua<\/td>\n<td>W: approx. 150 l\/h + 1000 l\/h agua de refrigeraci\u00f3n<\/td>\n<\/tr>\n<tr>\n<td class=\"highlighted\">Conexi\u00f3n de aire comprimido<\/td>\n<td>no requerido<\/td>\n<\/tr>\n<tr>\n<td class=\"highlighted\">Temperatura ambiental<\/td>\n<td>+ 5\u00b0 a + 25\u00b0 C<\/td>\n<\/tr>\n<tr>\n<td class=\"highlighted\">Di\u00e1metro de correas redondas<\/td>\n<td>4 mm<\/td>\n<\/tr>\n<\/tbody>\n<\/table>\n<\/div><\/div>\n\t\t\t\t<\/div>\n\t\t\t\t<\/div>\n\t\t\t\t\t<\/div>\n\t\t<\/div>\n\t\t\t\t\t\t\t<\/div>\n\t\t<\/section>\n\t\t\t\t<section class=\"elementor-section elementor-top-section elementor-element elementor-element-5450390 elementor-section-boxed elementor-section-height-default elementor-section-height-default\" data-id=\"5450390\" data-element_type=\"section\">\n\t\t\t\t\t\t<div class=\"elementor-container elementor-column-gap-default\">\n\t\t\t\t\t<div class=\"elementor-column elementor-col-100 elementor-top-column elementor-element elementor-element-813b93d\" data-id=\"813b93d\" data-element_type=\"column\">\n\t\t\t<div class=\"elementor-widget-wrap elementor-element-populated\">\n\t\t\t\t\t\t\t\t<div class=\"elementor-element elementor-element-054cd1a elementor-aspect-ratio-169 elementor-widget elementor-widget-video\" data-id=\"054cd1a\" data-element_type=\"widget\" data-settings=\"{&quot;youtube_url&quot;:&quot;https:\\\/\\\/youtu.be\\\/uNkH5NBBLOw&quot;,&quot;video_type&quot;:&quot;youtube&quot;,&quot;controls&quot;:&quot;yes&quot;,&quot;aspect_ratio&quot;:&quot;169&quot;}\" data-widget_type=\"video.default\">\n\t\t\t\t<div class=\"elementor-widget-container\">\n\t\t\t\t\t<div class=\"elementor-wrapper elementor-fit-aspect-ratio elementor-open-inline\">\n\t\t\t<div class=\"elementor-video\"><\/div>\t\t<\/div>\n\t\t\t\t<\/div>\n\t\t\t\t<\/div>\n\t\t\t\t\t<\/div>\n\t\t<\/div>\n\t\t\t\t\t\t\t<\/div>\n\t\t<\/section>\n\t\t\t\t\t\t<\/div>\n\t\t\t\t\t<\/div>\n\t\t","protected":false},"excerpt":{"rendered":"<p>Peladora de pescado con tecnolog\u00eda de tambor frigor\u00edfico.<\/p>\n<div id=\"anchor_3510e1d3_equipamiento-est--ndar\" class=\"elementHeadline elementHeadline_var0\">\n<h4>EQUIPAMIENTO EST\u00c1NDAR<\/h4>\n<\/div>\n<div class=\"elementText elementText_var0 elementTextListStyle_var0\">\n<ul>\n<li>Tambor frigor\u00edfico y agregado frigor\u00edfico de poco consumo de energ\u00eda. Superficie duro-anodizado.<\/li>\n<li>Agregado frigor\u00edfico con condensador refrigerado por aire (Typ A) o con condensador refrigerador por agua (Typ W)<\/li>\n<li>Cuchilla de banda con gu\u00eda de alta precisi\u00f3n para un corte homog\u00e9neo y muy fino. Tobera de inyecci\u00f3n de agua y rascador mantienen la cuchilla limpia durante el proceso. Limpieza f\u00e1cil sin herramientas. Cambio de cuchilla f\u00e1cil y r\u00e1pido.<\/li>\n<li>Dispositivo integrado para afilar la cuchilla<\/li>\n<li><strong>Convertidor de frecuencia\u00a0<\/strong>para ajuste adecuado y cont\u00ednuo de la velocidad<\/li>\n<li>Cinta transportadora con correas redondas de 4 mm de espesor (opcionalmente con otros espesores). No hay que sacar el marco para reemplazar las correas.<\/li>\n<li>Tobera de inyecci\u00f3n de agua para congelamiento fiable del producto al tambor frigor\u00edfico; poco consumo de agua<\/li>\n<li>M\u00e1quina m\u00f3vil con ruedas direccionales con frenos<\/li>\n<li>Carcasa de acero inoxidable con superficies grandes y lisas. Modo de operaci\u00f3n especial para una limpieza f\u00e1cil despu\u00e9s de la producci\u00f3n: cinta de transporte y tambor corriendos; agregado frigor\u00edfico y cuchilla de banda est\u00e1n quietos.<\/li>\n<\/ul>\n<\/div>\n","protected":false},"featured_media":1984,"template":"","meta":{"neve_meta_sidebar":"","neve_meta_container":"","neve_meta_enable_content_width":"off","neve_meta_content_width":100,"neve_meta_title_alignment":"","neve_meta_author_avatar":"","neve_post_elements_order":"","neve_meta_disable_header":"","neve_meta_disable_footer":"","neve_meta_disable_title":""},"class_list":["post-1983","product","type-product","status-publish","has-post-thumbnail","hentry","product_cat-peladoras"],"_links":{"self":[{"href":"https:\/\/sti.hn\/wp2\/wp-json\/wp\/v2\/product\/1983","targetHints":{"allow":["GET"]}}],"collection":[{"href":"https:\/\/sti.hn\/wp2\/wp-json\/wp\/v2\/product"}],"about":[{"href":"https:\/\/sti.hn\/wp2\/wp-json\/wp\/v2\/types\/product"}],"version-history":[{"count":4,"href":"https:\/\/sti.hn\/wp2\/wp-json\/wp\/v2\/product\/1983\/revisions"}],"predecessor-version":[{"id":1989,"href":"https:\/\/sti.hn\/wp2\/wp-json\/wp\/v2\/product\/1983\/revisions\/1989"}],"wp:featuredmedia":[{"embeddable":true,"href":"https:\/\/sti.hn\/wp2\/wp-json\/wp\/v2\/media\/1984"}],"wp:attachment":[{"href":"https:\/\/sti.hn\/wp2\/wp-json\/wp\/v2\/media?parent=1983"}],"curies":[{"name":"wp","href":"https:\/\/api.w.org\/{rel}","templated":true}]}}