{"id":2050,"date":"2022-08-29T21:34:31","date_gmt":"2022-08-29T21:34:31","guid":{"rendered":"https:\/\/sti.hn\/wp2\/?post_type=product&#038;p=2050"},"modified":"2022-08-29T22:34:35","modified_gmt":"2022-08-29T22:34:35","slug":"detectores-de-metales-con-banda-de-transporte-serie-md-5700","status":"publish","type":"product","link":"https:\/\/sti.hn\/wp2\/producto\/detectores-de-metales-con-banda-de-transporte-serie-md-5700\/","title":{"rendered":"DETECTORES DE METALES CON BANDA DE TRANSPORTE SERIE MD-5700"},"content":{"rendered":"<h3>Construcci\u00f3n<\/h3>\n<ul>\n<li><strong>Estructura:<\/strong>\n<ul>\n<li>T\u00fanel de acero inoxidable AISI 304, con\u00a0protecci\u00f3n IP66 (IP69K, opcional).<\/li>\n<li>Bastidor aluminio anodizado (en acero\u00a0inoxidable AISI 304, opcional).<\/li>\n<li>Protecci\u00f3n IP66 (IP69K, opcional).<\/li>\n<li>Caja el\u00e9ctrica de acero inoxidable AISI\u00a0304, con protecci\u00f3n IP69.<\/li>\n<li>Carro de transporte traccionado por\u00a0motor con protecci\u00f3n IP55 (IP66, opcional).<\/li>\n<\/ul>\n<\/li>\n<li><strong>Bandas:\u00a0<\/strong>\n<ul>\n<li>Lisas r\u00edgidas o modulares.<\/li>\n<\/ul>\n<\/li>\n<li><strong>Consola:<\/strong>\n<ul>\n<li>Display t\u00e1ctil de 5,7\u201d a color (protector\u00a0incluido).<\/li>\n<\/ul>\n<\/li>\n<\/ul>\n<h3>Kit completo para cumplimiento de la normativa IFS\/BRC<\/h3>\n<ul>\n<li><strong>Opcional.<\/strong><\/li>\n<li><strong>Incluye:<\/strong>\n<ul>\n<li>Aumento de longitud de carro.<\/li>\n<li>Sensor \u00f3ptico de rechazo y sensor\u00a0\u00f3ptico de contenedor lleno.<\/li>\n<li>Kit de rechazo.<\/li>\n<li>T\u00fanel de protecci\u00f3n de metacrilato.<\/li>\n<li>Contenedor cerrado con llave.<\/li>\n<li>Alarma ac\u00fastica y sonora.<\/li>\n<\/ul>\n<\/li>\n<\/ul>\n<h3>Comunicaciones a PC<\/h3>\n<ul>\n<li><strong>RS-232.<\/strong><\/li>\n<li><strong>Ethernet.<\/strong><\/li>\n<li><strong>Wi-Fi opcional.<\/strong><\/li>\n<li><strong>Puerto USB:\u00a0<\/strong>para copias de seguridad de la programaci\u00f3n del equipo, exportaci\u00f3n de informes de detecciones y modificaciones realizadas en la configuraci\u00f3n.<\/li>\n<\/ul>\n<h3>Alimentaci\u00f3n el\u00e9ctrica<\/h3>\n<ul>\n<li><strong>100-240 V AC, 50\/60 Hz.<\/strong><\/li>\n<\/ul>\n<h3>Posibilidad de integraci\u00f3n con otros equipos<\/h3>\n<ul>\n<li><strong>Equipos de pesaje y etiquetado autom\u00e1tico Dibal LS-4500 y CLS-4500.<\/strong><\/li>\n<li><strong>Equipos de control de peso autom\u00e1tico Dibal CW-4500.<\/strong><\/li>\n<li><strong>Equipos de clasificaci\u00f3n por peso autom\u00e1tica Dibal GW-4500.<\/strong><\/li>\n<\/ul>\n","protected":false},"excerpt":{"rendered":"<h3>Funciones destacables<\/h3>\n<ul>\n<li><strong>Multi-frecuencia.<\/strong><\/li>\n<li><strong>Velocidad de la banda variable.<\/strong><\/li>\n<li><strong>\u201cAuto-setup\u201d, con supresi\u00f3n de interferencias y calibraci\u00f3n autom\u00e1tica de la sensibilidad.<\/strong><\/li>\n<li><strong>Multi-filtro digital, para garantizar la m\u00e1xima estabilidad en entornos agresivos.<\/strong><\/li>\n<li><strong>Auto-balance. Detecci\u00f3n y compensaci\u00f3n autom\u00e1tica de cambios en la se\u00f1al\u00a0<\/strong>(ejemplo: variaciones de temperatura).<\/li>\n<li><strong>Zona de detecci\u00f3n precisa. Localizaci\u00f3n exacta de la part\u00edcula met\u00e1lica en el campo de detecci\u00f3n, permitiendo una separaci\u00f3n minuciosa.<\/strong><\/li>\n<li><strong>Auto-monitorizaci\u00f3n. Vigila el correcto funcionamiento de todos los componentes del equipo.<\/strong><\/li>\n<li><strong>Cancelaci\u00f3n autom\u00e1tica del \u201cefecto producto\u201d, con capacidades de medici\u00f3n de los par\u00e1metros del producto en tiempo real.<\/strong><\/li>\n<li><strong>Auto-seguimiento din\u00e1mico (seguimiento de los cambios en las caracter\u00edsticas de los productos). Garantiza la m\u00e1xima sensibilidad en cada operaci\u00f3n.<\/strong><\/li>\n<li><strong>Seguridad: Acceso protegido con tres niveles de contrase\u00f1as.<\/strong><\/li>\n<\/ul>\n","protected":false},"featured_media":2052,"template":"","meta":{"neve_meta_sidebar":"","neve_meta_container":"","neve_meta_enable_content_width":"off","neve_meta_content_width":100,"neve_meta_title_alignment":"","neve_meta_author_avatar":"","neve_post_elements_order":"","neve_meta_disable_header":"","neve_meta_disable_footer":"","neve_meta_disable_title":""},"class_list":["post-2050","product","type-product","status-publish","has-post-thumbnail","hentry","product_cat-detectranspor"],"_links":{"self":[{"href":"https:\/\/sti.hn\/wp2\/wp-json\/wp\/v2\/product\/2050","targetHints":{"allow":["GET"]}}],"collection":[{"href":"https:\/\/sti.hn\/wp2\/wp-json\/wp\/v2\/product"}],"about":[{"href":"https:\/\/sti.hn\/wp2\/wp-json\/wp\/v2\/types\/product"}],"version-history":[{"count":1,"href":"https:\/\/sti.hn\/wp2\/wp-json\/wp\/v2\/product\/2050\/revisions"}],"predecessor-version":[{"id":2054,"href":"https:\/\/sti.hn\/wp2\/wp-json\/wp\/v2\/product\/2050\/revisions\/2054"}],"wp:featuredmedia":[{"embeddable":true,"href":"https:\/\/sti.hn\/wp2\/wp-json\/wp\/v2\/media\/2052"}],"wp:attachment":[{"href":"https:\/\/sti.hn\/wp2\/wp-json\/wp\/v2\/media?parent=2050"}],"curies":[{"name":"wp","href":"https:\/\/api.w.org\/{rel}","templated":true}]}}