{"id":2055,"date":"2022-08-29T22:29:56","date_gmt":"2022-08-29T22:29:56","guid":{"rendered":"https:\/\/sti.hn\/wp2\/?post_type=product&#038;p=2055"},"modified":"2024-09-30T17:23:24","modified_gmt":"2024-09-30T17:23:24","slug":"detectores-de-metales-con-banda-de-transporte-serie-md-5500","status":"publish","type":"product","link":"https:\/\/sti.hn\/wp2\/producto\/detectores-de-metales-con-banda-de-transporte-serie-md-5500\/","title":{"rendered":"DETECTORES DE METALES CON BANDA DE TRANSPORTE SERIE MD-5500"},"content":{"rendered":"\t\t<div data-elementor-type=\"wp-post\" data-elementor-id=\"2055\" class=\"elementor elementor-2055\" data-elementor-settings=\"[]\">\n\t\t\t\t\t\t\t<div class=\"elementor-section-wrap\">\n\t\t\t\t\t\t\t<section class=\"elementor-section elementor-top-section elementor-element elementor-element-8ab894c elementor-section-boxed elementor-section-height-default elementor-section-height-default\" data-id=\"8ab894c\" data-element_type=\"section\">\n\t\t\t\t\t\t<div class=\"elementor-container elementor-column-gap-default\">\n\t\t\t\t\t<div class=\"elementor-column elementor-col-100 elementor-top-column elementor-element elementor-element-7abf67f\" data-id=\"7abf67f\" data-element_type=\"column\">\n\t\t\t<div class=\"elementor-widget-wrap elementor-element-populated\">\n\t\t\t\t\t\t\t\t<div class=\"elementor-element elementor-element-b13b827 elementor-widget elementor-widget-text-editor\" data-id=\"b13b827\" data-element_type=\"widget\" data-widget_type=\"text-editor.default\">\n\t\t\t\t<div class=\"elementor-widget-container\">\n\t\t\t\t\t<div class=\"elementor-text-editor elementor-clearfix\"><h3>Construcci\u00f3n<\/h3><ul><li><strong>Estructura:<\/strong><ul><li>T\u00fanel de aluminio pintado, con protecci\u00f3n IP66.<\/li><li>Bastidor de aluminio anodizado (en acero inoxidable AISI 304, opcional).<\/li><li>Caja el\u00e9ctrica de acero inoxidable AISI 304, con protecci\u00f3n IP69.<\/li><li>Carro de transporte traccionado por motorreductor IP55 (IP66, opcional).<\/li><\/ul><\/li><li><strong>Bandas:<\/strong><ul><li>Lisas r\u00edgidas o modulares.<\/li><\/ul><\/li><li><strong>Consola:<\/strong><ul><li>Teclado de 4 teclas \u201ctouchpad\u201d y display LCD retroiluminado.<\/li><\/ul><\/li><\/ul><h3>Comunicaciones a PC<\/h3><ul><li><strong>\u00a0RS-232.<\/strong><\/li><\/ul><h3>Alimentaci\u00f3n el\u00e9ctrica<\/h3><ul><li><strong>100-240 V AC, 50\/60 Hz.<\/strong><\/li><\/ul><h3>Posibilidad de integraci\u00f3n con otros equipos<\/h3><ul><li><strong>Equipos de pesaje y etiquetado autom\u00e1tico Dibal LS-4500 y CLS-4500.<\/strong><\/li><li><strong>Equipos de control de peso autom\u00e1tico Dibal CW-4500.<\/strong><\/li><li><strong>Equipos de clasificaci\u00f3n por peso autom\u00e1tica Dibal GW-4500.<\/strong><\/li><\/ul><\/div>\n\t\t\t\t<\/div>\n\t\t\t\t<\/div>\n\t\t\t\t\t<\/div>\n\t\t<\/div>\n\t\t\t\t\t\t\t<\/div>\n\t\t<\/section>\n\t\t\t\t\t\t<\/div>\n\t\t\t\t\t<\/div>\n\t\t","protected":false},"excerpt":{"rendered":"<h3>Funciones destacables<\/h3>\n<ul>\n<li><strong>Mono-frecuencia.<\/strong><\/li>\n<li><strong>Velocidad de la banda variable.<\/strong><\/li>\n<li><strong>\u201cAuto-setup\u201d, con supresi\u00f3n de interferencias y calibraci\u00f3n autom\u00e1tica de la sensibilidad.<\/strong><\/li>\n<li><strong>Multi-filtro digital, para garantizar la m\u00e1xima estabilidad en entornos agresivos.<\/strong><\/li>\n<li><strong>Auto-balance. Detecci\u00f3n y compensaci\u00f3n autom\u00e1tica de cambios en la se\u00f1al\u00a0<\/strong>(ejemplo: variaciones de temperatura).<\/li>\n<li><strong>Zona de detecci\u00f3n precisa. Localizaci\u00f3n exacta de la part\u00edcula met\u00e1lica en el campo de detecci\u00f3n, permitiendo una separaci\u00f3n minuciosa.<\/strong><\/li>\n<li><strong>Auto-monitorizaci\u00f3n. Vigila el correcto funcionamiento de todos los componentes del equipo.<\/strong><\/li>\n<li><strong>Seguridad: Acceso protegido con tres niveles de contrase\u00f1as.<\/strong><\/li>\n<\/ul>\n","protected":false},"featured_media":2057,"template":"","meta":{"neve_meta_sidebar":"","neve_meta_container":"","neve_meta_enable_content_width":"off","neve_meta_content_width":100,"neve_meta_title_alignment":"","neve_meta_author_avatar":"","neve_post_elements_order":"","neve_meta_disable_header":"","neve_meta_disable_footer":"","neve_meta_disable_title":""},"class_list":["post-2055","product","type-product","status-publish","has-post-thumbnail","hentry","product_cat-detectranspor"],"_links":{"self":[{"href":"https:\/\/sti.hn\/wp2\/wp-json\/wp\/v2\/product\/2055","targetHints":{"allow":["GET"]}}],"collection":[{"href":"https:\/\/sti.hn\/wp2\/wp-json\/wp\/v2\/product"}],"about":[{"href":"https:\/\/sti.hn\/wp2\/wp-json\/wp\/v2\/types\/product"}],"version-history":[{"count":5,"href":"https:\/\/sti.hn\/wp2\/wp-json\/wp\/v2\/product\/2055\/revisions"}],"predecessor-version":[{"id":2218,"href":"https:\/\/sti.hn\/wp2\/wp-json\/wp\/v2\/product\/2055\/revisions\/2218"}],"wp:featuredmedia":[{"embeddable":true,"href":"https:\/\/sti.hn\/wp2\/wp-json\/wp\/v2\/media\/2057"}],"wp:attachment":[{"href":"https:\/\/sti.hn\/wp2\/wp-json\/wp\/v2\/media?parent=2055"}],"curies":[{"name":"wp","href":"https:\/\/api.w.org\/{rel}","templated":true}]}}