{"id":2064,"date":"2022-08-29T22:42:20","date_gmt":"2022-08-29T22:42:20","guid":{"rendered":"https:\/\/sti.hn\/wp2\/?post_type=product&#038;p=2064"},"modified":"2024-09-30T17:10:57","modified_gmt":"2024-09-30T17:10:57","slug":"detectora-de-metales-para-embutidoras-serie-mds-5700","status":"publish","type":"product","link":"https:\/\/sti.hn\/wp2\/producto\/detectora-de-metales-para-embutidoras-serie-mds-5700\/","title":{"rendered":"DETECTORA DE METALES PARA EMBUTIDORAS SERIE MDS-5700"},"content":{"rendered":"<h3>Construcci\u00f3n<\/h3>\n<ul>\n<li><strong>Estructura:<\/strong>\n<ul>\n<li>T\u00fanel de acero inoxidable<\/li>\n<li>Bastidor de acero inoxidable.<\/li>\n<li>Protecci\u00f3n IP69K.<\/li>\n<li>4 ruedas con frenos incluidas.<\/li>\n<li>Alarma luminosa y sonora incluida.<\/li>\n<\/ul>\n<\/li>\n<li><strong>Consola:<\/strong>\n<ul>\n<li>Display t\u00e1ctil de 5,7\u201d a color (protector incluido).<\/li>\n<\/ul>\n<\/li>\n<\/ul>\n<h3>Comunicaciones a PC<\/h3>\n<ul>\n<li><strong>RS-232.<\/strong><\/li>\n<li><strong>Ethernet.<\/strong><\/li>\n<li><strong>Wi-Fi opcional.<\/strong><\/li>\n<li><strong>Puerto USB:\u00a0<\/strong>para copias de seguridad de la programaci\u00f3n del equipo, exportaci\u00f3n de informes de detecciones y modificaciones realizadas en la configuraci\u00f3n.<\/li>\n<\/ul>\n<h3>Alimentaci\u00f3n el\u00e9ctrica<\/h3>\n<ul>\n<li><strong>100-240 V AC, 50\/60 Hz.<\/strong><\/li>\n<\/ul>\n<h3>Posibilidad de integraci\u00f3n con otros equipos<\/h3>\n<ul>\n<li><strong>Embutidora Handtmann (incluye bridas de conexi\u00f3n).<\/strong><\/li>\n<li><strong>Embutidora Vemag.<\/strong><\/li>\n<li><strong>Retorcedora Handtmann.<\/strong><\/li>\n<li><strong>Otras embutidoras, consultar.<\/strong><\/li>\n<\/ul>\n","protected":false},"excerpt":{"rendered":"<h3>Funciones destacables<\/h3>\n<ul>\n<li><strong>Multi-frecuencia.<\/strong><\/li>\n<li><strong>\u201cAuto-setup\u201d, con supresi\u00f3n de interferencias y calibraci\u00f3n autom\u00e1tica de la sensibilidad.<\/strong><\/li>\n<li><strong>Multi-filtro digital, para garantizar la m\u00e1xima estabilidad en entornos agresivos.<\/strong><\/li>\n<li><strong>Auto-balance. Detecci\u00f3n y compensaci\u00f3n autom\u00e1tica de cambios en la se\u00f1al<\/strong>\u00a0(ejemplo: variaciones de temperatura).<\/li>\n<li><strong>Zona de detecci\u00f3n precisa. Localizaci\u00f3n exacta de la part\u00edcula met\u00e1lica en el campo de detecci\u00f3n, permitiendo una separaci\u00f3n minuciosa.<\/strong><\/li>\n<li><strong>Auto-monitorizaci\u00f3n. Vigila el correcto funcionamiento de todos los componentes del equipo.<\/strong><\/li>\n<li><strong>Cancelaci\u00f3n autom\u00e1tica del \u201cefecto producto\u201d, con capacidades de medici\u00f3n de los par\u00e1metros del producto en tiempo real.<\/strong><\/li>\n<li><strong>Auto-seguimiento din\u00e1mico (seguimiento de los cambios en las caracter\u00edsticas de los productos). Garantiza la m\u00e1xima sensibilidad en cada operaci\u00f3n.<\/strong><\/li>\n<li><strong>Seguridad: Acceso protegido con tres niveles de contrase\u00f1as.<\/strong><\/li>\n<\/ul>\n","protected":false},"featured_media":2063,"template":"","meta":{"neve_meta_sidebar":"","neve_meta_container":"","neve_meta_enable_content_width":"off","neve_meta_content_width":100,"neve_meta_title_alignment":"","neve_meta_author_avatar":"","neve_post_elements_order":"","neve_meta_disable_header":"","neve_meta_disable_footer":"","neve_meta_disable_title":""},"class_list":["post-2064","product","type-product","status-publish","has-post-thumbnail","hentry","product_cat-detecembuti"],"_links":{"self":[{"href":"https:\/\/sti.hn\/wp2\/wp-json\/wp\/v2\/product\/2064","targetHints":{"allow":["GET"]}}],"collection":[{"href":"https:\/\/sti.hn\/wp2\/wp-json\/wp\/v2\/product"}],"about":[{"href":"https:\/\/sti.hn\/wp2\/wp-json\/wp\/v2\/types\/product"}],"version-history":[{"count":1,"href":"https:\/\/sti.hn\/wp2\/wp-json\/wp\/v2\/product\/2064\/revisions"}],"predecessor-version":[{"id":2066,"href":"https:\/\/sti.hn\/wp2\/wp-json\/wp\/v2\/product\/2064\/revisions\/2066"}],"wp:featuredmedia":[{"embeddable":true,"href":"https:\/\/sti.hn\/wp2\/wp-json\/wp\/v2\/media\/2063"}],"wp:attachment":[{"href":"https:\/\/sti.hn\/wp2\/wp-json\/wp\/v2\/media?parent=2064"}],"curies":[{"name":"wp","href":"https:\/\/api.w.org\/{rel}","templated":true}]}}