{"id":2074,"date":"2022-08-29T23:36:24","date_gmt":"2022-08-29T23:36:24","guid":{"rendered":"https:\/\/sti.hn\/wp2\/?post_type=product&#038;p=2074"},"modified":"2024-09-30T18:49:48","modified_gmt":"2024-09-30T18:49:48","slug":"tbg","status":"publish","type":"product","link":"https:\/\/sti.hn\/wp2\/producto\/tbg\/","title":{"rendered":"TBG"},"content":{"rendered":"\t\t<div data-elementor-type=\"wp-post\" data-elementor-id=\"2074\" class=\"elementor elementor-2074\" data-elementor-settings=\"[]\">\n\t\t\t\t\t\t\t<div class=\"elementor-section-wrap\">\n\t\t\t\t\t\t\t<section class=\"elementor-section elementor-top-section elementor-element elementor-element-7ddc9d5b elementor-section-boxed elementor-section-height-default elementor-section-height-default\" data-id=\"7ddc9d5b\" data-element_type=\"section\">\n\t\t\t\t\t\t<div class=\"elementor-container elementor-column-gap-default\">\n\t\t\t\t\t<div class=\"elementor-column elementor-col-100 elementor-top-column elementor-element elementor-element-1affec05\" data-id=\"1affec05\" data-element_type=\"column\">\n\t\t\t<div class=\"elementor-widget-wrap elementor-element-populated\">\n\t\t\t\t\t\t\t\t<div class=\"elementor-element elementor-element-44a3514f elementor-widget elementor-widget-text-editor\" data-id=\"44a3514f\" data-element_type=\"widget\" data-widget_type=\"text-editor.default\">\n\t\t\t\t<div class=\"elementor-widget-container\">\n\t\t\t\t\t<div class=\"elementor-text-editor elementor-clearfix\"><strong>CARACTER\u00cdSTICAS<\/strong>\r\n&#8211; Termoselladora para bandejas, posibilidad de sellado simple o con aplicaci\u00f3n de gas por sistema de barrido\r\n&#8211; Sellado autom\u00e1tico, sistema de caj\u00f3n con soldadura y corte de film en el interior de la c\u00e1mara\r\n&#8211; Tiempo de sellado programable. Regulaci\u00f3n para una perfecta soldadura en cualquier tipo de material film\r\ny bandeja correspondientes\r\n&#8211; Control electr\u00f3nico temperatura con avisador ac\u00fastico ready y fin de ciclo\r\n&#8211; Medida m\u00e1xima bandeja permitida: 190 x 260 mm\r\n&#8211; Medida m\u00e1xima bobina film: ancho 200mm \u2013 di\u00e1metro 180mm\r\n&#8211; Presentaci\u00f3n de producto perfecta con calidad de entrega en cualquier precocinado o plato preparado\r\n&#8211; Sellado higi\u00e9nico y estanco\r\n&#8211; Construcci\u00f3n s\u00f3lida y robusta en acero inoxidable y aluminio\r\n&#8211; Panel de control con 10 programas\r\n&#8211; M\u00e1xima seguridad: Placa de sellado y cuchilla de corte de film en el interior del equipo\r\n&#8211; Opci\u00f3n para trabajar con inyecci\u00f3n de gas para aumentar la caducidad del alimento (requiere conexi\u00f3n a suministro de gas alimentario)\r\n\r\n&nbsp;\r\n\r\n&nbsp;<\/div>\n\t\t\t\t<\/div>\n\t\t\t\t<\/div>\n\t\t\t\t\t<\/div>\n\t\t<\/div>\n\t\t\t\t\t\t\t<\/div>\n\t\t<\/section>\n\t\t\t\t<section class=\"elementor-section elementor-top-section elementor-element elementor-element-b83c69c elementor-section-boxed elementor-section-height-default elementor-section-height-default\" data-id=\"b83c69c\" data-element_type=\"section\">\n\t\t\t\t\t\t<div class=\"elementor-container elementor-column-gap-default\">\n\t\t\t\t\t<div class=\"elementor-column elementor-col-100 elementor-top-column elementor-element elementor-element-3091faa\" data-id=\"3091faa\" data-element_type=\"column\">\n\t\t\t<div class=\"elementor-widget-wrap elementor-element-populated\">\n\t\t\t\t\t\t\t\t<div class=\"elementor-element elementor-element-46acc5b elementor-widget elementor-widget-heading\" data-id=\"46acc5b\" data-element_type=\"widget\" data-widget_type=\"heading.default\">\n\t\t\t\t<div class=\"elementor-widget-container\">\n\t\t\t<h2 class=\"elementor-heading-title elementor-size-large\">DATOS T\u00c9CNICOS\n<\/h2>\t\t<\/div>\n\t\t\t\t<\/div>\n\t\t\t\t\t<\/div>\n\t\t<\/div>\n\t\t\t\t\t\t\t<\/div>\n\t\t<\/section>\n\t\t\t\t<section class=\"elementor-section elementor-top-section elementor-element elementor-element-0191ca5 elementor-section-boxed elementor-section-height-default elementor-section-height-default\" data-id=\"0191ca5\" data-element_type=\"section\">\n\t\t\t\t\t\t<div class=\"elementor-container elementor-column-gap-default\">\n\t\t\t\t\t<div class=\"elementor-column elementor-col-100 elementor-top-column elementor-element elementor-element-c7e2c16\" data-id=\"c7e2c16\" data-element_type=\"column\">\n\t\t\t<div class=\"elementor-widget-wrap elementor-element-populated\">\n\t\t\t\t\t\t\t\t<div class=\"elementor-element elementor-element-d9e58c3 elementor-widget elementor-widget-text-editor\" data-id=\"d9e58c3\" data-element_type=\"widget\" data-widget_type=\"text-editor.default\">\n\t\t\t\t<div class=\"elementor-widget-container\">\n\t\t\t\t\t<div class=\"elementor-text-editor elementor-clearfix\"><table width=\"497\"><tbody><tr><td width=\"224\">Dimensiones exteriores<\/td><td width=\"273\">300 x 610 x 690 mm (ancho x alto x fondo)<\/td><\/tr><tr><td width=\"224\">Dimensiones cerradas<\/td><td width=\"273\">300 x 610 x 465 mm<\/td><\/tr><tr><td width=\"224\">Tensi\u00f3n el\u00e9ctrica<\/td><td width=\"273\">230V<\/td><\/tr><tr><td width=\"224\">Conexi\u00f3n de gas*<\/td><td width=\"273\">2-4 Mbar\u00a0 *Opcional<\/td><\/tr><tr><td width=\"224\">Potencia<\/td><td width=\"273\">750 W<\/td><\/tr><tr><td width=\"224\">Peso<\/td><td width=\"273\">30 KG<\/td><\/tr><\/tbody><\/table><\/div>\n\t\t\t\t<\/div>\n\t\t\t\t<\/div>\n\t\t\t\t\t<\/div>\n\t\t<\/div>\n\t\t\t\t\t\t\t<\/div>\n\t\t<\/section>\n\t\t\t\t\t\t<\/div>\n\t\t\t\t\t<\/div>\n\t\t","protected":false},"excerpt":{"rendered":"<p>CARACTER\u00cdSTICAS &#8211; Termoselladora para bandejas, posibilidad de sellado simple o con aplicaci\u00f3n de gas por sistema de barrido &#8211; Sellado autom\u00e1tico, sistema de caj\u00f3n con soldadura y corte de film en el interior de la c\u00e1mara &#8211; Tiempo de sellado programable. Regulaci\u00f3n para una perfecta soldadura en cualquier tipo de material film y bandeja correspondientes&hellip;&nbsp;<a href=\"https:\/\/sti.hn\/wp2\/producto\/tbg\/\" class=\"\" rel=\"bookmark\">Leer m\u00e1s &raquo;<span class=\"screen-reader-text\">TBG<\/span><\/a><\/p>\n","protected":false},"featured_media":2075,"template":"","meta":{"neve_meta_sidebar":"","neve_meta_container":"","neve_meta_enable_content_width":"off","neve_meta_content_width":100,"neve_meta_title_alignment":"","neve_meta_author_avatar":"","neve_post_elements_order":"","neve_meta_disable_header":"","neve_meta_disable_footer":"","neve_meta_disable_title":""},"class_list":["post-2074","product","type-product","status-publish","has-post-thumbnail","hentry","product_cat-term"],"_links":{"self":[{"href":"https:\/\/sti.hn\/wp2\/wp-json\/wp\/v2\/product\/2074","targetHints":{"allow":["GET"]}}],"collection":[{"href":"https:\/\/sti.hn\/wp2\/wp-json\/wp\/v2\/product"}],"about":[{"href":"https:\/\/sti.hn\/wp2\/wp-json\/wp\/v2\/types\/product"}],"version-history":[{"count":35,"href":"https:\/\/sti.hn\/wp2\/wp-json\/wp\/v2\/product\/2074\/revisions"}],"predecessor-version":[{"id":2228,"href":"https:\/\/sti.hn\/wp2\/wp-json\/wp\/v2\/product\/2074\/revisions\/2228"}],"wp:featuredmedia":[{"embeddable":true,"href":"https:\/\/sti.hn\/wp2\/wp-json\/wp\/v2\/media\/2075"}],"wp:attachment":[{"href":"https:\/\/sti.hn\/wp2\/wp-json\/wp\/v2\/media?parent=2074"}],"curies":[{"name":"wp","href":"https:\/\/api.w.org\/{rel}","templated":true}]}}