{"id":2083,"date":"2022-08-30T00:53:35","date_gmt":"2022-08-30T00:53:35","guid":{"rendered":"https:\/\/sti.hn\/wp2\/?post_type=product&#038;p=2083"},"modified":"2024-09-29T16:55:40","modified_gmt":"2024-09-29T16:55:40","slug":"tb-2","status":"publish","type":"product","link":"https:\/\/sti.hn\/wp2\/producto\/tb-2\/","title":{"rendered":"TB2"},"content":{"rendered":"\t\t<div data-elementor-type=\"wp-post\" data-elementor-id=\"2083\" class=\"elementor elementor-2083\" data-elementor-settings=\"[]\">\n\t\t\t\t\t\t\t<div class=\"elementor-section-wrap\">\n\t\t\t\t\t\t\t<section class=\"elementor-section elementor-top-section elementor-element elementor-element-7994e1d2 elementor-section-boxed elementor-section-height-default elementor-section-height-default\" data-id=\"7994e1d2\" data-element_type=\"section\">\n\t\t\t\t\t\t<div class=\"elementor-container elementor-column-gap-default\">\n\t\t\t\t\t<div class=\"elementor-column elementor-col-100 elementor-top-column elementor-element elementor-element-5cb937e4\" data-id=\"5cb937e4\" data-element_type=\"column\">\n\t\t\t<div class=\"elementor-widget-wrap elementor-element-populated\">\n\t\t\t\t\t\t\t\t<div class=\"elementor-element elementor-element-d6c081f elementor-widget elementor-widget-text-editor\" data-id=\"d6c081f\" data-element_type=\"widget\" data-widget_type=\"text-editor.default\">\n\t\t\t\t<div class=\"elementor-widget-container\">\n\t\t\t\t\t<div class=\"elementor-text-editor elementor-clearfix\"><p><strong>Equipo para el envasado de bandejas termosellables con vac\u00edo + inyecci\u00f3n de gas<\/strong><br \/><strong>Caracter\u00edsticas<\/strong><br \/>-Construcci\u00f3n 100% en acero inoxidable (aisi304) y aluminio anodizado<br \/>-Dise\u00f1o robusto y compacto, estuctura sobre ruedas para f\u00e1cil transporte<br \/>-Moldes de bandeja intercambiables para la operativa con diferentes formatos<br \/>-Tama\u00f1o m\u00e1ximo de molde; para bandejas de 325 x 265 x 120mm<br \/>-Film superior con bobinador autom\u00e1tico y corte en el per\u00edmetro de la bandeja<br \/>-Panel de control f\u00e1cil e intuitivo, con 10 programas memorizables<br \/>-Nivel de vac\u00edo programable por sensor + tiempo extra + porcentaje de inyecci\u00f3n de gas<br \/>-Soldadura en bandeja programable por tiempo, ajustable a cada material de bobina.<\/p><p><strong>Datos t\u00e9cnicos<\/strong><br \/>Dimensiones exteriores 720 x 1080 x 1600 mm. (ancho x fondo x alto)<br \/>Dimensiones m\u00e1ximas molde Para bandejas \u00bd Gr. 325 x 265 mm.<br \/>Potencia bomba vac\u00edo 40 m3\/h Busch<br \/>63m3\/h Busch (opcional)<br \/>100m3\/h Busch (opcional)<br \/>Potencia el\u00e9ctrica 3\u20195 Kw<br \/>Conexi\u00f3n el\u00e9ctrica 3F &#8211; 380V (opcional 3F -220V)<br \/>Conexi\u00f3n neum\u00e1tica 6 Bar<br \/>La m\u00e1quina est\u00e1ndar incluye un molde de dise\u00f1o a elecci\u00f3n del cliente<br \/>Fabricaci\u00f3n de moldes a medida de cada bandeja. Medida m\u00e1xima 325 x 265 x 150 mm.<\/p><p><a href=\"https:\/\/sti.hn\/wp2\/wp-content\/uploads\/2022\/08\/dtstec-2.png\"><img loading=\"lazy\" decoding=\"async\" class=\"aligncenter wp-image-2086\" src=\"https:\/\/sti.hn\/wp2\/wp-content\/uploads\/2022\/08\/dtstec-2-1024x801.png\" alt=\"\" width=\"500\" height=\"391\" srcset=\"https:\/\/sti.hn\/wp2\/wp-content\/uploads\/2022\/08\/dtstec-2-1024x801.png 1024w, https:\/\/sti.hn\/wp2\/wp-content\/uploads\/2022\/08\/dtstec-2-300x235.png 300w, https:\/\/sti.hn\/wp2\/wp-content\/uploads\/2022\/08\/dtstec-2-768x600.png 768w, https:\/\/sti.hn\/wp2\/wp-content\/uploads\/2022\/08\/dtstec-2-600x469.png 600w, https:\/\/sti.hn\/wp2\/wp-content\/uploads\/2022\/08\/dtstec-2.png 1430w\" sizes=\"auto, (max-width: 500px) 100vw, 500px\" \/><\/a><\/p><\/div>\n\t\t\t\t<\/div>\n\t\t\t\t<\/div>\n\t\t\t\t\t<\/div>\n\t\t<\/div>\n\t\t\t\t\t\t\t<\/div>\n\t\t<\/section>\n\t\t\t\t<section class=\"elementor-section elementor-top-section elementor-element elementor-element-de44609 elementor-section-boxed elementor-section-height-default elementor-section-height-default\" data-id=\"de44609\" data-element_type=\"section\">\n\t\t\t\t\t\t<div class=\"elementor-container elementor-column-gap-default\">\n\t\t\t\t\t<div class=\"elementor-column elementor-col-25 elementor-top-column elementor-element elementor-element-a0ebbf8\" data-id=\"a0ebbf8\" data-element_type=\"column\">\n\t\t\t<div class=\"elementor-widget-wrap elementor-element-populated\">\n\t\t\t\t\t\t\t\t<div class=\"elementor-element elementor-element-6af617e elementor-aspect-ratio-169 elementor-widget elementor-widget-video\" data-id=\"6af617e\" data-element_type=\"widget\" data-settings=\"{&quot;youtube_url&quot;:&quot;https:\\\/\\\/www.youtube.com\\\/watch?v=RdelJWIRrcA&amp;t=1s&quot;,&quot;video_type&quot;:&quot;youtube&quot;,&quot;controls&quot;:&quot;yes&quot;,&quot;aspect_ratio&quot;:&quot;169&quot;}\" data-widget_type=\"video.default\">\n\t\t\t\t<div class=\"elementor-widget-container\">\n\t\t\t\t\t<div class=\"elementor-wrapper elementor-fit-aspect-ratio elementor-open-inline\">\n\t\t\t<div class=\"elementor-video\"><\/div>\t\t<\/div>\n\t\t\t\t<\/div>\n\t\t\t\t<\/div>\n\t\t\t\t\t<\/div>\n\t\t<\/div>\n\t\t\t\t<div class=\"elementor-column elementor-col-25 elementor-top-column elementor-element elementor-element-10f27ad\" data-id=\"10f27ad\" data-element_type=\"column\">\n\t\t\t<div class=\"elementor-widget-wrap elementor-element-populated\">\n\t\t\t\t\t\t\t\t<div class=\"elementor-element elementor-element-6e6cd8d elementor-aspect-ratio-169 elementor-widget elementor-widget-video\" data-id=\"6e6cd8d\" data-element_type=\"widget\" data-settings=\"{&quot;youtube_url&quot;:&quot;https:\\\/\\\/www.youtube.com\\\/watch?v=JCKcVkWfCXo&quot;,&quot;video_type&quot;:&quot;youtube&quot;,&quot;controls&quot;:&quot;yes&quot;,&quot;aspect_ratio&quot;:&quot;169&quot;}\" data-widget_type=\"video.default\">\n\t\t\t\t<div class=\"elementor-widget-container\">\n\t\t\t\t\t<div class=\"elementor-wrapper elementor-fit-aspect-ratio elementor-open-inline\">\n\t\t\t<div class=\"elementor-video\"><\/div>\t\t<\/div>\n\t\t\t\t<\/div>\n\t\t\t\t<\/div>\n\t\t\t\t\t<\/div>\n\t\t<\/div>\n\t\t\t\t<div class=\"elementor-column elementor-col-25 elementor-top-column elementor-element elementor-element-f2abda8\" data-id=\"f2abda8\" data-element_type=\"column\">\n\t\t\t<div class=\"elementor-widget-wrap elementor-element-populated\">\n\t\t\t\t\t\t\t\t<div class=\"elementor-element elementor-element-eb2843d elementor-aspect-ratio-169 elementor-widget elementor-widget-video\" data-id=\"eb2843d\" data-element_type=\"widget\" data-settings=\"{&quot;youtube_url&quot;:&quot;https:\\\/\\\/www.youtube.com\\\/watch?v=74OhOvkMSb0&quot;,&quot;video_type&quot;:&quot;youtube&quot;,&quot;controls&quot;:&quot;yes&quot;,&quot;aspect_ratio&quot;:&quot;169&quot;}\" data-widget_type=\"video.default\">\n\t\t\t\t<div class=\"elementor-widget-container\">\n\t\t\t\t\t<div class=\"elementor-wrapper elementor-fit-aspect-ratio elementor-open-inline\">\n\t\t\t<div class=\"elementor-video\"><\/div>\t\t<\/div>\n\t\t\t\t<\/div>\n\t\t\t\t<\/div>\n\t\t\t\t\t<\/div>\n\t\t<\/div>\n\t\t\t\t<div class=\"elementor-column elementor-col-25 elementor-top-column elementor-element elementor-element-6aede51\" data-id=\"6aede51\" data-element_type=\"column\">\n\t\t\t<div class=\"elementor-widget-wrap elementor-element-populated\">\n\t\t\t\t\t\t\t\t<div class=\"elementor-element elementor-element-574cd3a elementor-aspect-ratio-169 elementor-widget elementor-widget-video\" data-id=\"574cd3a\" data-element_type=\"widget\" data-settings=\"{&quot;youtube_url&quot;:&quot;https:\\\/\\\/www.youtube.com\\\/watch?v=q9c-d3RUoIg&quot;,&quot;video_type&quot;:&quot;youtube&quot;,&quot;controls&quot;:&quot;yes&quot;,&quot;aspect_ratio&quot;:&quot;169&quot;}\" data-widget_type=\"video.default\">\n\t\t\t\t<div class=\"elementor-widget-container\">\n\t\t\t\t\t<div class=\"elementor-wrapper elementor-fit-aspect-ratio elementor-open-inline\">\n\t\t\t<div class=\"elementor-video\"><\/div>\t\t<\/div>\n\t\t\t\t<\/div>\n\t\t\t\t<\/div>\n\t\t\t\t\t<\/div>\n\t\t<\/div>\n\t\t\t\t\t\t\t<\/div>\n\t\t<\/section>\n\t\t\t\t\t\t<\/div>\n\t\t\t\t\t<\/div>\n\t\t","protected":false},"excerpt":{"rendered":"<p>Construcci\u00f3n s\u00f3lida y robusta en acero inox.<br \/>\nPanel de control con 20 programas.<br \/>\nEntrada progresiva de aire -softair-.<br \/>\nControl de tiempo de sellado.<br \/>\nF\u00e1cil mantenimiento.<\/p>\n","protected":false},"featured_media":2085,"template":"","meta":{"neve_meta_sidebar":"","neve_meta_container":"","neve_meta_enable_content_width":"off","neve_meta_content_width":100,"neve_meta_title_alignment":"","neve_meta_author_avatar":"","neve_post_elements_order":"","neve_meta_disable_header":"","neve_meta_disable_footer":"","neve_meta_disable_title":""},"class_list":["post-2083","product","type-product","status-publish","has-post-thumbnail","hentry","product_cat-term"],"_links":{"self":[{"href":"https:\/\/sti.hn\/wp2\/wp-json\/wp\/v2\/product\/2083","targetHints":{"allow":["GET"]}}],"collection":[{"href":"https:\/\/sti.hn\/wp2\/wp-json\/wp\/v2\/product"}],"about":[{"href":"https:\/\/sti.hn\/wp2\/wp-json\/wp\/v2\/types\/product"}],"version-history":[{"count":5,"href":"https:\/\/sti.hn\/wp2\/wp-json\/wp\/v2\/product\/2083\/revisions"}],"predecessor-version":[{"id":2118,"href":"https:\/\/sti.hn\/wp2\/wp-json\/wp\/v2\/product\/2083\/revisions\/2118"}],"wp:featuredmedia":[{"embeddable":true,"href":"https:\/\/sti.hn\/wp2\/wp-json\/wp\/v2\/media\/2085"}],"wp:attachment":[{"href":"https:\/\/sti.hn\/wp2\/wp-json\/wp\/v2\/media?parent=2083"}],"curies":[{"name":"wp","href":"https:\/\/api.w.org\/{rel}","templated":true}]}}