{"id":2088,"date":"2022-08-31T17:53:00","date_gmt":"2022-08-31T17:53:00","guid":{"rendered":"https:\/\/sti.hn\/wp2\/?post_type=product&#038;p=2088"},"modified":"2024-09-29T16:55:33","modified_gmt":"2024-09-29T16:55:33","slug":"tb5","status":"publish","type":"product","link":"https:\/\/sti.hn\/wp2\/producto\/tb5\/","title":{"rendered":"TB5"},"content":{"rendered":"\t\t<div data-elementor-type=\"wp-post\" data-elementor-id=\"2088\" class=\"elementor elementor-2088\" data-elementor-settings=\"[]\">\n\t\t\t\t\t\t\t<div class=\"elementor-section-wrap\">\n\t\t\t\t\t\t\t<section class=\"elementor-section elementor-top-section elementor-element elementor-element-2806891d elementor-section-boxed elementor-section-height-default elementor-section-height-default\" data-id=\"2806891d\" data-element_type=\"section\">\n\t\t\t\t\t\t<div class=\"elementor-container elementor-column-gap-default\">\n\t\t\t\t\t<div class=\"elementor-column elementor-col-100 elementor-top-column elementor-element elementor-element-7f8dc488\" data-id=\"7f8dc488\" data-element_type=\"column\">\n\t\t\t<div class=\"elementor-widget-wrap elementor-element-populated\">\n\t\t\t\t\t\t\t\t<div class=\"elementor-element elementor-element-40e44ed5 elementor-widget elementor-widget-text-editor\" data-id=\"40e44ed5\" data-element_type=\"widget\" data-widget_type=\"text-editor.default\">\n\t\t\t\t<div class=\"elementor-widget-container\">\n\t\t\t\t\t<div class=\"elementor-text-editor elementor-clearfix\"><div class=\"fl-module fl-module-heading fl-node-60925d86b1e72\" data-node=\"60925d86b1e72\">\r\n<div class=\"fl-module-content fl-node-content\">\r\n<h3 class=\"fl-heading\"><span class=\"fl-heading-text\">Caracter\u00edsticas t\u00e9cnicas<\/span><\/h3>\r\n<\/div>\r\n<\/div>\r\n<div class=\"fl-module fl-module-rich-text fl-node-60925d86b1e5e\" data-node=\"60925d86b1e5e\">\r\n<div class=\"fl-module-content fl-node-content\">\r\n<div class=\"fl-rich-text\">\r\n<ul>\r\n \t<li>Dimensiones exteriores: 1055 x 1106 x 1509 mm<\/li>\r\n \t<li>Medida m\u00e1xima de la bobina de film: ancho de 370 mm \/ di\u00e1metro 250 mm<\/li>\r\n \t<li>Bomba de vac\u00edo: 43 mc\/h<\/li>\r\n \t<li>Tensi\u00f3n el\u00e9ctrica: 3x400V + N + Pe \u2013 50Hz<\/li>\r\n \t<li>Potencia instalada: 1,5 &#8211; 5 Kw<\/li>\r\n \t<li>Peso: 300 Kg<\/li>\r\n<\/ul>\r\n<\/div>\r\n<\/div>\r\n<\/div>\r\n<div class=\"fl-module fl-module-heading fl-node-60925d86b1e60\" data-node=\"60925d86b1e60\">\r\n<div class=\"fl-module-content fl-node-content\">\r\n<h6 class=\"fl-heading\"><span class=\"fl-heading-text\">Especificaci\u00f3n dimensiones (Ancho x Fondo x Alto)<\/span><\/h6>\r\n<\/div>\r\n<\/div>\r\n<div class=\"fl-module fl-module-heading fl-node-60925d86b1e69\" data-node=\"60925d86b1e69\">\r\n<div class=\"fl-module-content fl-node-content\">\r\n<h3 class=\"fl-heading\"><span class=\"fl-heading-text\">Informaci\u00f3n general<\/span><\/h3>\r\n<\/div>\r\n<\/div>\r\n<div class=\"fl-module fl-module-rich-text fl-node-60925d86b1e7a\" data-node=\"60925d86b1e7a\">\r\n<div class=\"fl-module-content fl-node-content\">\r\n<div class=\"fl-rich-text\">\r\n\r\nCapaz de absorber una velocidad de entre 3 y 8 ciclos\/minuto, dependiendo del producto a termosellar.\r\n\r\nPosibilidades de tiempo al envasar:\r\n<ul>\r\n \t<li>28 bandejas \/ min en el modo solo sello<\/li>\r\n \t<li>16 bandejas \/ min en el modo M.A.P.<\/li>\r\n \t<li>12 bandejas \/ min en el modo Skin.<\/li>\r\n<\/ul>\r\nFabricada con un sistema operativo donde todas las funciones que ofrece la TB5 est\u00e1n controladas por una pantalla de PLC con 65.000 colores. Puerto USB \/ *Ethernet, 99 programas de embalaje, selecci\u00f3n de idiomas, control de temperatura integrado, M.A.P. par\u00e1metros, bandeja de la piel y vac\u00edo gradual.\r\n\r\nLa termoselladora TB5 ofrece la opci\u00f3n de hasta 4 moldes diferentes para diferentes tipos de bandejas.\r\n<ul>\r\n \t<li>Molde a medida<\/li>\r\n \t<li>Molde recomendado para 2 bandejas de \u00bc Gastronorm y\/o para 4 bandejas de 1\/8 Gastronorm<\/li>\r\n<\/ul>\r\nConstruida en un formato s\u00f3lido y robusto, en acero inoxidable sobre placa de 1,2 cm de grosor.\r\n\r\nSellado higi\u00e9nico y estanco\r\n\r\nPresentaci\u00f3n de producto exclusiva para una presentaci\u00f3n \u00fanica en cualquier precocinado o plato preparado\r\n\r\n<\/div>\r\n<\/div>\r\n<\/div>\r\n<div class=\"fl-module fl-module-heading fl-node-60925d86b1e68\" data-node=\"60925d86b1e68\">\r\n<div class=\"fl-module-content fl-node-content\">\r\n<h3 class=\"fl-heading\"><span class=\"fl-heading-text\">Opciones<\/span><\/h3>\r\n<\/div>\r\n<\/div>\r\n<div class=\"fl-module fl-module-rich-text fl-node-60925d86b1e5f\" data-node=\"60925d86b1e5f\">\r\n<div class=\"fl-module-content fl-node-content\">\r\n<div class=\"fl-rich-text\">\r\n\r\nTermoselladora con la mejor opci\u00f3n del mercado: funci\u00f3n SKIN sobre cart\u00f3n plano\r\n\r\nBomba roja para envasado con alto contenido en ox\u00edgeno\r\n\r\nFotoc\u00e9lula para film impreso\r\n\r\nExtractor de envases\r\n\r\nCarro portamoldes. Cambio de matriz sin ning\u00fan tipo de herramienta y en un tiempo m\u00ednimo, tan solo 2 minutos son necesarios.\r\n\r\n<\/div>\r\n&nbsp;\r\n\r\n<\/div>\r\n<\/div><\/div>\n\t\t\t\t<\/div>\n\t\t\t\t<\/div>\n\t\t\t\t\t<\/div>\n\t\t<\/div>\n\t\t\t\t\t\t\t<\/div>\n\t\t<\/section>\n\t\t\t\t<section class=\"elementor-section elementor-top-section elementor-element elementor-element-b7140d0 elementor-section-boxed elementor-section-height-default elementor-section-height-default\" data-id=\"b7140d0\" data-element_type=\"section\">\n\t\t\t\t\t\t<div class=\"elementor-container elementor-column-gap-default\">\n\t\t\t\t\t<div class=\"elementor-column elementor-col-25 elementor-top-column elementor-element elementor-element-8ab2a99\" data-id=\"8ab2a99\" data-element_type=\"column\">\n\t\t\t<div class=\"elementor-widget-wrap elementor-element-populated\">\n\t\t\t\t\t\t\t\t<div class=\"elementor-element elementor-element-f874479 elementor-aspect-ratio-169 elementor-widget elementor-widget-video\" data-id=\"f874479\" data-element_type=\"widget\" data-settings=\"{&quot;youtube_url&quot;:&quot;https:\\\/\\\/www.youtube.com\\\/watch?v=jZvu0yK1VeU&quot;,&quot;video_type&quot;:&quot;youtube&quot;,&quot;controls&quot;:&quot;yes&quot;,&quot;aspect_ratio&quot;:&quot;169&quot;}\" data-widget_type=\"video.default\">\n\t\t\t\t<div class=\"elementor-widget-container\">\n\t\t\t\t\t<div class=\"elementor-wrapper elementor-fit-aspect-ratio elementor-open-inline\">\n\t\t\t<div class=\"elementor-video\"><\/div>\t\t<\/div>\n\t\t\t\t<\/div>\n\t\t\t\t<\/div>\n\t\t\t\t\t<\/div>\n\t\t<\/div>\n\t\t\t\t<div class=\"elementor-column elementor-col-25 elementor-top-column elementor-element elementor-element-ddc59a0\" data-id=\"ddc59a0\" data-element_type=\"column\">\n\t\t\t<div class=\"elementor-widget-wrap elementor-element-populated\">\n\t\t\t\t\t\t\t\t<div class=\"elementor-element elementor-element-92c71d6 elementor-aspect-ratio-169 elementor-widget elementor-widget-video\" data-id=\"92c71d6\" data-element_type=\"widget\" data-settings=\"{&quot;youtube_url&quot;:&quot;https:\\\/\\\/www.youtube.com\\\/watch?v=ycaooGP5Bis&quot;,&quot;video_type&quot;:&quot;youtube&quot;,&quot;controls&quot;:&quot;yes&quot;,&quot;aspect_ratio&quot;:&quot;169&quot;}\" data-widget_type=\"video.default\">\n\t\t\t\t<div class=\"elementor-widget-container\">\n\t\t\t\t\t<div class=\"elementor-wrapper elementor-fit-aspect-ratio elementor-open-inline\">\n\t\t\t<div class=\"elementor-video\"><\/div>\t\t<\/div>\n\t\t\t\t<\/div>\n\t\t\t\t<\/div>\n\t\t\t\t\t<\/div>\n\t\t<\/div>\n\t\t\t\t<div class=\"elementor-column elementor-col-25 elementor-top-column elementor-element elementor-element-e84420a\" data-id=\"e84420a\" data-element_type=\"column\">\n\t\t\t<div class=\"elementor-widget-wrap elementor-element-populated\">\n\t\t\t\t\t\t\t\t<div class=\"elementor-element elementor-element-9665dbf elementor-aspect-ratio-169 elementor-widget elementor-widget-video\" data-id=\"9665dbf\" data-element_type=\"widget\" data-settings=\"{&quot;youtube_url&quot;:&quot;https:\\\/\\\/www.youtube.com\\\/watch?v=7oot2LlN5Ug&quot;,&quot;video_type&quot;:&quot;youtube&quot;,&quot;controls&quot;:&quot;yes&quot;,&quot;aspect_ratio&quot;:&quot;169&quot;}\" data-widget_type=\"video.default\">\n\t\t\t\t<div class=\"elementor-widget-container\">\n\t\t\t\t\t<div class=\"elementor-wrapper elementor-fit-aspect-ratio elementor-open-inline\">\n\t\t\t<div class=\"elementor-video\"><\/div>\t\t<\/div>\n\t\t\t\t<\/div>\n\t\t\t\t<\/div>\n\t\t\t\t\t<\/div>\n\t\t<\/div>\n\t\t\t\t<div class=\"elementor-column elementor-col-25 elementor-top-column elementor-element elementor-element-3318b61\" data-id=\"3318b61\" data-element_type=\"column\">\n\t\t\t<div class=\"elementor-widget-wrap elementor-element-populated\">\n\t\t\t\t\t\t\t\t<div class=\"elementor-element elementor-element-8a2d211 elementor-aspect-ratio-169 elementor-widget elementor-widget-video\" data-id=\"8a2d211\" data-element_type=\"widget\" data-settings=\"{&quot;youtube_url&quot;:&quot;https:\\\/\\\/www.youtube.com\\\/watch?v=5KJiCJhDTKA&quot;,&quot;video_type&quot;:&quot;youtube&quot;,&quot;controls&quot;:&quot;yes&quot;,&quot;aspect_ratio&quot;:&quot;169&quot;}\" data-widget_type=\"video.default\">\n\t\t\t\t<div class=\"elementor-widget-container\">\n\t\t\t\t\t<div class=\"elementor-wrapper elementor-fit-aspect-ratio elementor-open-inline\">\n\t\t\t<div class=\"elementor-video\"><\/div>\t\t<\/div>\n\t\t\t\t<\/div>\n\t\t\t\t<\/div>\n\t\t\t\t\t<\/div>\n\t\t<\/div>\n\t\t\t\t\t\t\t<\/div>\n\t\t<\/section>\n\t\t\t\t\t\t<\/div>\n\t\t\t\t\t<\/div>\n\t\t","protected":false},"excerpt":{"rendered":"<p>Bomba de vac\u00edo de entre 63\/100.<br \/>\nVelocidad de 3 a 8 ciclos por minuto.<br \/>\nCarro portamodelos.<br \/>\nOpci\u00f3n de envasado SKIN sobre cart\u00f3n plano.<\/p>\n","protected":false},"featured_media":2089,"template":"","meta":{"neve_meta_sidebar":"","neve_meta_container":"","neve_meta_enable_content_width":"off","neve_meta_content_width":100,"neve_meta_title_alignment":"","neve_meta_author_avatar":"","neve_post_elements_order":"","neve_meta_disable_header":"","neve_meta_disable_footer":"","neve_meta_disable_title":""},"class_list":["post-2088","product","type-product","status-publish","has-post-thumbnail","hentry","product_cat-term"],"_links":{"self":[{"href":"https:\/\/sti.hn\/wp2\/wp-json\/wp\/v2\/product\/2088","targetHints":{"allow":["GET"]}}],"collection":[{"href":"https:\/\/sti.hn\/wp2\/wp-json\/wp\/v2\/product"}],"about":[{"href":"https:\/\/sti.hn\/wp2\/wp-json\/wp\/v2\/types\/product"}],"version-history":[{"count":5,"href":"https:\/\/sti.hn\/wp2\/wp-json\/wp\/v2\/product\/2088\/revisions"}],"predecessor-version":[{"id":2097,"href":"https:\/\/sti.hn\/wp2\/wp-json\/wp\/v2\/product\/2088\/revisions\/2097"}],"wp:featuredmedia":[{"embeddable":true,"href":"https:\/\/sti.hn\/wp2\/wp-json\/wp\/v2\/media\/2089"}],"wp:attachment":[{"href":"https:\/\/sti.hn\/wp2\/wp-json\/wp\/v2\/media?parent=2088"}],"curies":[{"name":"wp","href":"https:\/\/api.w.org\/{rel}","templated":true}]}}