{"id":2098,"date":"2022-08-31T18:06:56","date_gmt":"2022-08-31T18:06:56","guid":{"rendered":"https:\/\/sti.hn\/wp2\/?post_type=product&#038;p=2098"},"modified":"2024-09-29T16:55:23","modified_gmt":"2024-09-29T16:55:23","slug":"tb-4","status":"publish","type":"product","link":"https:\/\/sti.hn\/wp2\/producto\/tb-4\/","title":{"rendered":"TB4"},"content":{"rendered":"\t\t<div data-elementor-type=\"wp-post\" data-elementor-id=\"2098\" class=\"elementor elementor-2098\" data-elementor-settings=\"[]\">\n\t\t\t\t\t\t\t<div class=\"elementor-section-wrap\">\n\t\t\t\t\t\t\t<section class=\"elementor-section elementor-top-section elementor-element elementor-element-448d6d83 elementor-section-boxed elementor-section-height-default elementor-section-height-default\" data-id=\"448d6d83\" data-element_type=\"section\">\n\t\t\t\t\t\t<div class=\"elementor-container elementor-column-gap-default\">\n\t\t\t\t\t<div class=\"elementor-column elementor-col-100 elementor-top-column elementor-element elementor-element-13d1a57\" data-id=\"13d1a57\" data-element_type=\"column\">\n\t\t\t<div class=\"elementor-widget-wrap elementor-element-populated\">\n\t\t\t\t\t\t\t\t<div class=\"elementor-element elementor-element-6226bbb1 elementor-widget elementor-widget-text-editor\" data-id=\"6226bbb1\" data-element_type=\"widget\" data-widget_type=\"text-editor.default\">\n\t\t\t\t<div class=\"elementor-widget-container\">\n\t\t\t\t\t<div class=\"elementor-text-editor elementor-clearfix\"><div class=\"fl-module fl-module-heading fl-node-5c88ebcd9dc25\" data-node=\"5c88ebcd9dc25\"><div class=\"fl-module-content fl-node-content\"><h3 class=\"fl-heading\"><span class=\"fl-heading-text\">Caracter\u00edsticas dimensiones<\/span><\/h3><\/div><\/div><div class=\"fl-module fl-module-rich-text fl-node-5c88ebcd9cc84\" data-node=\"5c88ebcd9cc84\"><div class=\"fl-module-content fl-node-content\"><div class=\"fl-rich-text\"><ul><li>Dimensiones exteriores: 2595 x 940 x 1725 mm<\/li><li>Medidas m\u00e1ximde bandeja a envasar: 1\/2 Gr. 325 x 265 x 115 mm<\/li><li>Bomba de vac\u00edo: Busch 63 m3\/h de serie , opci\u00f3n de bomba Busch de 100m3\/h<\/li><li>Potencia: 5\u20198 kw<\/li><li>Presi\u00f3n de gas inerte: 6 bar &#8211; 7 \/ 25 NI \/ C<\/li><li>Conexi\u00f3n el\u00e9ctrica: 3 \/ N \/ PE 400V 50Hz<\/li><\/ul><\/div><\/div><\/div><div class=\"fl-module fl-module-heading fl-node-5c88ebcd9cdd4\" data-node=\"5c88ebcd9cdd4\"><div class=\"fl-module-content fl-node-content\"><h6 class=\"fl-heading\"><span class=\"fl-heading-text\">Especificaci\u00f3n dimensiones (Ancho x Fondo x Alto)<\/span><\/h6><\/div><\/div><div class=\"fl-module fl-module-heading fl-node-5c88ebcd9d598\" data-node=\"5c88ebcd9d598\"><div class=\"fl-module-content fl-node-content\"><h3 class=\"fl-heading\"><span class=\"fl-heading-text\">Informaci\u00f3n general termoselladora TB4<\/span><\/h3><\/div><\/div><div class=\"fl-module fl-module-rich-text fl-node-5c88ebcd9e57b\" data-node=\"5c88ebcd9e57b\"><div class=\"fl-module-content fl-node-content\"><div class=\"fl-rich-text\"><ul><li>Equipo simple, robusto y fiable<\/li><li>Equipo 100% el\u00e9ctrico, no precisa de la conexi\u00f3n para aire comprimido<\/li><li>Moldes intercambiables f\u00e1cilmente<\/li><li>Dise\u00f1o extra compacto<\/li><li>Construcci\u00f3n en acero inox y aluminio anodizado<\/li><li>Control de vac\u00edo y compensaci\u00f3n-inyecci\u00f3n de gas por sensor<\/li><li>Programas configurables<\/li><li>Mantenimiento simple y b\u00e1sico<\/li><li>F\u00e1cil acceso a todas las partes para mantenimiento o ajustes<\/li><\/ul><\/div><\/div><\/div><div class=\"fl-module fl-module-heading fl-node-5c88ebcd9d397\" data-node=\"5c88ebcd9d397\"><div class=\"fl-module-content fl-node-content\"><h3 class=\"fl-heading\"><span class=\"fl-heading-text\">Opciones<\/span><\/h3><\/div><\/div><div class=\"fl-module fl-module-rich-text fl-node-5c88ebcd9cd2c\" data-node=\"5c88ebcd9cd2c\"><div class=\"fl-module-content fl-node-content\"><div class=\"fl-rich-text\"><ul><li>Molde adicional dise\u00f1o Gastronorm, para sellado de formatos est\u00e1ndar<\/li><li>Molde adicional de dise\u00f1o a medida, para sellador de formatos especiales<\/li><li>Funci\u00f3n Skin, adaptaci\u00f3n para envasado bandejas en formato skin<\/li><li>Soldadura abre f\u00e1cil, sistema de sellado con pesta\u00f1a para f\u00e1cil apertura<\/li><li>Fotoc\u00e9lula de detecci\u00f3n, para el envasado con film impreso<\/li><li>Grupo filtraje aire de entrada<\/li><li>Compresor 50lts.<\/li><li>Vacuum Experience<\/li><\/ul><\/div><\/div><\/div><\/div>\n\t\t\t\t<\/div>\n\t\t\t\t<\/div>\n\t\t\t\t\t<\/div>\n\t\t<\/div>\n\t\t\t\t\t\t\t<\/div>\n\t\t<\/section>\n\t\t\t\t<section class=\"elementor-section elementor-top-section elementor-element elementor-element-3ea1a17 elementor-section-boxed elementor-section-height-default elementor-section-height-default\" data-id=\"3ea1a17\" data-element_type=\"section\">\n\t\t\t\t\t\t<div class=\"elementor-container elementor-column-gap-default\">\n\t\t\t\t\t<div class=\"elementor-column elementor-col-25 elementor-top-column elementor-element elementor-element-261b63f\" data-id=\"261b63f\" data-element_type=\"column\">\n\t\t\t<div class=\"elementor-widget-wrap elementor-element-populated\">\n\t\t\t\t\t\t\t\t<div class=\"elementor-element elementor-element-e848692 elementor-aspect-ratio-169 elementor-widget elementor-widget-video\" data-id=\"e848692\" data-element_type=\"widget\" data-settings=\"{&quot;youtube_url&quot;:&quot;https:\\\/\\\/www.youtube.com\\\/watch?v=5qXmdAeKnMQ&quot;,&quot;video_type&quot;:&quot;youtube&quot;,&quot;controls&quot;:&quot;yes&quot;,&quot;aspect_ratio&quot;:&quot;169&quot;}\" data-widget_type=\"video.default\">\n\t\t\t\t<div class=\"elementor-widget-container\">\n\t\t\t\t\t<div class=\"elementor-wrapper elementor-fit-aspect-ratio elementor-open-inline\">\n\t\t\t<div class=\"elementor-video\"><\/div>\t\t<\/div>\n\t\t\t\t<\/div>\n\t\t\t\t<\/div>\n\t\t\t\t\t<\/div>\n\t\t<\/div>\n\t\t\t\t<div class=\"elementor-column elementor-col-25 elementor-top-column elementor-element elementor-element-ad64216\" data-id=\"ad64216\" data-element_type=\"column\">\n\t\t\t<div class=\"elementor-widget-wrap elementor-element-populated\">\n\t\t\t\t\t\t\t\t<div class=\"elementor-element elementor-element-a1b5d1f elementor-aspect-ratio-169 elementor-widget elementor-widget-video\" data-id=\"a1b5d1f\" data-element_type=\"widget\" data-settings=\"{&quot;youtube_url&quot;:&quot;https:\\\/\\\/www.youtube.com\\\/watch?v=NKLz88AI-dA&quot;,&quot;video_type&quot;:&quot;youtube&quot;,&quot;controls&quot;:&quot;yes&quot;,&quot;aspect_ratio&quot;:&quot;169&quot;}\" data-widget_type=\"video.default\">\n\t\t\t\t<div class=\"elementor-widget-container\">\n\t\t\t\t\t<div class=\"elementor-wrapper elementor-fit-aspect-ratio elementor-open-inline\">\n\t\t\t<div class=\"elementor-video\"><\/div>\t\t<\/div>\n\t\t\t\t<\/div>\n\t\t\t\t<\/div>\n\t\t\t\t\t<\/div>\n\t\t<\/div>\n\t\t\t\t<div class=\"elementor-column elementor-col-25 elementor-top-column elementor-element elementor-element-cd210e8\" data-id=\"cd210e8\" data-element_type=\"column\">\n\t\t\t<div class=\"elementor-widget-wrap elementor-element-populated\">\n\t\t\t\t\t\t\t\t<div class=\"elementor-element elementor-element-4a50280 elementor-aspect-ratio-169 elementor-widget elementor-widget-video\" data-id=\"4a50280\" data-element_type=\"widget\" data-settings=\"{&quot;youtube_url&quot;:&quot;https:\\\/\\\/www.youtube.com\\\/watch?v=NKLz88AI-dA&quot;,&quot;video_type&quot;:&quot;youtube&quot;,&quot;controls&quot;:&quot;yes&quot;,&quot;aspect_ratio&quot;:&quot;169&quot;}\" data-widget_type=\"video.default\">\n\t\t\t\t<div class=\"elementor-widget-container\">\n\t\t\t\t\t<div class=\"elementor-wrapper elementor-fit-aspect-ratio elementor-open-inline\">\n\t\t\t<div class=\"elementor-video\"><\/div>\t\t<\/div>\n\t\t\t\t<\/div>\n\t\t\t\t<\/div>\n\t\t\t\t\t<\/div>\n\t\t<\/div>\n\t\t\t\t<div class=\"elementor-column elementor-col-25 elementor-top-column elementor-element elementor-element-b4fda5a\" data-id=\"b4fda5a\" data-element_type=\"column\">\n\t\t\t<div class=\"elementor-widget-wrap elementor-element-populated\">\n\t\t\t\t\t\t\t\t<div class=\"elementor-element elementor-element-4800c94 elementor-aspect-ratio-169 elementor-widget elementor-widget-video\" data-id=\"4800c94\" data-element_type=\"widget\" data-settings=\"{&quot;youtube_url&quot;:&quot;https:\\\/\\\/www.youtube.com\\\/watch?v=NKLz88AI-dA&quot;,&quot;video_type&quot;:&quot;youtube&quot;,&quot;controls&quot;:&quot;yes&quot;,&quot;aspect_ratio&quot;:&quot;169&quot;}\" data-widget_type=\"video.default\">\n\t\t\t\t<div class=\"elementor-widget-container\">\n\t\t\t\t\t<div class=\"elementor-wrapper elementor-fit-aspect-ratio elementor-open-inline\">\n\t\t\t<div class=\"elementor-video\"><\/div>\t\t<\/div>\n\t\t\t\t<\/div>\n\t\t\t\t<\/div>\n\t\t\t\t\t<\/div>\n\t\t<\/div>\n\t\t\t\t\t\t\t<\/div>\n\t\t<\/section>\n\t\t\t\t\t\t<\/div>\n\t\t\t\t\t<\/div>\n\t\t","protected":false},"excerpt":{"rendered":"<p>Construcci\u00f3n 100% en acero inoxidable, robusta y compacta. Modelo con sistema autom\u00e1tico para la carga y descarga de bandejas. Fabricaci\u00f3n de moldes a medida de cada bandeja, f\u00e1cil intercambio de moldes. Panel de control f\u00e1cil e intuitivo.<\/p>\n","protected":false},"featured_media":2099,"template":"","meta":{"neve_meta_sidebar":"","neve_meta_container":"","neve_meta_enable_content_width":"off","neve_meta_content_width":100,"neve_meta_title_alignment":"","neve_meta_author_avatar":"","neve_post_elements_order":"","neve_meta_disable_header":"","neve_meta_disable_footer":"","neve_meta_disable_title":""},"class_list":["post-2098","product","type-product","status-publish","has-post-thumbnail","hentry","product_cat-term"],"_links":{"self":[{"href":"https:\/\/sti.hn\/wp2\/wp-json\/wp\/v2\/product\/2098","targetHints":{"allow":["GET"]}}],"collection":[{"href":"https:\/\/sti.hn\/wp2\/wp-json\/wp\/v2\/product"}],"about":[{"href":"https:\/\/sti.hn\/wp2\/wp-json\/wp\/v2\/types\/product"}],"version-history":[{"count":14,"href":"https:\/\/sti.hn\/wp2\/wp-json\/wp\/v2\/product\/2098\/revisions"}],"predecessor-version":[{"id":2132,"href":"https:\/\/sti.hn\/wp2\/wp-json\/wp\/v2\/product\/2098\/revisions\/2132"}],"wp:featuredmedia":[{"embeddable":true,"href":"https:\/\/sti.hn\/wp2\/wp-json\/wp\/v2\/media\/2099"}],"wp:attachment":[{"href":"https:\/\/sti.hn\/wp2\/wp-json\/wp\/v2\/media?parent=2098"}],"curies":[{"name":"wp","href":"https:\/\/api.w.org\/{rel}","templated":true}]}}