{"id":2138,"date":"2024-09-29T17:13:55","date_gmt":"2024-09-29T17:13:55","guid":{"rendered":"https:\/\/sti.hn\/wp2\/?post_type=product&#038;p=2138"},"modified":"2024-09-29T17:15:36","modified_gmt":"2024-09-29T17:15:36","slug":"tbg-copia","status":"publish","type":"product","link":"https:\/\/sti.hn\/wp2\/producto\/tbg-copia\/","title":{"rendered":"TBG (copia)"},"content":{"rendered":"\t\t<div data-elementor-type=\"wp-post\" data-elementor-id=\"2138\" class=\"elementor elementor-2138\" data-elementor-settings=\"[]\">\n\t\t\t\t\t\t\t<div class=\"elementor-section-wrap\">\n\t\t\t\t\t\t\t<section class=\"elementor-section elementor-top-section elementor-element elementor-element-6b1037a9 elementor-section-boxed elementor-section-height-default elementor-section-height-default\" data-id=\"6b1037a9\" data-element_type=\"section\">\n\t\t\t\t\t\t<div class=\"elementor-container elementor-column-gap-default\">\n\t\t\t\t\t<div class=\"elementor-column elementor-col-100 elementor-top-column elementor-element elementor-element-503f4afc\" data-id=\"503f4afc\" data-element_type=\"column\">\n\t\t\t<div class=\"elementor-widget-wrap elementor-element-populated\">\n\t\t\t\t\t\t\t\t<div class=\"elementor-element elementor-element-5200095b elementor-widget elementor-widget-text-editor\" data-id=\"5200095b\" data-element_type=\"widget\" data-widget_type=\"text-editor.default\">\n\t\t\t\t<div class=\"elementor-widget-container\">\n\t\t\t\t\t<div class=\"elementor-text-editor elementor-clearfix\"><p><strong>CARACTER\u00cdSTICAS<\/strong><br>\n&#8211; Termoselladora para bandejas, posibilidad de sellado simple o con aplicaci\u00f3n de gas por sistema de barrido<br>\n&#8211; Sellado autom\u00e1tico, sistema de caj\u00f3n con soldadura y corte de film en el interior de la c\u00e1mara<br>\n&#8211; Tiempo de sellado programable. Regulaci\u00f3n para una perfecta soldadura en cualquier tipo de material film<br>\ny bandeja correspondientes<br>\n&#8211; Control electr\u00f3nico temperatura con avisador ac\u00fastico ready y fin de ciclo<br>\n&#8211; Medida m\u00e1xima bandeja permitida: 190 x 260 mm<br>\n&#8211; Medida m\u00e1xima bobina film: ancho 200mm \u2013 di\u00e1metro 180mm<br>\n&#8211; Presentaci\u00f3n de producto perfecta con calidad de entrega en cualquier precocinado o plato preparado<br>\n&#8211; Sellado higi\u00e9nico y estanco<br>\n&#8211; Construcci\u00f3n s\u00f3lida y robusta en acero inoxidable y aluminio<br>\n&#8211; Panel de control con 10 programas<br>\n&#8211; M\u00e1xima seguridad: Placa de sellado y cuchilla de corte de film en el interior del equipo<br>\n&#8211; Opci\u00f3n para trabajar con inyecci\u00f3n de gas para aumentar la caducidad del alimento (requiere conexi\u00f3n a suministro de gas alimentario).<\/p>\n<p>&nbsp;<\/p>\n<p><a href=\"https:\/\/sti.hn\/wp2\/wp-content\/uploads\/2022\/08\/dtstec.png\"><img loading=\"lazy\" decoding=\"async\" class=\"wp-image-2077 size-large alignleft\" src=\"https:\/\/sti.hn\/wp2\/wp-content\/uploads\/2022\/08\/dtstec-1024x439.png\" alt=\"\" width=\"1024\" height=\"439\" srcset=\"https:\/\/sti.hn\/wp2\/wp-content\/uploads\/2022\/08\/dtstec-1024x439.png 1024w, https:\/\/sti.hn\/wp2\/wp-content\/uploads\/2022\/08\/dtstec-300x129.png 300w, https:\/\/sti.hn\/wp2\/wp-content\/uploads\/2022\/08\/dtstec-768x329.png 768w, https:\/\/sti.hn\/wp2\/wp-content\/uploads\/2022\/08\/dtstec-600x257.png 600w, https:\/\/sti.hn\/wp2\/wp-content\/uploads\/2022\/08\/dtstec.png 1134w\" sizes=\"auto, (max-width: 1024px) 100vw, 1024px\" \/><\/a><\/p><\/div>\n\t\t\t\t<\/div>\n\t\t\t\t<\/div>\n\t\t\t\t\t<\/div>\n\t\t<\/div>\n\t\t\t\t\t\t\t<\/div>\n\t\t<\/section>\n\t\t\t\t\t\t<\/div>\n\t\t\t\t\t<\/div>\n\t\t","protected":false},"excerpt":{"rendered":"<p>CARACTER\u00cdSTICAS &#8211; Termoselladora para bandejas, posibilidad de sellado simple o con aplicaci\u00f3n de gas por sistema de barrido &#8211; Sellado autom\u00e1tico, sistema de caj\u00f3n con soldadura y corte de film en el interior de la c\u00e1mara &#8211; Tiempo de sellado programable. Regulaci\u00f3n para una perfecta soldadura en cualquier tipo de material film y bandeja correspondientes&hellip;&nbsp;<a href=\"https:\/\/sti.hn\/wp2\/producto\/tbg-copia\/\" class=\"\" rel=\"bookmark\">Leer m\u00e1s &raquo;<span class=\"screen-reader-text\">TBG (copia)<\/span><\/a><\/p>\n","protected":false},"featured_media":2075,"template":"","meta":{"neve_meta_sidebar":"","neve_meta_container":"","neve_meta_enable_content_width":"off","neve_meta_content_width":100,"neve_meta_title_alignment":"","neve_meta_author_avatar":"","neve_post_elements_order":"","neve_meta_disable_header":"","neve_meta_disable_footer":"","neve_meta_disable_title":""},"class_list":["post-2138","product","type-product","status-publish","has-post-thumbnail","hentry","product_cat-term"],"_links":{"self":[{"href":"https:\/\/sti.hn\/wp2\/wp-json\/wp\/v2\/product\/2138","targetHints":{"allow":["GET"]}}],"collection":[{"href":"https:\/\/sti.hn\/wp2\/wp-json\/wp\/v2\/product"}],"about":[{"href":"https:\/\/sti.hn\/wp2\/wp-json\/wp\/v2\/types\/product"}],"version-history":[{"count":5,"href":"https:\/\/sti.hn\/wp2\/wp-json\/wp\/v2\/product\/2138\/revisions"}],"predecessor-version":[{"id":2143,"href":"https:\/\/sti.hn\/wp2\/wp-json\/wp\/v2\/product\/2138\/revisions\/2143"}],"wp:featuredmedia":[{"embeddable":true,"href":"https:\/\/sti.hn\/wp2\/wp-json\/wp\/v2\/media\/2075"}],"wp:attachment":[{"href":"https:\/\/sti.hn\/wp2\/wp-json\/wp\/v2\/media?parent=2138"}],"curies":[{"name":"wp","href":"https:\/\/api.w.org\/{rel}","templated":true}]}}