{"id":2161,"date":"2024-09-29T19:54:14","date_gmt":"2024-09-29T19:54:14","guid":{"rendered":"https:\/\/sti.hn\/wp2\/?post_type=product&#038;p=2161"},"modified":"2024-09-29T20:31:12","modified_gmt":"2024-09-29T20:31:12","slug":"envasadora-al-vacio-fx-2000","status":"publish","type":"product","link":"https:\/\/sti.hn\/wp2\/producto\/envasadora-al-vacio-fx-2000\/","title":{"rendered":"Envasadora al vacio FX 2000"},"content":{"rendered":"\t\t<div data-elementor-type=\"wp-post\" data-elementor-id=\"2161\" class=\"elementor elementor-2161\" data-elementor-settings=\"[]\">\n\t\t\t\t\t\t\t<div class=\"elementor-section-wrap\">\n\t\t\t\t\t\t\t<section class=\"elementor-section elementor-top-section elementor-element elementor-element-26c4f5ef elementor-section-boxed elementor-section-height-default elementor-section-height-default\" data-id=\"26c4f5ef\" data-element_type=\"section\">\n\t\t\t\t\t\t<div class=\"elementor-container elementor-column-gap-default\">\n\t\t\t\t\t<div class=\"elementor-column elementor-col-100 elementor-top-column elementor-element elementor-element-22aca3cf\" data-id=\"22aca3cf\" data-element_type=\"column\">\n\t\t\t<div class=\"elementor-widget-wrap elementor-element-populated\">\n\t\t\t\t\t\t\t\t<div class=\"elementor-element elementor-element-59e469fd elementor-widget elementor-widget-text-editor\" data-id=\"59e469fd\" data-element_type=\"widget\" data-widget_type=\"text-editor.default\">\n\t\t\t\t<div class=\"elementor-widget-container\">\n\t\t\t\t\t<div class=\"elementor-text-editor elementor-clearfix\"><p class=\"h5\">ENVASADORA FLOWPACK<\/p><p>Ideal para reposter\u00eda, productos farmac\u00e9uticos y diversos objetos.<\/p><div class=\"page-text\"><p>Una m\u00e1quina empaquetadora eficaz, vers\u00e1til, tecnol\u00f3gicamente avanzada, dirigida a las empresas que buscan un producto de alta calidad para optimizar los procesos de empaquetado con un gran nivel de rendimiento productivo.<\/p><p>Dise\u00f1ada para simplificar al m\u00e1ximo las operaciones de mantenimiento y limpieza por parte del cliente. Gracias a los\u00a0<strong>3 motores Brushless<\/strong>\u00a0altamente eficaces y a su panel\u00a0<strong>con pantalla t\u00e1ctil de 7\u201d<\/strong>, se garantiza la<strong>\u00a0m\u00e1xima versatilidad en los cambios de formato\u00a0<\/strong>y, por tanto, una extrema facilidad en las tareas de empaquetado.<\/p><p>Puede empaquetar productos con una banda m\u00e1xima de<strong>\u00a0600 mm,\u00a0<\/strong>y puede alcanzar los\u00a0<strong>120 empaquetados al minuto.<\/strong><\/p><p>Con una \u00f3ptima relaci\u00f3n calidad\/precio, esta empaquetadora es una combinaci\u00f3n de calidad y tecnolog\u00eda que garantiza una elevada fiabilidad<\/p><\/div><\/div>\n\t\t\t\t<\/div>\n\t\t\t\t<\/div>\n\t\t\t\t\t<\/div>\n\t\t<\/div>\n\t\t\t\t\t\t\t<\/div>\n\t\t<\/section>\n\t\t\t\t<section class=\"elementor-section elementor-top-section elementor-element elementor-element-f46f1c1 elementor-section-boxed elementor-section-height-default elementor-section-height-default\" data-id=\"f46f1c1\" data-element_type=\"section\">\n\t\t\t\t\t\t<div class=\"elementor-container elementor-column-gap-default\">\n\t\t\t\t\t<div class=\"elementor-column elementor-col-100 elementor-top-column elementor-element elementor-element-25b65ff\" data-id=\"25b65ff\" data-element_type=\"column\">\n\t\t\t<div class=\"elementor-widget-wrap elementor-element-populated\">\n\t\t\t\t\t\t\t\t<div class=\"elementor-element elementor-element-dc1a0c1 elementor-widget elementor-widget-text-editor\" data-id=\"dc1a0c1\" data-element_type=\"widget\" data-widget_type=\"text-editor.default\">\n\t\t\t\t<div class=\"elementor-widget-container\">\n\t\t\t\t\t<div class=\"elementor-text-editor elementor-clearfix\"><p><!--StartFragment --><\/p><table border=\"1\" cellspacing=\"2\" cellpadding=\"2\"><tbody><tr><td>Alimetacion electrica<\/td><td>V<\/td><td>270<\/td><\/tr><tr><td>Potencia electrica<\/td><td>KW<\/td><td>3.6<\/td><\/tr><tr><td>Peso max del producto<\/td><td>LB<\/td><td>75,200<\/td><\/tr><\/tbody><\/table><\/div>\n\t\t\t\t<\/div>\n\t\t\t\t<\/div>\n\t\t\t\t\t<\/div>\n\t\t<\/div>\n\t\t\t\t\t\t\t<\/div>\n\t\t<\/section>\n\t\t\t\t\t\t<\/div>\n\t\t\t\t\t<\/div>\n\t\t","protected":false},"excerpt":{"rendered":"<p><strong>CARACTER\u00cdSTICAS:<\/strong><\/p>\n<ul>\n<li>F\u00e1cil de inspeccionar, para mantenimiento y limpieza del grupo de arrastre<\/li>\n<li>PLC user friendly touch screen \u2013 7\u2033<\/li>\n<li>Eje expansible neum\u00e1tico para soporte de pel\u00edcula<\/li>\n<li>3 motores Brushless<\/li>\n<li>Fotoc\u00e9lula de centrado de pel\u00edcula impresa<\/li>\n<li>Centrado de impresi\u00f3n y producto mediante pantalla t\u00e1ctil<\/li>\n<\/ul>\n<p><!--StartFragment --><\/p>\n<p>&nbsp;<\/p>\n","protected":false},"featured_media":2104,"template":"","meta":{"neve_meta_sidebar":"","neve_meta_container":"","neve_meta_enable_content_width":"off","neve_meta_content_width":100,"neve_meta_title_alignment":"","neve_meta_author_avatar":"","neve_post_elements_order":"","neve_meta_disable_header":"","neve_meta_disable_footer":"","neve_meta_disable_title":""},"class_list":["post-2161","product","type-product","status-publish","has-post-thumbnail","hentry","product_cat-vacio"],"_links":{"self":[{"href":"https:\/\/sti.hn\/wp2\/wp-json\/wp\/v2\/product\/2161","targetHints":{"allow":["GET"]}}],"collection":[{"href":"https:\/\/sti.hn\/wp2\/wp-json\/wp\/v2\/product"}],"about":[{"href":"https:\/\/sti.hn\/wp2\/wp-json\/wp\/v2\/types\/product"}],"version-history":[{"count":23,"href":"https:\/\/sti.hn\/wp2\/wp-json\/wp\/v2\/product\/2161\/revisions"}],"predecessor-version":[{"id":2185,"href":"https:\/\/sti.hn\/wp2\/wp-json\/wp\/v2\/product\/2161\/revisions\/2185"}],"wp:featuredmedia":[{"embeddable":true,"href":"https:\/\/sti.hn\/wp2\/wp-json\/wp\/v2\/media\/2104"}],"wp:attachment":[{"href":"https:\/\/sti.hn\/wp2\/wp-json\/wp\/v2\/media?parent=2161"}],"curies":[{"name":"wp","href":"https:\/\/api.w.org\/{rel}","templated":true}]}}