{"id":324,"date":"2021-08-26T22:53:14","date_gmt":"2021-08-26T22:53:14","guid":{"rendered":"https:\/\/sti.hn\/wp2\/wp3\/?post_type=product&#038;p=199"},"modified":"2022-03-06T22:21:38","modified_gmt":"2022-03-06T22:21:38","slug":"k70","status":"publish","type":"product","link":"https:\/\/sti.hn\/wp2\/producto\/k70\/","title":{"rendered":"K70"},"content":{"rendered":"<p><b>Calidad y Limpieza<\/b><\/p>\n<p>El sistema de mezcla con doble eje con paletas interceptadas garantiza un tratamiento delicado del producto y la producci\u00f3n de una mezcla homog\u00e9nea. Los ejes con paletas pueden ser quitados en manera f\u00e1cil y r\u00e1pida. Las superficies lisas y la ausencia de esquinas permiten una limpiadura r\u00e1pida y eficaz.<\/p>\n<p><b>Productividad<\/b><\/p>\n<p>La robusta construcci\u00f3n en acero inoxidable junto a una fiable mec\u00e1nica garantiza un empleo duradero y sin manutenci\u00f3n. Una sola pero amplia puerta permite la descarga total del pro-ducto para carros de lt. 90 120 en pocos segundo. La buena accesibilidad y un preciso di-se\u00f1o permiten una f\u00e1cil la limpiadura de toda la m\u00e1quina.<\/p>\n<h2>INFORMACI\u00d3N T\u00c9CNICA<\/h2>\n<table style=\"height: 123px;\" width=\"432\">\n<thead>\n<tr>\n<th>DATOS TECNICOS<\/th>\n<th>UM<\/th>\n<th><\/th>\n<\/tr>\n<\/thead>\n<tbody>\n<tr>\n<td>Capacidad tolva<\/td>\n<td>lt<\/td>\n<td>100<\/td>\n<\/tr>\n<tr>\n<td>Motor principal<\/td>\n<td>kW<\/td>\n<td>0,75<\/td>\n<\/tr>\n<tr>\n<td>Peso<\/td>\n<td>kg<\/td>\n<td>150<\/td>\n<\/tr>\n<\/tbody>\n<\/table>\n","protected":false},"excerpt":{"rendered":"<p>Las\u00a0<b>K70<\/b> amasa y mezcla cualquier tipo de producto de carne y conservas destina-das a la producci\u00f3n de embutidos, hamburguesa, ensaladas, platos precocinados, etc. Son maquinarias para el empleo en peque\u00f1a y mediana empresa.<\/p>\n<p>&nbsp;<\/p>\n","protected":false},"featured_media":1196,"template":"","meta":{"neve_meta_sidebar":"","neve_meta_container":"","neve_meta_enable_content_width":"off","neve_meta_content_width":100,"neve_meta_title_alignment":"","neve_meta_author_avatar":"","neve_post_elements_order":"","neve_meta_disable_header":"","neve_meta_disable_footer":"","neve_meta_disable_title":""},"class_list":["post-324","product","type-product","status-publish","has-post-thumbnail","hentry","product_cat-mezcladoras"],"_links":{"self":[{"href":"https:\/\/sti.hn\/wp2\/wp-json\/wp\/v2\/product\/324","targetHints":{"allow":["GET"]}}],"collection":[{"href":"https:\/\/sti.hn\/wp2\/wp-json\/wp\/v2\/product"}],"about":[{"href":"https:\/\/sti.hn\/wp2\/wp-json\/wp\/v2\/types\/product"}],"version-history":[{"count":1,"href":"https:\/\/sti.hn\/wp2\/wp-json\/wp\/v2\/product\/324\/revisions"}],"predecessor-version":[{"id":488,"href":"https:\/\/sti.hn\/wp2\/wp-json\/wp\/v2\/product\/324\/revisions\/488"}],"wp:featuredmedia":[{"embeddable":true,"href":"https:\/\/sti.hn\/wp2\/wp-json\/wp\/v2\/media\/1196"}],"wp:attachment":[{"href":"https:\/\/sti.hn\/wp2\/wp-json\/wp\/v2\/media?parent=324"}],"curies":[{"name":"wp","href":"https:\/\/api.w.org\/{rel}","templated":true}]}}