{"id":325,"date":"2021-08-26T23:20:03","date_gmt":"2021-08-26T23:20:03","guid":{"rendered":"https:\/\/sti.hn\/wp2\/wp3\/?post_type=product&#038;p=205"},"modified":"2024-09-29T17:05:39","modified_gmt":"2024-09-29T17:05:39","slug":"tcm","status":"publish","type":"product","link":"https:\/\/sti.hn\/wp2\/producto\/tcm\/","title":{"rendered":"TCM"},"content":{"rendered":"\t\t<div data-elementor-type=\"wp-post\" data-elementor-id=\"325\" class=\"elementor elementor-325\" data-elementor-settings=\"[]\">\n\t\t\t\t\t\t\t<div class=\"elementor-section-wrap\">\n\t\t\t\t\t\t\t<section class=\"elementor-section elementor-top-section elementor-element elementor-element-5656ef elementor-section-boxed elementor-section-height-default elementor-section-height-default\" data-id=\"5656ef\" data-element_type=\"section\">\n\t\t\t\t\t\t<div class=\"elementor-container elementor-column-gap-default\">\n\t\t\t\t\t<div class=\"elementor-column elementor-col-100 elementor-top-column elementor-element elementor-element-1afb8207\" data-id=\"1afb8207\" data-element_type=\"column\">\n\t\t\t<div class=\"elementor-widget-wrap elementor-element-populated\">\n\t\t\t\t\t\t\t\t<div class=\"elementor-element elementor-element-515dcacf elementor-widget elementor-widget-text-editor\" data-id=\"515dcacf\" data-element_type=\"widget\" data-widget_type=\"text-editor.default\">\n\t\t\t\t<div class=\"elementor-widget-container\">\n\t\t\t\t\t<div class=\"elementor-text-editor elementor-clearfix\"><h2>INFORMACI\u00d3N T\u00c9CNICA<\/h2>\r\n<table style=\"height: 175px;\" width=\"622\">\r\n<thead>\r\n<tr>\r\n<th>Datos T\u00e9cnicos<\/th>\r\n<th>UM<\/th>\r\n<th><\/th>\r\n<\/tr>\r\n<\/thead>\r\n<tbody>\r\n<tr>\r\n<td>Diam. plaquas<\/td>\r\n<td>mm<\/td>\r\n<td>130<\/td>\r\n<\/tr>\r\n<tr>\r\n<td>Capacidad tolva<\/td>\r\n<td>lt<\/td>\r\n<td>10<\/td>\r\n<\/tr>\r\n<tr>\r\n<td>Motor principal<\/td>\r\n<td>kW<\/td>\r\n<td>7,5<\/td>\r\n<\/tr>\r\n<tr>\r\n<td>Producci\u00f3n Max<\/td>\r\n<td>kg\/h<\/td>\r\n<td>1200<\/td>\r\n<\/tr>\r\n<tr>\r\n<td>Peso<\/td>\r\n<td>kg<\/td>\r\n<td>290<\/td>\r\n<\/tr>\r\n<\/tbody>\r\n<\/table><\/div>\n\t\t\t\t<\/div>\n\t\t\t\t<\/div>\n\t\t\t\t\t<\/div>\n\t\t<\/div>\n\t\t\t\t\t\t\t<\/div>\n\t\t<\/section>\n\t\t\t\t<section class=\"elementor-section elementor-top-section elementor-element elementor-element-a9084ab elementor-section-boxed elementor-section-height-default elementor-section-height-default\" data-id=\"a9084ab\" data-element_type=\"section\">\n\t\t\t\t\t\t<div class=\"elementor-container elementor-column-gap-default\">\n\t\t\t\t\t<div class=\"elementor-column elementor-col-100 elementor-top-column elementor-element elementor-element-1f9a06d\" data-id=\"1f9a06d\" data-element_type=\"column\">\n\t\t\t<div class=\"elementor-widget-wrap elementor-element-populated\">\n\t\t\t\t\t\t\t\t<div class=\"elementor-element elementor-element-422dcbe elementor-aspect-ratio-169 elementor-widget elementor-widget-video\" data-id=\"422dcbe\" data-element_type=\"widget\" data-settings=\"{&quot;youtube_url&quot;:&quot;https:\\\/\\\/www.youtube.com\\\/watch?v=HD3sBbXoaU8&quot;,&quot;video_type&quot;:&quot;youtube&quot;,&quot;controls&quot;:&quot;yes&quot;,&quot;aspect_ratio&quot;:&quot;169&quot;}\" data-widget_type=\"video.default\">\n\t\t\t\t<div class=\"elementor-widget-container\">\n\t\t\t\t\t<div class=\"elementor-wrapper elementor-fit-aspect-ratio elementor-open-inline\">\n\t\t\t<div class=\"elementor-video\"><\/div>\t\t<\/div>\n\t\t\t\t<\/div>\n\t\t\t\t<\/div>\n\t\t\t\t\t<\/div>\n\t\t<\/div>\n\t\t\t\t\t\t\t<\/div>\n\t\t<\/section>\n\t\t\t\t\t\t<\/div>\n\t\t\t\t\t<\/div>\n\t\t","protected":false},"excerpt":{"rendered":"<p>Un ingenioso sistema permite un r\u00e1pido y completo desmontaje de la protecci\u00f3n de la tolva para una eficaz y precisa limpieza. La posibilidad de alimentar la tolva de la bandeja de la m\u00e1quina o directamente de la mesa de trabajo facilita la carga del producto que picar.<\/p>\n","protected":false},"featured_media":1699,"template":"","meta":{"neve_meta_sidebar":"","neve_meta_container":"","neve_meta_enable_content_width":"off","neve_meta_content_width":100,"neve_meta_title_alignment":"","neve_meta_author_avatar":"","neve_post_elements_order":"","neve_meta_disable_header":"","neve_meta_disable_footer":"","neve_meta_disable_title":""},"class_list":["post-325","product","type-product","status-publish","has-post-thumbnail","hentry","product_cat-picadora"],"_links":{"self":[{"href":"https:\/\/sti.hn\/wp2\/wp-json\/wp\/v2\/product\/325","targetHints":{"allow":["GET"]}}],"collection":[{"href":"https:\/\/sti.hn\/wp2\/wp-json\/wp\/v2\/product"}],"about":[{"href":"https:\/\/sti.hn\/wp2\/wp-json\/wp\/v2\/types\/product"}],"version-history":[{"count":4,"href":"https:\/\/sti.hn\/wp2\/wp-json\/wp\/v2\/product\/325\/revisions"}],"predecessor-version":[{"id":1702,"href":"https:\/\/sti.hn\/wp2\/wp-json\/wp\/v2\/product\/325\/revisions\/1702"}],"wp:featuredmedia":[{"embeddable":true,"href":"https:\/\/sti.hn\/wp2\/wp-json\/wp\/v2\/media\/1699"}],"wp:attachment":[{"href":"https:\/\/sti.hn\/wp2\/wp-json\/wp\/v2\/media?parent=325"}],"curies":[{"name":"wp","href":"https:\/\/api.w.org\/{rel}","templated":true}]}}