{"id":526,"date":"2021-09-02T23:48:00","date_gmt":"2021-09-02T23:48:00","guid":{"rendered":"https:\/\/sti.hn\/wp2\/?post_type=product&#038;p=526"},"modified":"2022-04-24T21:39:33","modified_gmt":"2022-04-24T21:39:33","slug":"amasadora-mod-k120","status":"publish","type":"product","link":"https:\/\/sti.hn\/wp2\/producto\/amasadora-mod-k120\/","title":{"rendered":"AMASADORA MOD. K120"},"content":{"rendered":"<h2>INFORMACI\u00d3N T\u00c9CNICA<\/h2>\n<table style=\"height: 217px;\" width=\"765\">\n<thead>\n<tr>\n<th>DATOS TECNICOS<\/th>\n<th>UM<\/th>\n<th><\/th>\n<\/tr>\n<\/thead>\n<tbody>\n<tr>\n<td>Capacidad tolva<\/td>\n<td>lt<\/td>\n<td>160<\/td>\n<\/tr>\n<tr>\n<td>Motor principal<\/td>\n<td>kW<\/td>\n<td>1,5<\/td>\n<\/tr>\n<tr>\n<td>Motor elevador<\/td>\n<td>kW<\/td>\n<td>0,75<\/td>\n<\/tr>\n<tr>\n<td>Peso<\/td>\n<td>kg<\/td>\n<td>230<\/td>\n<\/tr>\n<tr>\n<td>Peso (maq. + elevador)<\/td>\n<td>kg<\/td>\n<td>375<\/td>\n<\/tr>\n<\/tbody>\n<\/table>\n","protected":false},"excerpt":{"rendered":"<p>Es el modelo m\u00e1s peque\u00f1o de la gama de m\u00e1quinas amasadoras con descarga desde la parte inferior. Una individual pero amplia puerta permite la descarga total del producto para carros de lt. 90 120 o 200 en pocos segundos. La f\u00e1cil accesibilidad y un preciso dise\u00f1o hacen f\u00e1cil lavado y la limpieza de toda la m\u00e1quina. Posibilidad de instalar un elevador hidr\u00e1ulico para corros de 90 litros.<\/p>\n","protected":false},"featured_media":1198,"template":"","meta":{"neve_meta_sidebar":"","neve_meta_container":"","neve_meta_enable_content_width":"off","neve_meta_content_width":100,"neve_meta_title_alignment":"","neve_meta_author_avatar":"","neve_post_elements_order":"","neve_meta_disable_header":"","neve_meta_disable_footer":"","neve_meta_disable_title":""},"class_list":["post-526","product","type-product","status-publish","has-post-thumbnail","hentry","product_cat-mezcladoras"],"_links":{"self":[{"href":"https:\/\/sti.hn\/wp2\/wp-json\/wp\/v2\/product\/526","targetHints":{"allow":["GET"]}}],"collection":[{"href":"https:\/\/sti.hn\/wp2\/wp-json\/wp\/v2\/product"}],"about":[{"href":"https:\/\/sti.hn\/wp2\/wp-json\/wp\/v2\/types\/product"}],"version-history":[{"count":2,"href":"https:\/\/sti.hn\/wp2\/wp-json\/wp\/v2\/product\/526\/revisions"}],"predecessor-version":[{"id":1777,"href":"https:\/\/sti.hn\/wp2\/wp-json\/wp\/v2\/product\/526\/revisions\/1777"}],"wp:featuredmedia":[{"embeddable":true,"href":"https:\/\/sti.hn\/wp2\/wp-json\/wp\/v2\/media\/1198"}],"wp:attachment":[{"href":"https:\/\/sti.hn\/wp2\/wp-json\/wp\/v2\/media?parent=526"}],"curies":[{"name":"wp","href":"https:\/\/api.w.org\/{rel}","templated":true}]}}