{"id":548,"date":"2021-09-06T11:12:00","date_gmt":"2021-09-06T11:12:00","guid":{"rendered":"https:\/\/sti.hn\/wp2\/?post_type=product&#038;p=548"},"modified":"2024-09-29T17:03:25","modified_gmt":"2024-09-29T17:03:25","slug":"548","status":"publish","type":"product","link":"https:\/\/sti.hn\/wp2\/producto\/548\/","title":{"rendered":"VLIESEX V 4744 TURBO"},"content":{"rendered":"\t\t<div data-elementor-type=\"wp-post\" data-elementor-id=\"548\" class=\"elementor elementor-548\" data-elementor-settings=\"[]\">\n\t\t\t\t\t\t\t<div class=\"elementor-section-wrap\">\n\t\t\t\t\t\t\t<section class=\"elementor-section elementor-top-section elementor-element elementor-element-26a6e57d elementor-section-boxed elementor-section-height-default elementor-section-height-default\" data-id=\"26a6e57d\" data-element_type=\"section\">\n\t\t\t\t\t\t<div class=\"elementor-container elementor-column-gap-default\">\n\t\t\t\t\t<div class=\"elementor-column elementor-col-100 elementor-top-column elementor-element elementor-element-2f612697\" data-id=\"2f612697\" data-element_type=\"column\">\n\t\t\t<div class=\"elementor-widget-wrap elementor-element-populated\">\n\t\t\t\t\t\t\t\t<div class=\"elementor-element elementor-element-3ba4163c elementor-widget elementor-widget-text-editor\" data-id=\"3ba4163c\" data-element_type=\"widget\" data-widget_type=\"text-editor.default\">\n\t\t\t\t<div class=\"elementor-widget-container\">\n\t\t\t\t\t<div class=\"elementor-text-editor elementor-clearfix\"><div id=\"anchor_e61e63f4_Datos-t--cnicos\" class=\"elementHeadline elementHeadline_var0\"><h3>DATOS T\u00c9CNICOS<\/h3><\/div><div class=\"elementStandard elementContent elementTable\"><table class=\"default\" style=\"height: 607px; background: #F5F5F5;\" border=\"1\" width=\"787\"><colgroup> <col \/> <col \/><\/colgroup><thead><tr><th class=\"highlighted\">\u00a0<\/th><th>Vliesex V 4744 TURBO<\/th><\/tr><\/thead><tbody><tr><td class=\"highlighted\">Ancho de operaci\u00f3n<\/td><td>430 mm<\/td><\/tr><tr><td class=\"highlighted\">Velocidad de cortar<\/td><td>44 m\/min<\/td><\/tr><tr><td class=\"highlighted\">Dimensiones totales Ancho x Alt. x Profund.<\/td><td>750 x 970 x 700 mm<\/td><\/tr><tr><td class=\"highlighted\">Peso<\/td><td>170 kg<\/td><\/tr><tr><td class=\"highlighted\">Potencia del motor<\/td><td>1,1 kW<\/td><\/tr><tr><td class=\"highlighted\">Conexi\u00f3n el\u00e9ctrica<\/td><td>3 AC &#8211; 400 V &#8211; 50 Hz<br \/>IEC 60309 16 A 6h<br \/>Otros voltajes bajo pedido<\/td><\/tr><tr><td class=\"highlighted\">Conexi\u00f3n de aire comprimido<\/td><td>5 &lt; p &lt;10 bar<br \/>Conector de acomplamiento DN 7,2 (G1\/4 external)<\/td><\/tr><tr><td class=\"highlighted\">Consumo de aire comprimido<\/td><td>approx. 250 l\/min (presi\u00f3n ambiental)<\/td><\/tr><\/tbody><\/table><\/div><\/div>\n\t\t\t\t<\/div>\n\t\t\t\t<\/div>\n\t\t\t\t\t<\/div>\n\t\t<\/div>\n\t\t\t\t\t\t\t<\/div>\n\t\t<\/section>\n\t\t\t\t<section class=\"elementor-section elementor-top-section elementor-element elementor-element-03cafca elementor-section-boxed elementor-section-height-default elementor-section-height-default\" data-id=\"03cafca\" data-element_type=\"section\">\n\t\t\t\t\t\t<div class=\"elementor-container elementor-column-gap-default\">\n\t\t\t\t\t<div class=\"elementor-column elementor-col-100 elementor-top-column elementor-element elementor-element-fde4969\" data-id=\"fde4969\" data-element_type=\"column\">\n\t\t\t<div class=\"elementor-widget-wrap elementor-element-populated\">\n\t\t\t\t\t\t\t\t<div class=\"elementor-element elementor-element-b2071a9 elementor-aspect-ratio-169 elementor-widget elementor-widget-video\" data-id=\"b2071a9\" data-element_type=\"widget\" data-settings=\"{&quot;youtube_url&quot;:&quot;https:\\\/\\\/www.youtube.com\\\/watch?v=GaVsQ6s9PHw&quot;,&quot;video_type&quot;:&quot;youtube&quot;,&quot;controls&quot;:&quot;yes&quot;,&quot;aspect_ratio&quot;:&quot;169&quot;}\" data-widget_type=\"video.default\">\n\t\t\t\t<div class=\"elementor-widget-container\">\n\t\t\t\t\t<div class=\"elementor-wrapper elementor-fit-aspect-ratio elementor-open-inline\">\n\t\t\t<div class=\"elementor-video\"><\/div>\t\t<\/div>\n\t\t\t\t<\/div>\n\t\t\t\t<\/div>\n\t\t\t\t\t<\/div>\n\t\t<\/div>\n\t\t\t\t\t\t\t<\/div>\n\t\t<\/section>\n\t\t\t\t\t\t<\/div>\n\t\t\t\t\t<\/div>\n\t\t","protected":false},"excerpt":{"rendered":"<p>Desmembranadora de alto rendimiento para plantas industriales con las m\u00e1s altas exigiencias en cuanto a la potencia y el rendimiento.<\/p>\n<div id=\"anchor_3510e1d3_equipamiento-est--ndar\" class=\"elementHeadline elementHeadline_var0\">\n<h1>EQUIPAMIENTO EST\u00c1NDAR<\/h1>\n<\/div>\n<div class=\"elementText elementText_var0 elementTextListStyle_var0\">\n<ul>\n<li>Rodillo de transport de alta precisi\u00f3n sin ranuras circunferenciales y porta-cuchilla extra fuerte amortiguado por muelles para m\u00ednimas p\u00e9rdidas del producto caro<\/li>\n<li>El rodillo de limpieza din\u00e1mico de acero inoxidable, rotando en sentido opuesto y el sistema de limpieza\u00a0<strong>NOCK Air-Jet con aire<\/strong>\u00a0comprimido mantienen el rodillo de transporte limpio cont\u00ednuamente durante el proceso. De esta manera agarre fiable, operaci\u00f3n r\u00e1pida y f\u00e1cil e higiene operacional muy alta.<\/li>\n<li>Porta-cuchilla con tornillos imperdibles<\/li>\n<li>Porta-cuchilla permanece en la m\u00e1quina durante la limpieza<\/li>\n<li>Sin palancas laterales<\/li>\n<li><strong>Carcasa trapezial<\/strong>\u00a0(alta estabilidad anti-vuelco)<\/li>\n<li>Reductor de presi\u00f3n ajustable<\/li>\n<li>Contenedor para los trozos llevable desde delante y desde atr\u00e1s<\/li>\n<li>Interruptor de pedal ergon\u00f3mico, ajustable en altura<\/li>\n<li><a title=\"NOCK POWER PLATES\u00ae\" href=\"https:\/\/www.nock-gmbh.com\/es\/warum-nock\/nock-power-plates.php\">NOCK POWER PLATES\u00ae<\/a>\u00a0de 15 mm de grosor dentro de la carcasa para precisi\u00f3n duradera y mantenimiento f\u00e1cil<\/li>\n<li>Interruptor de seguridad de la mesa<\/li>\n<li>Ruedas direccionales con frenos<\/li>\n<li>Construcci\u00f3n higi\u00e9nica de acero inoxidable con superficies grandes, lisas facilitando la limpieza<\/li>\n<\/ul>\n<\/div>\n","protected":false},"featured_media":1067,"template":"","meta":{"neve_meta_sidebar":"","neve_meta_container":"","neve_meta_enable_content_width":"off","neve_meta_content_width":100,"neve_meta_title_alignment":"","neve_meta_author_avatar":"","neve_post_elements_order":"","neve_meta_disable_header":"","neve_meta_disable_footer":"","neve_meta_disable_title":""},"class_list":["post-548","product","type-product","status-publish","has-post-thumbnail","hentry","product_cat-desmembradoras"],"_links":{"self":[{"href":"https:\/\/sti.hn\/wp2\/wp-json\/wp\/v2\/product\/548","targetHints":{"allow":["GET"]}}],"collection":[{"href":"https:\/\/sti.hn\/wp2\/wp-json\/wp\/v2\/product"}],"about":[{"href":"https:\/\/sti.hn\/wp2\/wp-json\/wp\/v2\/types\/product"}],"version-history":[{"count":13,"href":"https:\/\/sti.hn\/wp2\/wp-json\/wp\/v2\/product\/548\/revisions"}],"predecessor-version":[{"id":1795,"href":"https:\/\/sti.hn\/wp2\/wp-json\/wp\/v2\/product\/548\/revisions\/1795"}],"wp:featuredmedia":[{"embeddable":true,"href":"https:\/\/sti.hn\/wp2\/wp-json\/wp\/v2\/media\/1067"}],"wp:attachment":[{"href":"https:\/\/sti.hn\/wp2\/wp-json\/wp\/v2\/media?parent=548"}],"curies":[{"name":"wp","href":"https:\/\/api.w.org\/{rel}","templated":true}]}}