{"id":562,"date":"2021-09-09T22:45:32","date_gmt":"2021-09-09T22:45:32","guid":{"rendered":"https:\/\/sti.hn\/wp2\/?post_type=product&#038;p=562"},"modified":"2024-09-29T17:02:50","modified_gmt":"2024-09-29T17:02:50","slug":"f10","status":"publish","type":"product","link":"https:\/\/sti.hn\/wp2\/producto\/f10\/","title":{"rendered":"EMBUTIDORA CONTINUA AL VACIO F10"},"content":{"rendered":"\t\t<div data-elementor-type=\"wp-post\" data-elementor-id=\"562\" class=\"elementor elementor-562\" data-elementor-settings=\"[]\">\n\t\t\t\t\t\t\t<div class=\"elementor-section-wrap\">\n\t\t\t\t\t\t\t<section class=\"elementor-section elementor-top-section elementor-element elementor-element-ca28e3e elementor-section-boxed elementor-section-height-default elementor-section-height-default\" data-id=\"ca28e3e\" data-element_type=\"section\">\n\t\t\t\t\t\t<div class=\"elementor-container elementor-column-gap-default\">\n\t\t\t\t\t<div class=\"elementor-column elementor-col-100 elementor-top-column elementor-element elementor-element-dc060cf\" data-id=\"dc060cf\" data-element_type=\"column\">\n\t\t\t<div class=\"elementor-widget-wrap elementor-element-populated\">\n\t\t\t\t\t\t\t\t<div class=\"elementor-element elementor-element-734140c elementor-widget elementor-widget-text-editor\" data-id=\"734140c\" data-element_type=\"widget\" data-widget_type=\"text-editor.default\">\n\t\t\t\t<div class=\"elementor-widget-container\">\n\t\t\t\t\t<div class=\"elementor-text-editor elementor-clearfix\"><p>Especificaciones:<br \/>Construcci\u00f3n robusta completamente en acero inoxidable. Superficies lisos y ausente de esquinas para una r\u00e1pido y eficaz limpieza.<br \/>La precisi\u00f3n de fabricaci\u00f3n de todos los componentes de la bomba de acero de alta resistencia \u00a0garantiza un trato delicado del producto y una elevada resistencia al uso.<br \/>El conjunto de la bomba al vac\u00edo de 20m&#8217; y el alimentador m\u00e1s el contra- alimentador en la tolva, aseguran un embutido compacto y falto de aire en productos duros y a baja temperatura.<br \/>Posibilidad de instalar un elevador hidr\u00e1ulico paracortos de 90, 120 o 200 litros. Tolva de cargo de 260 o 160litros. En el modelo con elevador hidr\u00e1ulico se incorpora un pelda\u00f1o abatible que permite lo inspecci\u00f3n y lo limpieza de la misma.<br \/>Sistema de protecci\u00f3n (contra accidentes) asegurada por sensores controlados por una centralita electr\u00f3nica de m\u00e1xima seguridad. Maquina conforme a las normas comunitarias.<\/p><p>SERIE B<br \/>Un sistema de accionamiento electr\u00f3nico controlado por un PLC, completamente resistente al aguo que asegura adem\u00e1s de una elevada productividad, prestaciones de gran fiabilidad y un silencio absoluto.<br \/>Todos los par\u00e1metros de funcionamiento de lo maquina pueden ser programados por un sistema de mandos por pantalla t\u00e1ctil \u00bbTOUCH SCREEN\u00bb. Un c\u00f3modo y simple interfaz grafico gu\u00eda al operario en la selecci\u00f3n de los par\u00e1metros de empleo y en su monitorizaci\u00f3n.<br \/>Uno avanzada funci\u00f3n de diagn\u00f3stico permite una veloz localizaci\u00f3n de posibles problemas. Una memoria avise al operario de los plazos de manutenci\u00f3n. Las funciones estad\u00edsticas ofrecen informaci\u00f3n respeto a lo producci\u00f3n efectuada. El comando de ayuda recuerda las principales funciones de la maquino en lo lengua seleccionado por el operario.<br \/>Es posible programar tramos de aceleraci\u00f3n al principio de lo porci\u00f3n, \u00fatiles paro evitar roturas de la tripa.<br \/>SERIE l<br \/>LO pueden ser servidas en lo versi\u00f3n sencilla l donde un molar asincronostandard que es controlado por un invertidor y un panel de control programable extremadamente sencillo, mini Touch Screen, hacen que este maquina sea segura, facil de usar y mantener.<\/p><\/div>\n\t\t\t\t<\/div>\n\t\t\t\t<\/div>\n\t\t\t\t\t<\/div>\n\t\t<\/div>\n\t\t\t\t\t\t\t<\/div>\n\t\t<\/section>\n\t\t\t\t<section class=\"elementor-section elementor-top-section elementor-element elementor-element-75e8f05e elementor-section-boxed elementor-section-height-default elementor-section-height-default\" data-id=\"75e8f05e\" data-element_type=\"section\">\n\t\t\t\t\t\t<div class=\"elementor-container elementor-column-gap-default\">\n\t\t\t\t\t<div class=\"elementor-column elementor-col-100 elementor-top-column elementor-element elementor-element-158464f6\" data-id=\"158464f6\" data-element_type=\"column\">\n\t\t\t<div class=\"elementor-widget-wrap elementor-element-populated\">\n\t\t\t\t\t\t\t\t<div class=\"elementor-element elementor-element-301cfaca elementor-widget elementor-widget-text-editor\" data-id=\"301cfaca\" data-element_type=\"widget\" data-widget_type=\"text-editor.default\">\n\t\t\t\t<div class=\"elementor-widget-container\">\n\t\t\t\t\t<div class=\"elementor-text-editor elementor-clearfix\"><p>\u00a0<\/p><h2>INFORMACI\u00d3N T\u00c9CNICA<\/h2><table style=\"height: 387px; background: #F2F2F2;\" border=\"1\" width=\"708\"><thead><tr><th>DATOS TECNICOS<\/th><th>UM<\/th><th>F10I<\/th><th>F10B<\/th><\/tr><\/thead><tbody><tr><td>Capacidad tolva<\/td><td>lt<\/td><td>90\/160\/260<\/td><td>90\/160\/260<\/td><\/tr><tr><td>Total Potencia<\/td><td>kW<\/td><td>8,5<\/td><td>8,5<\/td><\/tr><tr><td>Producci\u00f2n Max<\/td><td>kg\/h<\/td><td>5200<\/td><td>5600<\/td><\/tr><tr><td>Presi\u00f2n de embuci\u00f2n Max<\/td><td>bar<\/td><td>50<\/td><td>50<\/td><\/tr><tr><td>Porcionador<\/td><td>g<\/td><td>5-10000<\/td><td>5-10000<\/td><\/tr><tr><td>Velocidad de porcionador<\/td><td>n\/min\/max<\/td><td>\u00a0<\/td><td>\u00a0<\/td><\/tr><tr><td>\u00a0<\/td><td>25g<\/td><td>700<\/td><td>750<\/td><\/tr><tr><td>\u00a0<\/td><td>50g<\/td><td>610<\/td><td>660<\/td><\/tr><tr><td>\u00a0<\/td><td>100g<\/td><td>440<\/td><td>470<\/td><\/tr><tr><td>\u00a0<\/td><td>200g<\/td><td>310<\/td><td>330<\/td><\/tr><tr><td>Peso<\/td><td>kg<\/td><td>530<\/td><td>530<\/td><\/tr><tr><td>Peso con elevador<\/td><td>kg<\/td><td>670<\/td><td>670<\/td><\/tr><\/tbody><\/table><\/div>\n\t\t\t\t<\/div>\n\t\t\t\t<\/div>\n\t\t\t\t\t<\/div>\n\t\t<\/div>\n\t\t\t\t\t\t\t<\/div>\n\t\t<\/section>\n\t\t\t\t\t\t<\/div>\n\t\t\t\t\t<\/div>\n\t\t","protected":false},"excerpt":{"rendered":"<p>EMBUTIDORA CONTINUA AL Vac\u00edo F 10 La embutidora continua al modo F la es la maquina compacta de m\u00e1s elevadas prestaciones y alta producci\u00f3n para lo mediana y gran empresa gracias a la bomba de embutido a paletas de gran di\u00e1metro. Puede ser dotada con 12 o 16 paletas.<\/p>\n","protected":false},"featured_media":1099,"template":"","meta":{"neve_meta_sidebar":"","neve_meta_container":"","neve_meta_enable_content_width":"off","neve_meta_content_width":100,"neve_meta_title_alignment":"","neve_meta_author_avatar":"","neve_post_elements_order":"","neve_meta_disable_header":"","neve_meta_disable_footer":"","neve_meta_disable_title":""},"class_list":["post-562","product","type-product","status-publish","has-post-thumbnail","hentry","product_cat-embutidora"],"_links":{"self":[{"href":"https:\/\/sti.hn\/wp2\/wp-json\/wp\/v2\/product\/562","targetHints":{"allow":["GET"]}}],"collection":[{"href":"https:\/\/sti.hn\/wp2\/wp-json\/wp\/v2\/product"}],"about":[{"href":"https:\/\/sti.hn\/wp2\/wp-json\/wp\/v2\/types\/product"}],"version-history":[{"count":13,"href":"https:\/\/sti.hn\/wp2\/wp-json\/wp\/v2\/product\/562\/revisions"}],"predecessor-version":[{"id":1704,"href":"https:\/\/sti.hn\/wp2\/wp-json\/wp\/v2\/product\/562\/revisions\/1704"}],"wp:featuredmedia":[{"embeddable":true,"href":"https:\/\/sti.hn\/wp2\/wp-json\/wp\/v2\/media\/1099"}],"wp:attachment":[{"href":"https:\/\/sti.hn\/wp2\/wp-json\/wp\/v2\/media?parent=562"}],"curies":[{"name":"wp","href":"https:\/\/api.w.org\/{rel}","templated":true}]}}