{"id":579,"date":"2021-09-11T12:20:02","date_gmt":"2021-09-11T12:20:02","guid":{"rendered":"https:\/\/sti.hn\/wp2\/?post_type=product&#038;p=579"},"modified":"2024-09-29T17:02:38","modified_gmt":"2024-09-29T17:02:38","slug":"tcsa","status":"publish","type":"product","link":"https:\/\/sti.hn\/wp2\/producto\/tcsa\/","title":{"rendered":"TCSA"},"content":{"rendered":"\t\t<div data-elementor-type=\"wp-post\" data-elementor-id=\"579\" class=\"elementor elementor-579\" data-elementor-settings=\"[]\">\n\t\t\t\t\t\t\t<div class=\"elementor-section-wrap\">\n\t\t\t\t\t\t\t<section class=\"elementor-section elementor-top-section elementor-element elementor-element-2ca7d8d0 elementor-section-boxed elementor-section-height-default elementor-section-height-default\" data-id=\"2ca7d8d0\" data-element_type=\"section\">\n\t\t\t\t\t\t<div class=\"elementor-container elementor-column-gap-default\">\n\t\t\t\t\t<div class=\"elementor-column elementor-col-100 elementor-top-column elementor-element elementor-element-25e054a6\" data-id=\"25e054a6\" data-element_type=\"column\">\n\t\t\t<div class=\"elementor-widget-wrap elementor-element-populated\">\n\t\t\t\t\t\t\t\t<div class=\"elementor-element elementor-element-530c9988 elementor-widget elementor-widget-text-editor\" data-id=\"530c9988\" data-element_type=\"widget\" data-widget_type=\"text-editor.default\">\n\t\t\t\t<div class=\"elementor-widget-container\">\n\t\t\t\t\t<div class=\"elementor-text-editor elementor-clearfix\"><h2>INFORMACI\u00d3N T\u00c9CNICA<\/h2>\r\n<table style=\"height: 261px;\" width=\"733\">\r\n<thead>\r\n<tr>\r\n<th>DATOS TECNICOS<\/th>\r\n<th>UM<\/th>\r\n<th><\/th>\r\n<\/tr>\r\n<\/thead>\r\n<tbody>\r\n<tr>\r\n<td>Diam. plaquas<\/td>\r\n<td>mm<\/td>\r\n<td>130<\/td>\r\n<\/tr>\r\n<tr>\r\n<td>Capacidad tolva<\/td>\r\n<td>lt<\/td>\r\n<td>110<\/td>\r\n<\/tr>\r\n<tr>\r\n<td>Motor principal<\/td>\r\n<td>kW<\/td>\r\n<td>7,5<\/td>\r\n<\/tr>\r\n<tr>\r\n<td>Motor alimentador<\/td>\r\n<td>kW<\/td>\r\n<td>0,75<\/td>\r\n<\/tr>\r\n<tr>\r\n<td>Motor elevador<\/td>\r\n<td>kW<\/td>\r\n<td>0,40<\/td>\r\n<\/tr>\r\n<tr>\r\n<td>Producci\u00f3n Max<\/td>\r\n<td>kg\/h<\/td>\r\n<td>2000<\/td>\r\n<\/tr>\r\n<tr>\r\n<td>Peso<\/td>\r\n<td>kg<\/td>\r\n<td>450<\/td>\r\n<\/tr>\r\n<tr>\r\n<td>Peso con elevador<\/td>\r\n<td>kg<\/td>\r\n<td>580<\/td>\r\n<\/tr>\r\n<\/tbody>\r\n<\/table><\/div>\n\t\t\t\t<\/div>\n\t\t\t\t<\/div>\n\t\t\t\t\t<\/div>\n\t\t<\/div>\n\t\t\t\t\t\t\t<\/div>\n\t\t<\/section>\n\t\t\t\t<section class=\"elementor-section elementor-top-section elementor-element elementor-element-ad2122f elementor-section-boxed elementor-section-height-default elementor-section-height-default\" data-id=\"ad2122f\" data-element_type=\"section\">\n\t\t\t\t\t\t<div class=\"elementor-container elementor-column-gap-default\">\n\t\t\t\t\t<div class=\"elementor-column elementor-col-100 elementor-top-column elementor-element elementor-element-3e35c45\" data-id=\"3e35c45\" data-element_type=\"column\">\n\t\t\t<div class=\"elementor-widget-wrap elementor-element-populated\">\n\t\t\t\t\t\t\t\t<div class=\"elementor-element elementor-element-da710e9 elementor-aspect-ratio-169 elementor-widget elementor-widget-video\" data-id=\"da710e9\" data-element_type=\"widget\" data-settings=\"{&quot;youtube_url&quot;:&quot;https:\\\/\\\/www.youtube.com\\\/watch?v=A4iq2O0VpbE&quot;,&quot;video_type&quot;:&quot;youtube&quot;,&quot;controls&quot;:&quot;yes&quot;,&quot;aspect_ratio&quot;:&quot;169&quot;}\" data-widget_type=\"video.default\">\n\t\t\t\t<div class=\"elementor-widget-container\">\n\t\t\t\t\t<div class=\"elementor-wrapper elementor-fit-aspect-ratio elementor-open-inline\">\n\t\t\t<div class=\"elementor-video\"><\/div>\t\t<\/div>\n\t\t\t\t<\/div>\n\t\t\t\t<\/div>\n\t\t\t\t\t<\/div>\n\t\t<\/div>\n\t\t\t\t\t\t\t<\/div>\n\t\t<\/section>\n\t\t\t\t\t\t<\/div>\n\t\t\t\t\t<\/div>\n\t\t","protected":false},"excerpt":{"rendered":"<p>La capaz tolva protegida por una tapadera de seguridad permite cargar con facilidad el producto a picar. \u00c9lice de alimentaci\u00f3n, dispuesta en un \u00e1ngulo de 90\u00ba con respecto a la \u00e9lice de elaboraci\u00f3n, y f\u00e1cilmente desmontable proporcionan una r\u00e1pida limpieza. Posibilidad de instalar, tambi\u00e9n tras su adquisici\u00f3n, un elevador hidr\u00e1ulico para carros. Posibilidad de instalar un motor a dos velocidades sobre el alimentador.<\/p>\n","protected":false},"featured_media":1694,"template":"","meta":{"neve_meta_sidebar":"","neve_meta_container":"","neve_meta_enable_content_width":"off","neve_meta_content_width":100,"neve_meta_title_alignment":"","neve_meta_author_avatar":"","neve_post_elements_order":"","neve_meta_disable_header":"","neve_meta_disable_footer":"","neve_meta_disable_title":""},"class_list":["post-579","product","type-product","status-publish","has-post-thumbnail","hentry","product_cat-picadora"],"_links":{"self":[{"href":"https:\/\/sti.hn\/wp2\/wp-json\/wp\/v2\/product\/579","targetHints":{"allow":["GET"]}}],"collection":[{"href":"https:\/\/sti.hn\/wp2\/wp-json\/wp\/v2\/product"}],"about":[{"href":"https:\/\/sti.hn\/wp2\/wp-json\/wp\/v2\/types\/product"}],"version-history":[{"count":4,"href":"https:\/\/sti.hn\/wp2\/wp-json\/wp\/v2\/product\/579\/revisions"}],"predecessor-version":[{"id":1697,"href":"https:\/\/sti.hn\/wp2\/wp-json\/wp\/v2\/product\/579\/revisions\/1697"}],"wp:featuredmedia":[{"embeddable":true,"href":"https:\/\/sti.hn\/wp2\/wp-json\/wp\/v2\/media\/1694"}],"wp:attachment":[{"href":"https:\/\/sti.hn\/wp2\/wp-json\/wp\/v2\/media?parent=579"}],"curies":[{"name":"wp","href":"https:\/\/api.w.org\/{rel}","templated":true}]}}