{"id":585,"date":"2021-09-11T12:31:53","date_gmt":"2021-09-11T12:31:53","guid":{"rendered":"https:\/\/sti.hn\/wp2\/?post_type=product&#038;p=585"},"modified":"2024-09-29T17:02:23","modified_gmt":"2024-09-29T17:02:23","slug":"tca-10","status":"publish","type":"product","link":"https:\/\/sti.hn\/wp2\/producto\/tca-10\/","title":{"rendered":"TCA-10"},"content":{"rendered":"\t\t<div data-elementor-type=\"wp-post\" data-elementor-id=\"585\" class=\"elementor elementor-585\" data-elementor-settings=\"[]\">\n\t\t\t\t\t\t\t<div class=\"elementor-section-wrap\">\n\t\t\t\t\t\t\t<section class=\"elementor-section elementor-top-section elementor-element elementor-element-739a29a6 elementor-section-boxed elementor-section-height-default elementor-section-height-default\" data-id=\"739a29a6\" data-element_type=\"section\">\n\t\t\t\t\t\t<div class=\"elementor-container elementor-column-gap-default\">\n\t\t\t\t\t<div class=\"elementor-column elementor-col-100 elementor-top-column elementor-element elementor-element-77eefab4\" data-id=\"77eefab4\" data-element_type=\"column\">\n\t\t\t<div class=\"elementor-widget-wrap elementor-element-populated\">\n\t\t\t\t\t\t\t\t<div class=\"elementor-element elementor-element-32600e77 elementor-widget elementor-widget-text-editor\" data-id=\"32600e77\" data-element_type=\"widget\" data-widget_type=\"text-editor.default\">\n\t\t\t\t<div class=\"elementor-widget-container\">\n\t\t\t\t\t<div class=\"elementor-text-editor elementor-clearfix\"><h2>INFORMACI\u00d3N T\u00c9CNICA<\/h2>\r\n<table style=\"height: 211px;\" width=\"746\">\r\n<thead>\r\n<tr>\r\n<th>DATOS TECNICOS<\/th>\r\n<th>UM<\/th>\r\n<th><\/th>\r\n<\/tr>\r\n<\/thead>\r\n<tbody>\r\n<tr>\r\n<td>Diam. plaquas<\/td>\r\n<td>mm<\/td>\r\n<td>160<\/td>\r\n<\/tr>\r\n<tr>\r\n<td>Capacidad del dep\u00f3sito<\/td>\r\n<td>lt<\/td>\r\n<td>350<\/td>\r\n<\/tr>\r\n<tr>\r\n<td>Motor principal<\/td>\r\n<td>kW<\/td>\r\n<td>15-22<\/td>\r\n<\/tr>\r\n<tr>\r\n<td>Motor alimentador<\/td>\r\n<td>kW<\/td>\r\n<td>1,5<\/td>\r\n<\/tr>\r\n<tr>\r\n<td>Motor elevador<\/td>\r\n<td>kW<\/td>\r\n<td>0,75<\/td>\r\n<\/tr>\r\n<tr>\r\n<td>Producci\u00f2n Max<\/td>\r\n<td>kg\/h<\/td>\r\n<td>3000<\/td>\r\n<\/tr>\r\n<tr>\r\n<td>Peso<\/td>\r\n<td>kg<\/td>\r\n<td>1200<\/td>\r\n<\/tr>\r\n<\/tbody>\r\n<\/table><\/div>\n\t\t\t\t<\/div>\n\t\t\t\t<\/div>\n\t\t\t\t\t<\/div>\n\t\t<\/div>\n\t\t\t\t\t\t\t<\/div>\n\t\t<\/section>\n\t\t\t\t<section class=\"elementor-section elementor-top-section elementor-element elementor-element-a51d5b1 elementor-section-boxed elementor-section-height-default elementor-section-height-default\" data-id=\"a51d5b1\" data-element_type=\"section\">\n\t\t\t\t\t\t<div class=\"elementor-container elementor-column-gap-default\">\n\t\t\t\t\t<div class=\"elementor-column elementor-col-100 elementor-top-column elementor-element elementor-element-119c328\" data-id=\"119c328\" data-element_type=\"column\">\n\t\t\t<div class=\"elementor-widget-wrap elementor-element-populated\">\n\t\t\t\t\t\t\t\t<div class=\"elementor-element elementor-element-de87ead elementor-aspect-ratio-169 elementor-widget elementor-widget-video\" data-id=\"de87ead\" data-element_type=\"widget\" data-settings=\"{&quot;youtube_url&quot;:&quot;https:\\\/\\\/www.youtube.com\\\/watch?v=oeLJwYdDEQA&quot;,&quot;video_type&quot;:&quot;youtube&quot;,&quot;controls&quot;:&quot;yes&quot;,&quot;aspect_ratio&quot;:&quot;169&quot;}\" data-widget_type=\"video.default\">\n\t\t\t\t<div class=\"elementor-widget-container\">\n\t\t\t\t\t<div class=\"elementor-wrapper elementor-fit-aspect-ratio elementor-open-inline\">\n\t\t\t<div class=\"elementor-video\"><\/div>\t\t<\/div>\n\t\t\t\t<\/div>\n\t\t\t\t<\/div>\n\t\t\t\t\t<\/div>\n\t\t<\/div>\n\t\t\t\t\t\t\t<\/div>\n\t\t<\/section>\n\t\t\t\t\t\t<\/div>\n\t\t\t\t\t<\/div>\n\t\t","protected":false},"excerpt":{"rendered":"<p><b>MOLINO MEZCLADOR MOD. TCA-10<\/b><\/p>\n<p>Cubo de pre-mezcla de 360 litros provisto de un brazo alimentador cuyo rotaci\u00f3n puede ser invertida junto a la h\u00e9lice de alimentaci\u00f3n con un eficaz efecto de pre mezclo. Potente motor principal! hasta 22 kW. Velocidad de la h\u00e9lice de alimentaci\u00f3n ajustable para conseguir lo correcta cantidad de carne poro mezcla reduciendo al m\u00ednimo la fatiga del producto.<\/p>\n","protected":false},"featured_media":1690,"template":"","meta":{"neve_meta_sidebar":"","neve_meta_container":"","neve_meta_enable_content_width":"off","neve_meta_content_width":100,"neve_meta_title_alignment":"","neve_meta_author_avatar":"","neve_post_elements_order":"","neve_meta_disable_header":"","neve_meta_disable_footer":"","neve_meta_disable_title":""},"class_list":["post-585","product","type-product","status-publish","has-post-thumbnail","hentry","product_cat-picadora"],"_links":{"self":[{"href":"https:\/\/sti.hn\/wp2\/wp-json\/wp\/v2\/product\/585","targetHints":{"allow":["GET"]}}],"collection":[{"href":"https:\/\/sti.hn\/wp2\/wp-json\/wp\/v2\/product"}],"about":[{"href":"https:\/\/sti.hn\/wp2\/wp-json\/wp\/v2\/types\/product"}],"version-history":[{"count":5,"href":"https:\/\/sti.hn\/wp2\/wp-json\/wp\/v2\/product\/585\/revisions"}],"predecessor-version":[{"id":1698,"href":"https:\/\/sti.hn\/wp2\/wp-json\/wp\/v2\/product\/585\/revisions\/1698"}],"wp:featuredmedia":[{"embeddable":true,"href":"https:\/\/sti.hn\/wp2\/wp-json\/wp\/v2\/media\/1690"}],"wp:attachment":[{"href":"https:\/\/sti.hn\/wp2\/wp-json\/wp\/v2\/media?parent=585"}],"curies":[{"name":"wp","href":"https:\/\/api.w.org\/{rel}","templated":true}]}}