{"id":646,"date":"2021-10-25T16:39:34","date_gmt":"2021-10-25T16:39:34","guid":{"rendered":"https:\/\/sti.hn\/wp2\/?post_type=product&#038;p=646"},"modified":"2021-10-25T17:10:51","modified_gmt":"2021-10-25T17:10:51","slug":"inyector-de-salmuera-msk-32-56","status":"publish","type":"product","link":"https:\/\/sti.hn\/wp2\/producto\/inyector-de-salmuera-msk-32-56\/","title":{"rendered":"INYECTOR DE SALMUERA MSK-32\/56"},"content":{"rendered":"<p><strong>Promarksvac Corporation<\/strong> fabrica una l\u00ednea completa de inyectores de salmuera desde nuestro econ\u00f3mico <strong>MSK-16<\/strong> hasta nuestro impresionante <strong>MSK-198<\/strong>. Todas estas unidades cuentan con carcasas de acero inoxidable y bombas de salmuera europeas de alta calidad.<\/p>\n<p>El <strong>MSK-16<\/strong> cuenta con controles anal\u00f3gicos f\u00e1ciles de usar y una cinta transportadora compuesta para el movimiento del producto. La fuerza de la aguja en esta unidad es suministrada por un sistema de resorte probado.<\/p>\n<p>El <strong>MSK-32<\/strong> al <strong>MSK-56<\/strong> ofrece un sistema de control PLC avanzado, as\u00ed como un robusto sistema de vigas m\u00f3viles de acero inoxidable para el movimiento del producto a trav\u00e9s de la unidad. Estas unidades tambi\u00e9n cuentan con un sistema de cabezal de aguja controlado por presi\u00f3n de aire. Este sistema permite procesar productos deshuesados \u200b\u200by con hueso con un simple ajuste en la configuraci\u00f3n de la presi\u00f3n de aire, en lugar de cambiar los resortes de la cabeza. Estas unidades tambi\u00e9n cuentan con un exclusivo dispositivo de limpieza de agujas accionado por aire.<\/p>\n<p>El <strong>MSK-98<\/strong> y el <strong>MSK-198<\/strong> cuentan con un robusto sistema de energ\u00eda hidr\u00e1ulica que maneja tanto el movimiento de la cabeza de la aguja como la conducci\u00f3n del transportador de alimentaci\u00f3n del producto. Estas unidades comparten el mismo sistema de control <strong>PLC<\/strong> avanzado y el mismo dispositivo de limpieza de agujas que los modelos <strong>MSK-32<\/strong> y <strong>MSK-56<\/strong>.<\/p>\n<p>Si su operaci\u00f3n de procesamiento incluye inyecci\u00f3n de salmuera, entonces se lo debe a usted mismo para echar un vistazo a la serie <strong>Promarksvac MSK<\/strong>. Creemos que estar\u00e1 de acuerdo en que representan el mejor valor general que se puede encontrar en la industria.<\/p>\n<p><strong>Opciones:<\/strong><\/p>\n<p><a href=\"https:\/\/sti.hn\/wp2\/wp-content\/uploads\/2021\/10\/msk-machine-option.png\"><img loading=\"lazy\" decoding=\"async\" class=\"wp-image-647 aligncenter\" src=\"https:\/\/sti.hn\/wp2\/wp-content\/uploads\/2021\/10\/msk-machine-option-300x166.png\" alt=\"\" width=\"819\" height=\"453\" srcset=\"https:\/\/sti.hn\/wp2\/wp-content\/uploads\/2021\/10\/msk-machine-option-300x166.png 300w, https:\/\/sti.hn\/wp2\/wp-content\/uploads\/2021\/10\/msk-machine-option-768x425.png 768w, https:\/\/sti.hn\/wp2\/wp-content\/uploads\/2021\/10\/msk-machine-option-600x332.png 600w, https:\/\/sti.hn\/wp2\/wp-content\/uploads\/2021\/10\/msk-machine-option.png 867w\" sizes=\"auto, (max-width: 819px) 100vw, 819px\" \/><\/a><\/p>\n","protected":false},"excerpt":{"rendered":"<p>Caracter\u00edsticas est\u00e1ndar:<\/p>\n<ul>\n<li>Construcci\u00f3n de acero inoxidable (# 304)<\/li>\n<li>Bomba de salmuera centr\u00edfuga<\/li>\n<li>Tanque de salmuera de acero inoxidable (# 304)<\/li>\n<li>Mezclador de salmuera (modelo MSK-56)<\/li>\n<li>Sistema de control PLC \/ HMI<\/li>\n<li>Accionamiento por motor de velocidad variable de hasta 50 golpes por minuto<\/li>\n<li>Dise\u00f1o de cabezal de aire para Needle Force<\/li>\n<li>Sistema de vigas m\u00f3viles para el movimiento del producto<\/li>\n<li>Sistema exclusivo de limpieza de agujas<\/li>\n<li>Lectura digital de temperatura de la salmuera<\/li>\n<\/ul>\n","protected":false},"featured_media":645,"template":"","meta":{"neve_meta_sidebar":"","neve_meta_container":"","neve_meta_enable_content_width":"off","neve_meta_content_width":100,"neve_meta_title_alignment":"","neve_meta_author_avatar":"","neve_post_elements_order":"","neve_meta_disable_header":"","neve_meta_disable_footer":"","neve_meta_disable_title":""},"class_list":["post-646","product","type-product","status-publish","has-post-thumbnail","hentry","product_cat-inyectorascarne"],"_links":{"self":[{"href":"https:\/\/sti.hn\/wp2\/wp-json\/wp\/v2\/product\/646","targetHints":{"allow":["GET"]}}],"collection":[{"href":"https:\/\/sti.hn\/wp2\/wp-json\/wp\/v2\/product"}],"about":[{"href":"https:\/\/sti.hn\/wp2\/wp-json\/wp\/v2\/types\/product"}],"version-history":[{"count":5,"href":"https:\/\/sti.hn\/wp2\/wp-json\/wp\/v2\/product\/646\/revisions"}],"predecessor-version":[{"id":652,"href":"https:\/\/sti.hn\/wp2\/wp-json\/wp\/v2\/product\/646\/revisions\/652"}],"wp:featuredmedia":[{"embeddable":true,"href":"https:\/\/sti.hn\/wp2\/wp-json\/wp\/v2\/media\/645"}],"wp:attachment":[{"href":"https:\/\/sti.hn\/wp2\/wp-json\/wp\/v2\/media?parent=646"}],"curies":[{"name":"wp","href":"https:\/\/api.w.org\/{rel}","templated":true}]}}