{"id":665,"date":"2021-11-06T12:07:19","date_gmt":"2021-11-06T12:07:19","guid":{"rendered":"https:\/\/sti.hn\/wp2\/?post_type=product&#038;p=665"},"modified":"2021-11-15T11:25:32","modified_gmt":"2021-11-15T11:25:32","slug":"masajeadora-al-vacio-modelo-tm1000m-5000m","status":"publish","type":"product","link":"https:\/\/sti.hn\/wp2\/producto\/masajeadora-al-vacio-modelo-tm1000m-5000m\/","title":{"rendered":"MASAJEADORA AL VACIO MODELO TM1000M-5000M"},"content":{"rendered":"<p>Los masajeadores de la serie TM de Promarks son las m\u00e1quinas que desea cuando su operaci\u00f3n est\u00e1 lista para el gran momento. Con capacidades que van desde 1000 libras hasta m\u00e1s de 5000 libras, estas son unidades hechas para procesadores de volumen medio a alto y muchas veces se utilizan en forma de l\u00ednea directa con nuestros inyectores de salmuera de la serie MSK. Estas m\u00e1quinas utilizan un sistema de vac\u00edo continuo y ofrecen una amplia gama de opciones, como celdas de carga, sistemas de volquete con errores y sistemas de llenado por succi\u00f3n, solo por nombrar algunos. La conclusi\u00f3n es que estas m\u00e1quinas se pueden configurar para manejar sus necesidades de procesamiento espec\u00edficas. Si est\u00e1 buscando una l\u00ednea de masajeadores por vac\u00edo que tengan la calidad, el rendimiento y las caracter\u00edsticas que los convierten en el mejor valor en la industria, no busque m\u00e1s all\u00e1 de la l\u00ednea de m\u00e1quinas de masajeadores por vac\u00edo de la serie TM de Promarks.<\/p>\n","protected":false},"excerpt":{"rendered":"<p><strong>Caracter\u00edsticas est\u00e1ndar:<\/strong><\/p>\n<ul>\n<li>Construcci\u00f3n de acero inoxidable<\/li>\n<li>Bomba de vac\u00edo BUSCH<\/li>\n<li>Velocidad variable<\/li>\n<li>Vac\u00edo continuo<\/li>\n<li>Funci\u00f3n de descarga inversa<\/li>\n<li>Panel de control del microprocesador PV-03<\/li>\n<\/ul>\n<p><strong>Opciones<\/strong>:<\/p>\n<ul>\n<li>Sistema de control PLC \/ HMI<\/li>\n<li>Bombas de vac\u00edo m\u00e1s grandes<\/li>\n<li>C\u00e9lulas de carga<\/li>\n<li>Sistemas de volquete para buggy<\/li>\n<li>Mesas de succi\u00f3n<\/li>\n<li>Sistemas de transporte de carga \/ descarga<\/li>\n<li>Voltaje personalizado<\/li>\n<\/ul>\n","protected":false},"featured_media":797,"template":"","meta":{"neve_meta_sidebar":"","neve_meta_container":"","neve_meta_enable_content_width":"off","neve_meta_content_width":100,"neve_meta_title_alignment":"","neve_meta_author_avatar":"","neve_post_elements_order":"","neve_meta_disable_header":"","neve_meta_disable_footer":"","neve_meta_disable_title":""},"class_list":["post-665","product","type-product","status-publish","has-post-thumbnail","hentry","product_cat-masajeado"],"_links":{"self":[{"href":"https:\/\/sti.hn\/wp2\/wp-json\/wp\/v2\/product\/665","targetHints":{"allow":["GET"]}}],"collection":[{"href":"https:\/\/sti.hn\/wp2\/wp-json\/wp\/v2\/product"}],"about":[{"href":"https:\/\/sti.hn\/wp2\/wp-json\/wp\/v2\/types\/product"}],"version-history":[{"count":1,"href":"https:\/\/sti.hn\/wp2\/wp-json\/wp\/v2\/product\/665\/revisions"}],"predecessor-version":[{"id":666,"href":"https:\/\/sti.hn\/wp2\/wp-json\/wp\/v2\/product\/665\/revisions\/666"}],"wp:featuredmedia":[{"embeddable":true,"href":"https:\/\/sti.hn\/wp2\/wp-json\/wp\/v2\/media\/797"}],"wp:attachment":[{"href":"https:\/\/sti.hn\/wp2\/wp-json\/wp\/v2\/media?parent=665"}],"curies":[{"name":"wp","href":"https:\/\/api.w.org\/{rel}","templated":true}]}}