{"id":680,"date":"2021-11-08T14:07:41","date_gmt":"2021-11-08T14:07:41","guid":{"rendered":"https:\/\/sti.hn\/wp2\/?post_type=product&#038;p=680"},"modified":"2021-12-06T21:22:58","modified_gmt":"2021-12-06T21:22:58","slug":"mvs41-x","status":"publish","type":"product","link":"https:\/\/sti.hn\/wp2\/producto\/mvs41-x\/","title":{"rendered":"MVS41 X"},"content":{"rendered":"<p><a href=\"https:\/\/www.minipack-torre.it\/es\/maquinas\/mvs41-x#punto-245\"><strong>CARACTER\u00cdSTICAS T\u00c9CNICAS<\/strong><\/a><\/p>\n<ul>\n<li>Acero inoxidable (AISI 304)<\/li>\n<li>Ciclo al vac\u00edo con parada<\/li>\n<li>Dispositivo corte de residuos de la bolsa<\/li>\n<li>Barra soldadora de aluminio con empalme r\u00e1pido<\/li>\n<li>Tapa pl\u00e1stica transparente para uso alimentario<\/li>\n<li>Sensor volum\u00e9trico para detecci\u00f3n vac\u00edo<\/li>\n<li>Tablas de relleno de PE-HD<\/li>\n<li>10 programas personalizables<\/li>\n<li>Autoajuste<\/li>\n<li>Seguridad en sobrecarga de la barra soldadora<\/li>\n<li>Testigo se\u00f1alizaci\u00f3n de aceite y asistencia<\/li>\n<li>Certificaci\u00f3n CE &#8211; ETL \u2013 NSF.<\/li>\n<\/ul>\n","protected":false},"excerpt":{"rendered":"<h3 class=\"h5\">ENVASADO AL VAC\u00cdO DE BANCO &#8211; BARRA SELLADORA 626 MM FRONTAL\/310 MM LATERAL<\/h3>\n<p>M\u00c1QUINA DE ENVASADO AL VAC\u00cdO DE MESA<\/p>\n<div class=\"page-text\">\n<p>La l\u00ednea\u00a0<strong>MVS X<\/strong>\u00a0posee contenidos tecnol\u00f3gicos y funcionales de alt\u00edsima calidad, pero conserva la m\u00e1xima simplicidad de uso. La colaboraci\u00f3n con importantes chefs durante la fase de realizaci\u00f3n y dise\u00f1o de la pantalla nos ha permitido enriquecer las funciones ofrecidas por el panel de mandos, teniendo en cuenta las exigencias espec\u00edficas de los usuarios profesionales.<\/p>\n<p>El teclado t\u00e1ctil (membran switch) es adhesivo y est\u00e1 pegado en la parte frontal de la carrocer\u00eda; esto impide la entrada de l\u00edquidos en la tarjeta. El panel de mando permite configurar hasta 10 programas personalizados<\/p>\n<p>La pantalla visualiza, con un mensaje adecuado, la necesidad de cambiar el aceite. El sensor electr\u00f3nico interpreta los datos directamente desde la tarjeta y lee el grado de vac\u00edo realizado dentro de la c\u00e1mara. Por \u00faltimo, es posible ajustar la m\u00e1quina para corregir posibles variaciones de presi\u00f3n atmosf\u00e9rica a distintas alturas.<\/p>\n<\/div>\n","protected":false},"featured_media":681,"template":"","meta":{"neve_meta_sidebar":"","neve_meta_container":"","neve_meta_enable_content_width":"off","neve_meta_content_width":100,"neve_meta_title_alignment":"","neve_meta_author_avatar":"","neve_post_elements_order":"","neve_meta_disable_header":"","neve_meta_disable_footer":"","neve_meta_disable_title":""},"class_list":["post-680","product","type-product","status-publish","has-post-thumbnail","hentry","product_cat-vacio"],"_links":{"self":[{"href":"https:\/\/sti.hn\/wp2\/wp-json\/wp\/v2\/product\/680","targetHints":{"allow":["GET"]}}],"collection":[{"href":"https:\/\/sti.hn\/wp2\/wp-json\/wp\/v2\/product"}],"about":[{"href":"https:\/\/sti.hn\/wp2\/wp-json\/wp\/v2\/types\/product"}],"version-history":[{"count":1,"href":"https:\/\/sti.hn\/wp2\/wp-json\/wp\/v2\/product\/680\/revisions"}],"predecessor-version":[{"id":683,"href":"https:\/\/sti.hn\/wp2\/wp-json\/wp\/v2\/product\/680\/revisions\/683"}],"wp:featuredmedia":[{"embeddable":true,"href":"https:\/\/sti.hn\/wp2\/wp-json\/wp\/v2\/media\/681"}],"wp:attachment":[{"href":"https:\/\/sti.hn\/wp2\/wp-json\/wp\/v2\/media?parent=680"}],"curies":[{"name":"wp","href":"https:\/\/api.w.org\/{rel}","templated":true}]}}