{"id":689,"date":"2021-11-08T22:52:04","date_gmt":"2021-11-08T22:52:04","guid":{"rendered":"https:\/\/sti.hn\/wp2\/?post_type=product&#038;p=689"},"modified":"2024-10-01T16:13:18","modified_gmt":"2024-10-01T16:13:18","slug":"mvs45-x","status":"publish","type":"product","link":"https:\/\/sti.hn\/wp2\/producto\/mvs45-x\/","title":{"rendered":"MVS45 X"},"content":{"rendered":"\t\t<div data-elementor-type=\"wp-post\" data-elementor-id=\"689\" class=\"elementor elementor-689\" data-elementor-settings=\"[]\">\n\t\t\t\t\t\t\t<div class=\"elementor-section-wrap\">\n\t\t\t\t\t\t\t<section class=\"elementor-section elementor-top-section elementor-element elementor-element-496c5973 elementor-section-boxed elementor-section-height-default elementor-section-height-default\" data-id=\"496c5973\" data-element_type=\"section\">\n\t\t\t\t\t\t<div class=\"elementor-container elementor-column-gap-default\">\n\t\t\t\t\t<div class=\"elementor-column elementor-col-100 elementor-top-column elementor-element elementor-element-2231fde1\" data-id=\"2231fde1\" data-element_type=\"column\">\n\t\t\t<div class=\"elementor-widget-wrap elementor-element-populated\">\n\t\t\t\t\t\t\t\t<div class=\"elementor-element elementor-element-5bcb48ec elementor-widget elementor-widget-text-editor\" data-id=\"5bcb48ec\" data-element_type=\"widget\" data-widget_type=\"text-editor.default\">\n\t\t\t\t<div class=\"elementor-widget-container\">\n\t\t\t\t\t<div class=\"elementor-text-editor elementor-clearfix\"><strong>CARACTER\u00cdSTICAS T\u00c9CNICAS<\/strong>\n<ul>\n \t<li>Acero inoxidable (AISI 304)<\/li>\n \t<li>Ciclo al vac\u00edo con parada<\/li>\n \t<li>Dispositivo corte de residuos de la bolsa<\/li>\n \t<li>Barra soldadora de aluminio con empalme r\u00e1pido<\/li>\n \t<li>Tapa pl\u00e1stica transparente para uso alimentario<\/li>\n \t<li>Sensor volum\u00e9trico para detecci\u00f3n vac\u00edo<\/li>\n \t<li>Tablas de relleno de PE-HD<\/li>\n \t<li>10 programas personalizables<\/li>\n \t<li>Autoajuste<\/li>\n \t<li>Seguridad en sobrecarga de la barra soldadora<\/li>\n \t<li>Testigo se\u00f1alizaci\u00f3n de aceite y asistencia<\/li>\n \t<li>Certificaci\u00f3n CE &#8211; ETL \u2013 NSF.<\/li>\n<\/ul>\n<h4 class=\"h4\">CARACTER\u00cdSTICAS T\u00c9CNICAS<\/h4>\n<div class=\"table-area\">\n<div class=\"table-holder exp3\">\n<table style=\"height: 514px;\" width=\"775\">\n<tbody>\n<tr>\n<td class=\"col1\"><\/td>\n<td class=\"col2\">MVS45 X\nBarra frontal<\/td>\n<td class=\"col2\">MVS45 X 2\nBarras Laterales<\/td>\n<\/tr>\n<tr class=\"even\">\n<td class=\"col1\">Alimentaci\u00f3n el\u00e9ctrica<\/td>\n<td class=\"col2\">120V 60Hz 1Ph\n230V 50\/60Hz 1Ph<\/td>\n<td class=\"col2\">120V 60Hz 1Ph\n230V 50\/60Hz 1Ph<\/td>\n<\/tr>\n<tr>\n<td class=\"col1\">Potencia m\u00e1x. instalada<\/td>\n<td class=\"col2\">1,4 (120V)\n1,1 (230V)<\/td>\n<td class=\"col2\">2,0 (120V)\n2,0 (230V)<\/td>\n<\/tr>\n<tr class=\"even\">\n<td class=\"col1\">Corriente m\u00e1xima<\/td>\n<td class=\"col2\">13 (120V)\n6 (230V)<\/td>\n<td class=\"col2\">17 (120V)\n9 (230V)<\/td>\n<\/tr>\n<tr>\n<td class=\"col1\">Dimensiones barras soldadoras<\/td>\n<td class=\"col2\">450 mm<\/td>\n<td class=\"col2\">450 mm<\/td>\n<\/tr>\n<tr class=\"even\">\n<td class=\"col1\">Ciclo de envasado\n(Vac\u00edo 99,9%)<\/td>\n<td class=\"col2\">Vac\u00edo= 24 s\nIntroducci\u00f3n aire= 8 s<\/td>\n<td class=\"col2\">Vac\u00edo= 24 s\nIntroducci\u00f3n aire= 8 s<\/td>\n<\/tr>\n<tr>\n<td class=\"col1\">Bomba vac\u00edo<\/td>\n<td class=\"col2\">20 mc<\/td>\n<td class=\"col2\">20 mc<\/td>\n<\/tr>\n<tr class=\"even\">\n<td class=\"col1\">Dimensiones m\u00e1quina\n(tapa abierta)<\/td>\n<td class=\"col2\">544x649x750 mm<\/td>\n<td class=\"col2\">544x649x750 mm<\/td>\n<\/tr>\n<tr>\n<td class=\"col1\">Dimensiones m\u00e1quina\n(tapa cerrada)<\/td>\n<td class=\"col2\">544x649x490 mm<\/td>\n<td class=\"col2\">544x649x490 mm<\/td>\n<\/tr>\n<tr class=\"even\">\n<td class=\"col1\">Peso m\u00e1quina (Neto\/Bruto)<\/td>\n<td class=\"col2\">78\/87 kg<\/td>\n<td class=\"col2\">78\/87 kg<\/td>\n<\/tr>\n<tr>\n<td class=\"col1\">Dimensiones \u00fatiles c\u00e1mara\n(Cuba+tapa)<\/td>\n<td class=\"col2\">466&#215;405,5&#215;226 mm<\/td>\n<td class=\"col2\">351x466x226 mm<\/td>\n<\/tr>\n<\/tbody>\n<\/table>\n<\/div>\n<\/div><\/div>\n\t\t\t\t<\/div>\n\t\t\t\t<\/div>\n\t\t\t\t\t<\/div>\n\t\t<\/div>\n\t\t\t\t\t\t\t<\/div>\n\t\t<\/section>\n\t\t\t\t\t\t<\/div>\n\t\t\t\t\t<\/div>\n\t\t","protected":false},"excerpt":{"rendered":"<h4 class=\"h5\">ENVASADO AL VAC\u00cdO DE BANCO &#8211; BARRA SELLADORA 450 MM<\/h4>\n<p>M\u00c1QUINAS DE ENVASADO AL VAC\u00cdO DE MESA<\/p>\n<h3 class=\"sotto-titolo\">MVS45 X<\/h3>\n<div class=\"page-text\">\n<p>La l\u00ednea\u00a0<strong>MVS X<\/strong><strong>\u00a0<\/strong>posee contenidos tecnol\u00f3gicos y funcionales de alt\u00edsima calidad, pero conserva la m\u00e1xima simplicidad de uso.<\/p>\n<p>La colaboraci\u00f3n con importantes chefs durante la fase de realizaci\u00f3n y dise\u00f1o de la pantalla nos ha permitido enriquecer las funciones ofrecidas por el panel de mandos, teniendo en cuenta las exigencias espec\u00edficas de los usuarios profesionales.<\/p>\n<p>El teclado t\u00e1ctil (membran switch) es adhesivo y est\u00e1 pegado en la parte frontal de la carrocer\u00eda; esto impide la entrada de l\u00edquidos en la tarjeta. El panel de mando permite configurar hasta 10 programas personalizados<\/p>\n<p>La pantalla visualiza, con un mensaje adecuado, la necesidad de cambiar el aceite. El sensor electr\u00f3nico interpreta los datos directamente desde la tarjeta y lee el grado de vac\u00edo realizado dentro de la c\u00e1mara. Por \u00faltimo, es posible ajustar la m\u00e1quina para corregir posibles variaciones de presi\u00f3n atmosf\u00e9rica a distintas alturas.<\/p>\n<\/div>\n","protected":false},"featured_media":690,"template":"","meta":{"neve_meta_sidebar":"","neve_meta_container":"","neve_meta_enable_content_width":"off","neve_meta_content_width":100,"neve_meta_title_alignment":"","neve_meta_author_avatar":"","neve_post_elements_order":"","neve_meta_disable_header":"","neve_meta_disable_footer":"","neve_meta_disable_title":""},"class_list":["post-689","product","type-product","status-publish","has-post-thumbnail","hentry","product_cat-vacio"],"_links":{"self":[{"href":"https:\/\/sti.hn\/wp2\/wp-json\/wp\/v2\/product\/689","targetHints":{"allow":["GET"]}}],"collection":[{"href":"https:\/\/sti.hn\/wp2\/wp-json\/wp\/v2\/product"}],"about":[{"href":"https:\/\/sti.hn\/wp2\/wp-json\/wp\/v2\/types\/product"}],"version-history":[{"count":4,"href":"https:\/\/sti.hn\/wp2\/wp-json\/wp\/v2\/product\/689\/revisions"}],"predecessor-version":[{"id":2296,"href":"https:\/\/sti.hn\/wp2\/wp-json\/wp\/v2\/product\/689\/revisions\/2296"}],"wp:featuredmedia":[{"embeddable":true,"href":"https:\/\/sti.hn\/wp2\/wp-json\/wp\/v2\/media\/690"}],"wp:attachment":[{"href":"https:\/\/sti.hn\/wp2\/wp-json\/wp\/v2\/media?parent=689"}],"curies":[{"name":"wp","href":"https:\/\/api.w.org\/{rel}","templated":true}]}}