{"id":720,"date":"2021-11-12T00:03:40","date_gmt":"2021-11-12T00:03:40","guid":{"rendered":"https:\/\/sti.hn\/wp2\/?post_type=product&#038;p=720"},"modified":"2024-09-30T23:56:00","modified_gmt":"2024-09-30T23:56:00","slug":"maquina-para-freir-snack-kurkure-cheetos-niknak","status":"publish","type":"product","link":"https:\/\/sti.hn\/wp2\/producto\/maquina-para-freir-snack-kurkure-cheetos-niknak\/","title":{"rendered":"L\u00cdNEA PARA PRODUCIR SNACK, KURKURE, CHEETOS, NIKNAK FRITOS U HORNEADOS"},"content":{"rendered":"\t\t<div data-elementor-type=\"wp-post\" data-elementor-id=\"720\" class=\"elementor elementor-720\" data-elementor-settings=\"[]\">\n\t\t\t\t\t\t\t<div class=\"elementor-section-wrap\">\n\t\t\t\t\t\t\t<section class=\"elementor-section elementor-top-section elementor-element elementor-element-c9f7dd5 elementor-section-boxed elementor-section-height-default elementor-section-height-default\" data-id=\"c9f7dd5\" data-element_type=\"section\">\n\t\t\t\t\t\t<div class=\"elementor-container elementor-column-gap-default\">\n\t\t\t\t\t<div class=\"elementor-column elementor-col-100 elementor-top-column elementor-element elementor-element-26984da\" data-id=\"26984da\" data-element_type=\"column\">\n\t\t\t<div class=\"elementor-widget-wrap elementor-element-populated\">\n\t\t\t\t\t\t\t\t<div class=\"elementor-element elementor-element-1c4a5d6b elementor-widget elementor-widget-text-editor\" data-id=\"1c4a5d6b\" data-element_type=\"widget\" data-widget_type=\"text-editor.default\">\n\t\t\t\t<div class=\"elementor-widget-container\">\n\t\t\t\t\t<div class=\"elementor-text-editor elementor-clearfix\">Los snack Kurkure, Cheetos, Niknak son snack extra\u00eddos especiales, muy crujientes y sabrosos. Se hacen mediante el uso de la m\u00e1quina para fre\u00edr snack Kurkure, m\u00e1quina para fre\u00edr Cheetos y la m\u00e1quina para fre\u00edr Niknak. La s\u00e9mola de ma\u00edz se humedece en la mezcla de harina con agua y se alimenta a la maquina extrusora de alimentos con cabeza rotatoria. En la maquina extrusora, debido a las dos placas rotatorias hechas de bronce amarillo, los granos de ma\u00edz son exprimidos y retorcidos para dar forma de rizos. Los rizos pasan a trav\u00e9s de la matriz y son cortados por las cuchillas a la medida adecuada. El Kurkure, Cheetos, Niknak se fr\u00eden en aceite de cocina o se son tostados en el horno y luego son enfriados antes de ser sazonados. Se saz\u00f3n y roc\u00eda la superficie para mejorar el sabor. Por lo tanto, si desea producir alimentos fritos, por favor elija nuestra m\u00e1quina para fre\u00edr Kurkure, Cheetos, Niknak.\n\n<a href=\"https:\/\/sti.hn\/wp2\/wp-content\/uploads\/2021\/11\/fct.png\"><img loading=\"lazy\" decoding=\"async\" class=\"alignnone wp-image-725\" src=\"https:\/\/sti.hn\/wp2\/wp-content\/uploads\/2021\/11\/fct-300x255.png\" alt=\"\" width=\"596\" height=\"507\" srcset=\"https:\/\/sti.hn\/wp2\/wp-content\/uploads\/2021\/11\/fct-300x255.png 300w, https:\/\/sti.hn\/wp2\/wp-content\/uploads\/2021\/11\/fct-600x510.png 600w, https:\/\/sti.hn\/wp2\/wp-content\/uploads\/2021\/11\/fct.png 655w\" sizes=\"auto, (max-width: 596px) 100vw, 596px\" \/><\/a><\/div>\n\t\t\t\t<\/div>\n\t\t\t\t<\/div>\n\t\t\t\t\t<\/div>\n\t\t<\/div>\n\t\t\t\t\t\t\t<\/div>\n\t\t<\/section>\n\t\t\t\t\t\t<\/div>\n\t\t\t\t\t<\/div>\n\t\t","protected":false},"excerpt":{"rendered":"<p>M\u00e1quina para producir alimentos fritos. Nuestra m\u00e1quina de procesamiento posee cuatro ventajas. Tiene un alto rendimiento y una excelente calidad. Su vida \u00fatil es de larga duraci\u00f3n y su precio razonable. Debido a esto, nuestra m\u00e1quina para fre\u00edr snack Kurkure, Cheetos, Niknak, etc.,.<\/p>\n","protected":false},"featured_media":723,"template":"","meta":{"neve_meta_sidebar":"","neve_meta_container":"","neve_meta_enable_content_width":"off","neve_meta_content_width":100,"neve_meta_title_alignment":"","neve_meta_author_avatar":"","neve_post_elements_order":"","neve_meta_disable_header":"","neve_meta_disable_footer":"","neve_meta_disable_title":""},"class_list":["post-720","product","type-product","status-publish","has-post-thumbnail","hentry","product_cat-maquisnack"],"_links":{"self":[{"href":"https:\/\/sti.hn\/wp2\/wp-json\/wp\/v2\/product\/720","targetHints":{"allow":["GET"]}}],"collection":[{"href":"https:\/\/sti.hn\/wp2\/wp-json\/wp\/v2\/product"}],"about":[{"href":"https:\/\/sti.hn\/wp2\/wp-json\/wp\/v2\/types\/product"}],"version-history":[{"count":7,"href":"https:\/\/sti.hn\/wp2\/wp-json\/wp\/v2\/product\/720\/revisions"}],"predecessor-version":[{"id":2285,"href":"https:\/\/sti.hn\/wp2\/wp-json\/wp\/v2\/product\/720\/revisions\/2285"}],"wp:featuredmedia":[{"embeddable":true,"href":"https:\/\/sti.hn\/wp2\/wp-json\/wp\/v2\/media\/723"}],"wp:attachment":[{"href":"https:\/\/sti.hn\/wp2\/wp-json\/wp\/v2\/media?parent=720"}],"curies":[{"name":"wp","href":"https:\/\/api.w.org\/{rel}","templated":true}]}}