{"id":727,"date":"2021-11-12T00:26:52","date_gmt":"2021-11-12T00:26:52","guid":{"rendered":"https:\/\/sti.hn\/wp2\/?post_type=product&#038;p=727"},"modified":"2022-03-13T20:05:29","modified_gmt":"2022-03-13T20:05:29","slug":"maquina-para-producir-snack-inflado","status":"publish","type":"product","link":"https:\/\/sti.hn\/wp2\/producto\/maquina-para-producir-snack-inflado\/","title":{"rendered":"L\u00cdNEA PARA PRODUCIR SNACK INFLADO"},"content":{"rendered":"<p><a href=\"https:\/\/sti.hn\/wp2\/wp-content\/uploads\/2021\/11\/fct-1.png\"><img loading=\"lazy\" decoding=\"async\" class=\"alignnone wp-image-728\" src=\"https:\/\/sti.hn\/wp2\/wp-content\/uploads\/2021\/11\/fct-1-300x212.png\" alt=\"\" width=\"589\" height=\"416\" srcset=\"https:\/\/sti.hn\/wp2\/wp-content\/uploads\/2021\/11\/fct-1-300x212.png 300w, https:\/\/sti.hn\/wp2\/wp-content\/uploads\/2021\/11\/fct-1-600x424.png 600w, https:\/\/sti.hn\/wp2\/wp-content\/uploads\/2021\/11\/fct-1.png 653w\" sizes=\"auto, (max-width: 589px) 100vw, 589px\" \/><\/a><\/p>\n<p><a href=\"https:\/\/sti.hn\/wp2\/wp-content\/uploads\/2021\/11\/fct-2.png\"><img loading=\"lazy\" decoding=\"async\" class=\"alignnone wp-image-729\" src=\"https:\/\/sti.hn\/wp2\/wp-content\/uploads\/2021\/11\/fct-2-300x242.png\" alt=\"\" width=\"580\" height=\"468\" srcset=\"https:\/\/sti.hn\/wp2\/wp-content\/uploads\/2021\/11\/fct-2-300x242.png 300w, https:\/\/sti.hn\/wp2\/wp-content\/uploads\/2021\/11\/fct-2-600x483.png 600w, https:\/\/sti.hn\/wp2\/wp-content\/uploads\/2021\/11\/fct-2.png 657w\" sizes=\"auto, (max-width: 580px) 100vw, 580px\" \/><\/a><\/p>\n","protected":false},"excerpt":{"rendered":"<p>M\u00e1quina para producir snack inflado, Esta clase de equipo de procesamiento de alimentos es un nuevo tipo de l\u00ednea de maquina extrusora para alimentos procesados, el rendimiento y la calidad de los productos son igualmente avanzados a nivel mundial. Esta clase de m\u00e1quina para producir snack inflado terminara la mezcla, extrusi\u00f3n, corte, pulverizaci\u00f3n y producci\u00f3n en un solo paso de manera autom\u00e1tica. Viene en varios tipos y se puede configurar e forma flexible, tambi\u00e9n produce todo tipo de productos f\u00e1cilmente.<\/p>\n","protected":false},"featured_media":730,"template":"","meta":{"neve_meta_sidebar":"","neve_meta_container":"","neve_meta_enable_content_width":"off","neve_meta_content_width":100,"neve_meta_title_alignment":"","neve_meta_author_avatar":"","neve_post_elements_order":"","neve_meta_disable_header":"","neve_meta_disable_footer":"","neve_meta_disable_title":""},"class_list":["post-727","product","type-product","status-publish","has-post-thumbnail","hentry","product_cat-maquisnack"],"_links":{"self":[{"href":"https:\/\/sti.hn\/wp2\/wp-json\/wp\/v2\/product\/727","targetHints":{"allow":["GET"]}}],"collection":[{"href":"https:\/\/sti.hn\/wp2\/wp-json\/wp\/v2\/product"}],"about":[{"href":"https:\/\/sti.hn\/wp2\/wp-json\/wp\/v2\/types\/product"}],"version-history":[{"count":5,"href":"https:\/\/sti.hn\/wp2\/wp-json\/wp\/v2\/product\/727\/revisions"}],"predecessor-version":[{"id":1379,"href":"https:\/\/sti.hn\/wp2\/wp-json\/wp\/v2\/product\/727\/revisions\/1379"}],"wp:featuredmedia":[{"embeddable":true,"href":"https:\/\/sti.hn\/wp2\/wp-json\/wp\/v2\/media\/730"}],"wp:attachment":[{"href":"https:\/\/sti.hn\/wp2\/wp-json\/wp\/v2\/media?parent=727"}],"curies":[{"name":"wp","href":"https:\/\/api.w.org\/{rel}","templated":true}]}}