{"id":761,"date":"2021-11-12T22:03:18","date_gmt":"2021-11-12T22:03:18","guid":{"rendered":"https:\/\/sti.hn\/wp2\/?post_type=product&#038;p=761"},"modified":"2021-11-12T23:42:22","modified_gmt":"2021-11-12T23:42:22","slug":"retractil-manual-tr-7","status":"publish","type":"product","link":"https:\/\/sti.hn\/wp2\/producto\/retractil-manual-tr-7\/","title":{"rendered":"Retractil Manual TR 7"},"content":{"rendered":"<div class=\"fl-module fl-module-heading fl-node-5e4a62553b531\" data-node=\"5e4a62553b531\">\n<div class=\"fl-module-content fl-node-content\">\n<h3 class=\"fl-heading\"><span class=\"fl-heading-text\">Datos t\u00e9cnicos<\/span><\/h3>\n<\/div>\n<\/div>\n<div class=\"fl-module fl-module-rich-text fl-node-5e4a62553b0bf\" data-node=\"5e4a62553b0bf\">\n<div class=\"fl-module-content fl-node-content\">\n<div class=\"fl-rich-text\">\n<ul>\n<li><strong>Dimensiones exteriores:<\/strong>\u00a0840 x 900 x 1450 mm<\/li>\n<li><strong>Dimensiones interiores plataforma:<\/strong>\u00a0580 x 440mm<\/li>\n<li><strong>Profundidad m\u00e1xima de inmersi\u00f3n:<\/strong>\u00a0280mm<\/li>\n<li><strong>Potencia:<\/strong>11Kw<\/li>\n<li><strong>Conexi\u00f3n el\u00e9ctrica:<\/strong>\u00a0380V 3F (220V)<\/li>\n<li><strong>Conexi\u00f3n neum\u00e1tica:<\/strong>\u00a06-8 Bar<\/li>\n<\/ul>\n<div class=\"fl-module fl-module-heading fl-node-5e4a62553b354\" data-node=\"5e4a62553b354\">\n<div class=\"fl-module-content fl-node-content\">\n<h3 class=\"fl-heading\"><span class=\"fl-heading-text\">Caracter\u00edsticas<\/span><\/h3>\n<\/div>\n<\/div>\n<div class=\"fl-module fl-module-rich-text fl-node-5e4a62553b5a8\" data-node=\"5e4a62553b5a8\">\n<div class=\"fl-module-content fl-node-content\">\n<div class=\"fl-rich-text\">\n<ul>\n<li>Construcci\u00f3n s\u00f3lida y extra\u00a0robusta en acero inox.<\/li>\n<li>Programaci\u00f3n ajustable de la temperatura del agua.<\/li>\n<li>M\u00e1quina de operativa sencilla, accionando el pulsador realiza la inmersi\u00f3n autom\u00e1tica de los productos en el agua.<\/li>\n<li>Llenado de agua directo a la cuba, vaciado mediante grifo lateral.<\/li>\n<li>M\u00ednimo mantenimiento.<\/li>\n<li>Requiere conexi\u00f3n neum\u00e1tica para tubo 8mm (6-8 Bar).<\/li>\n<\/ul>\n<\/div>\n<\/div>\n<\/div>\n<div class=\"fl-module fl-module-heading fl-node-5e4a62553b318\" data-node=\"5e4a62553b318\">\n<div class=\"fl-module-content fl-node-content\">\n<h3 class=\"fl-heading\"><span class=\"fl-heading-text\">Opciones<\/span><\/h3>\n<\/div>\n<\/div>\n<div class=\"fl-module fl-module-rich-text fl-node-5e4a62553b0fa\" data-node=\"5e4a62553b0fa\">\n<div class=\"fl-module-content fl-node-content\">\n<div class=\"fl-rich-text\">\n<ul>\n<li>Pies de soporte regulables en altura<\/li>\n<li>Tejadillo superior para extracci\u00f3n de vapor<\/li>\n<li>Mesas soporte laterales inox<\/li>\n<\/ul>\n<\/div>\n<\/div>\n<\/div>\n<\/div>\n<\/div>\n<\/div>\n","protected":false},"excerpt":{"rendered":"<p>Construcci\u00f3n s\u00f3lida y extra robusta en acero inox. Programaci\u00f3n ajustable de la temperatura del agua. M\u00e1quina de operativa sencilla; accionando el pulsador realiza la inmersi\u00f3n autom\u00e1tica de los productos en el agua.<\/p>\n<p>Tiempo de inmersi\u00f3n programable. Llenado de agua directo en la cisterna, vaciado mediante grifo lateral. Patas de apoyo regulables en altura. Mantenimiento m\u00ednimo.<\/p>\n","protected":false},"featured_media":762,"template":"","meta":{"neve_meta_sidebar":"","neve_meta_container":"","neve_meta_enable_content_width":"off","neve_meta_content_width":100,"neve_meta_title_alignment":"","neve_meta_author_avatar":"","neve_post_elements_order":"","neve_meta_disable_header":"","neve_meta_disable_footer":"","neve_meta_disable_title":""},"class_list":["post-761","product","type-product","status-publish","has-post-thumbnail","hentry","product_cat-retma"],"_links":{"self":[{"href":"https:\/\/sti.hn\/wp2\/wp-json\/wp\/v2\/product\/761","targetHints":{"allow":["GET"]}}],"collection":[{"href":"https:\/\/sti.hn\/wp2\/wp-json\/wp\/v2\/product"}],"about":[{"href":"https:\/\/sti.hn\/wp2\/wp-json\/wp\/v2\/types\/product"}],"version-history":[{"count":2,"href":"https:\/\/sti.hn\/wp2\/wp-json\/wp\/v2\/product\/761\/revisions"}],"predecessor-version":[{"id":777,"href":"https:\/\/sti.hn\/wp2\/wp-json\/wp\/v2\/product\/761\/revisions\/777"}],"wp:featuredmedia":[{"embeddable":true,"href":"https:\/\/sti.hn\/wp2\/wp-json\/wp\/v2\/media\/762"}],"wp:attachment":[{"href":"https:\/\/sti.hn\/wp2\/wp-json\/wp\/v2\/media?parent=761"}],"curies":[{"name":"wp","href":"https:\/\/api.w.org\/{rel}","templated":true}]}}