{"id":808,"date":"2021-11-15T12:14:03","date_gmt":"2021-11-15T12:14:03","guid":{"rendered":"https:\/\/sti.hn\/wp2\/?post_type=product&#038;p=808"},"modified":"2021-11-15T12:14:04","modified_gmt":"2021-11-15T12:14:04","slug":"fm77a-evo-a","status":"publish","type":"product","link":"https:\/\/sti.hn\/wp2\/producto\/fm77a-evo-a\/","title":{"rendered":"FM77A EVO-A"},"content":{"rendered":"<p><strong>CARACTER\u00cdSTICAS T\u00c9CNICAS:<\/strong><\/p>\n<div id=\"punto-11060\" class=\"slide\">\n<ul>\n<li>Posibilidad de ciclo de trabajo \u00abAutom\u00e1tico\u00bb (pulsando el bot\u00f3n de marcha se efect\u00faan ciclos en secuencia, interrumpidos por intervalos de pausa programados) y de ciclo de trabajo \u00abManual\u00bb (pulsando el bot\u00f3n de marcha se efect\u00faa s\u00f3lo un ciclo de empaquetado)<\/li>\n<li>Campana motorizada y cinta de expulsi\u00f3n de producto<\/li>\n<li>Interfaz frontal de mandos: programaci\u00f3n intuitiva<\/li>\n<li><strong>Enfriamiento<\/strong>\u00a0de barras soldadoras<strong>:<\/strong>\u00a0aumento de la productividad y mejoramiento de la soldadura<\/li>\n<li>Fijaci\u00f3n innovadora de la campana superior: mantenimiento simplificado<\/li>\n<li>Control de seguridad de las hojas soldadoras: mayor seguridad de la m\u00e1quina<\/li>\n<li>Soporte con incremento del di\u00e1metro de la bobina (250mm)<\/li>\n<li>Plano de embalaje independiente del soporte de la bobina: adecuado para envasar adem\u00e1s, productos muy peque\u00f1os con la misma bobina de pel\u00edcula<\/li>\n<li>Microperforador innovador: perforaci\u00f3n continua y optimizada<\/li>\n<li>Pantalla doble: con 2 d\u00edgitos para programas y configuraciones y 4 d\u00edgitos para contador de piezas<\/li>\n<li>Panel de mandos digital f\u00e1cil de usar con 6 programas memorizables<\/li>\n<li>Cuentapiezas incluido: dotaci\u00f3n m\u00e1s completa<\/li>\n<li>Acceso tarjeta con compuerta frontal<\/li>\n<li>Plano reticular alargado: protecci\u00f3n paleta de apertura del pulm\u00f3n<\/li>\n<li>Motor del ventilador potenciado: ejecuci\u00f3n de retracci\u00f3n superior<\/li>\n<li>Termostato adicional de seguridad, colocado directamente en la resistencia del pulm\u00f3n de calor: m\u00e1quina m\u00e1s segura<\/li>\n<li>Perfil porta goma de neopreno con ausencia total de cola<\/li>\n<li>Sistema de seguridad de la campana: mayor seguridad para el operador<\/li>\n<\/ul>\n<\/div>\n","protected":false},"excerpt":{"rendered":"<h4 class=\"h5\">TERMORRETR\u00c1CTIL AUTOM\u00c1TICA &#8211; BARRA DE SOLDADURA 540X390 MM<\/h4>\n<p class=\"h5\">PANTALLA ELECTR\u00d3NICA ESPEC\u00cdFICA &#8211; PANTALLA DOBLE<\/p>\n<p class=\"sotto-titolo\"><span style=\"font-size: 16px;\">La hist\u00f3rica FM77A se renueva combinando fiabilidad y facilidad de uso.<\/span><\/p>\n<div class=\"page-text\">\n<p>Gracias a una pantalla electr\u00f3nica espec\u00edfica con interfaz y cuadro electromec\u00e1nico garantizamos fiabilidad, seguridad, velocidad y disponibilidad de las piezas de repuesto.<\/p>\n<\/div>\n","protected":false},"featured_media":809,"template":"","meta":{"neve_meta_sidebar":"","neve_meta_container":"","neve_meta_enable_content_width":"off","neve_meta_content_width":100,"neve_meta_title_alignment":"","neve_meta_author_avatar":"","neve_post_elements_order":"","neve_meta_disable_header":"","neve_meta_disable_footer":"","neve_meta_disable_title":""},"class_list":["post-808","product","type-product","status-publish","has-post-thumbnail","hentry","product_cat-termcam"],"_links":{"self":[{"href":"https:\/\/sti.hn\/wp2\/wp-json\/wp\/v2\/product\/808","targetHints":{"allow":["GET"]}}],"collection":[{"href":"https:\/\/sti.hn\/wp2\/wp-json\/wp\/v2\/product"}],"about":[{"href":"https:\/\/sti.hn\/wp2\/wp-json\/wp\/v2\/types\/product"}],"version-history":[{"count":1,"href":"https:\/\/sti.hn\/wp2\/wp-json\/wp\/v2\/product\/808\/revisions"}],"predecessor-version":[{"id":811,"href":"https:\/\/sti.hn\/wp2\/wp-json\/wp\/v2\/product\/808\/revisions\/811"}],"wp:featuredmedia":[{"embeddable":true,"href":"https:\/\/sti.hn\/wp2\/wp-json\/wp\/v2\/media\/809"}],"wp:attachment":[{"href":"https:\/\/sti.hn\/wp2\/wp-json\/wp\/v2\/media?parent=808"}],"curies":[{"name":"wp","href":"https:\/\/api.w.org\/{rel}","templated":true}]}}